{"id":2749,"date":"2025-12-04T15:29:43","date_gmt":"2025-12-04T15:29:43","guid":{"rendered":"https:\/\/arts-rites.vkusko.com\/?page_id=2749"},"modified":"2026-04-02T09:05:40","modified_gmt":"2026-04-02T09:05:40","slug":"about","status":"publish","type":"page","link":"https:\/\/oltaria.com\/de\/about\/","title":{"rendered":"Biliana Nahual About me"},"content":{"rendered":"<div data-elementor-type=\"wp-page\" data-elementor-id=\"2749\" class=\"elementor elementor-2749\">\n\t\t\t\t<div class=\"elementor-element elementor-element-423d0963 e-con-full e-flex e-con e-parent\" data-id=\"423d0963\" data-element_type=\"container\" data-e-type=\"container\" data-settings=\"{&quot;background_background&quot;:&quot;classic&quot;}\">\n\t\t<div class=\"elementor-element elementor-element-7fdbd911 e-flex e-con-boxed e-con e-child\" data-id=\"7fdbd911\" data-element_type=\"container\" data-e-type=\"container\">\n\t\t\t\t\t<div class=\"e-con-inner\">\n\t\t\t\t<div class=\"elementor-element elementor-element-2362938 elementor-widget elementor-widget-image\" data-id=\"2362938\" data-element_type=\"widget\" data-e-type=\"widget\" data-widget_type=\"image.default\">\n\t\t\t\t<div class=\"elementor-widget-container\">\n\t\t\t\t\t\t\t\t\t\t\t\t\t\t\t<img fetchpriority=\"high\" decoding=\"async\" width=\"1608\" height=\"1571\" src=\"https:\/\/oltaria.com\/wp-content\/uploads\/2026\/02\/oltaria2.png\" class=\"attachment-full size-full wp-image-4870\" alt=\"Oltaria(2)\" srcset=\"https:\/\/oltaria.com\/wp-content\/uploads\/2026\/02\/oltaria2.png 1608w, https:\/\/oltaria.com\/wp-content\/uploads\/2026\/02\/oltaria2-600x586.png 600w, https:\/\/oltaria.com\/wp-content\/uploads\/2026\/02\/oltaria2-300x293.png 300w, https:\/\/oltaria.com\/wp-content\/uploads\/2026\/02\/oltaria2-1024x1000.png 1024w, https:\/\/oltaria.com\/wp-content\/uploads\/2026\/02\/oltaria2-768x750.png 768w, https:\/\/oltaria.com\/wp-content\/uploads\/2026\/02\/oltaria2-1536x1501.png 1536w\" sizes=\"(max-width: 1608px) 100vw, 1608px\" title=\"\">\t\t\t\t\t\t\t\t\t\t\t\t\t\t\t<\/div>\n\t\t\t\t<\/div>\n\t\t\t\t<div class=\"elementor-element elementor-element-47705e8 elementor-widget elementor-widget-heading\" data-id=\"47705e8\" data-element_type=\"widget\" data-e-type=\"widget\" data-widget_type=\"heading.default\">\n\t\t\t\t<div class=\"elementor-widget-container\">\n\t\t\t\t\t<h2 class=\"elementor-heading-title elementor-size-default\">Oltaria<\/h2>\t\t\t\t<\/div>\n\t\t\t\t<\/div>\n\t\t\t\t<div class=\"elementor-element elementor-element-d380af9 elementor-widget elementor-widget-heading\" data-id=\"d380af9\" data-element_type=\"widget\" data-e-type=\"widget\" data-widget_type=\"heading.default\">\n\t\t\t\t<div class=\"elementor-widget-container\">\n\t\t\t\t\t<h2 class=\"elementor-heading-title elementor-size-default\">Zufluchtsort f\u00fcr Ihr Wesen<\/h2>\t\t\t\t<\/div>\n\t\t\t\t<\/div>\n\t\t\t\t<div class=\"elementor-element elementor-element-fd2b4ea elementor-widget elementor-widget-shortcode\" data-id=\"fd2b4ea\" data-element_type=\"widget\" data-e-type=\"widget\" data-widget_type=\"shortcode.default\">\n\t\t\t\t<div class=\"elementor-widget-container\">\n\t\t\t\t\t\t\t<div class=\"elementor-shortcode\"><nav aria-label=\"Semmelbr\u00f6sel\" class=\"rank-math-breadcrumb\"><p><span class=\"last\">Startseite<\/span><\/p><\/nav><\/div>\n\t\t\t\t\t\t<\/div>\n\t\t\t\t<\/div>\n\t\t\t\t\t<\/div>\n\t\t\t\t<\/div>\n\t\t\t\t<\/div>\n\t\t<div class=\"elementor-element elementor-element-43975a29 e-flex e-con-boxed e-con e-parent\" data-id=\"43975a29\" data-element_type=\"container\" data-e-type=\"container\" data-settings=\"{&quot;background_background&quot;:&quot;classic&quot;}\">\n\t\t\t\t\t<div class=\"e-con-inner\">\n\t\t<div class=\"elementor-element elementor-element-56412419 e-con-full e-flex e-con e-child\" data-id=\"56412419\" data-element_type=\"container\" data-e-type=\"container\">\n\t\t\t\t<div class=\"elementor-element elementor-element-633baefc elementor-widget elementor-widget-image\" data-id=\"633baefc\" data-element_type=\"widget\" data-e-type=\"widget\" data-widget_type=\"image.default\">\n\t\t\t\t<div class=\"elementor-widget-container\">\n\t\t\t\t\t\t\t\t\t\t\t\t\t\t\t<img decoding=\"async\" width=\"600\" height=\"830\" src=\"https:\/\/oltaria.com\/wp-content\/uploads\/2025\/11\/billiana-nahual.jpg\" class=\"attachment-large size-large wp-image-2647\" alt=\"billiana nahual\" srcset=\"https:\/\/oltaria.com\/wp-content\/uploads\/2025\/11\/billiana-nahual.jpg 600w, https:\/\/oltaria.com\/wp-content\/uploads\/2025\/11\/billiana-nahual-217x300.jpg 217w\" sizes=\"(max-width: 600px) 100vw, 600px\" title=\"\">\t\t\t\t\t\t\t\t\t\t\t\t\t\t\t<\/div>\n\t\t\t\t<\/div>\n\t\t\t\t<\/div>\n\t\t<div class=\"elementor-element elementor-element-606cb673 e-con-full e-flex e-con e-child\" data-id=\"606cb673\" data-element_type=\"container\" data-e-type=\"container\">\n\t\t\t\t<div class=\"elementor-element elementor-element-2f6ab3a elementor-widget elementor-widget-heading\" data-id=\"2f6ab3a\" data-element_type=\"widget\" data-e-type=\"widget\" data-widget_type=\"heading.default\">\n\t\t\t\t<div class=\"elementor-widget-container\">\n\t\t\t\t\t<h3 class=\"elementor-heading-title elementor-size-default\">\u00dcBER MICH<\/h3>\t\t\t\t<\/div>\n\t\t\t\t<\/div>\n\t\t\t\t<div class=\"elementor-element elementor-element-32b93e9 elementor-widget elementor-widget-text-editor\" data-id=\"32b93e9\" data-element_type=\"widget\" data-e-type=\"widget\" data-widget_type=\"text-editor.default\">\n\t\t\t\t<div class=\"elementor-widget-container\">\n\t\t\t\t\t\t\t\t\t<p data-start=\"1650\" data-end=\"1681\"><strong data-start=\"1650\" data-end=\"1681\">Hallo, ich bin Biliana Nahual.<\/strong><\/p><p data-start=\"1683\" data-end=\"2052\">Meine Arbeit entfaltet sich dort, wo das Ahnenhafte, das Symbolische und die lebendige Welt aufeinandertreffen, und unterst\u00fctzt Wege der Selbsterkenntnis, Integration und Heilung. Durch Kreativit\u00e4t, Rituale und verschiedene ganzheitliche Traditionen begleite ich Menschen dabei, sich wieder mit Tr\u00e4umen, Intuition und den inneren Landschaften zu verbinden, die neue Perspektiven f\u00fcr Transformation und eine erneuerte Beziehung zum Leben er\u00f6ffnen.<\/p><p data-start=\"2054\" data-end=\"2346\">Ich arbeite als <strong data-start=\"2066\" data-end=\"2114\">Moderatorin von Ritualen und kreativen Prozessen<\/strong>, Ich sch\u00f6pfe aus der Weisheit der Vorfahren und der Tradition und bleibe gleichzeitig in der verk\u00f6rperten, erdgebundenen Praxis verankert. Ich bin auch ein <strong data-start=\"2235\" data-end=\"2289\">Kunsttherapeutin, Lehrerin f\u00fcr expressive K\u00fcnste und K\u00fcnstlerin<\/strong>, und integriert dabei somatische, symbolische und kreative Ans\u00e4tze.<\/p><p data-start=\"2348\" data-end=\"2644\">Meine Arbeit unterst\u00fctzt die pers\u00f6nliche und kollektive Heilung, wobei ich mich besonders auf Lebens\u00fcberg\u00e4nge, Grenzzust\u00e4nde und Passagen konzentriere - was ich als <strong data-start=\"2486\" data-end=\"2505\">Seelenschwellen<\/strong>. Verwurzelt in einer animistischen Weltanschauung, arbeite ich in Beziehung zur nat\u00fcrlichen Welt und pflege den Dialog zwischen inneren und \u00e4u\u00dferen Landschaften.<\/p>\t\t\t\t\t\t\t\t<\/div>\n\t\t\t\t<\/div>\n\t\t\t\t<\/div>\n\t\t\t\t\t<\/div>\n\t\t\t\t<\/div>\n\t\t\t\t<section class=\"elementor-section elementor-top-section elementor-element elementor-element-4260b446 elementor-section-full_width elementor-section-content-middle elementor-section-height-default elementor-section-height-default\" data-id=\"4260b446\" data-element_type=\"section\" data-e-type=\"section\" data-settings=\"{&quot;background_background&quot;:&quot;classic&quot;}\">\n\t\t\t\t\t\t<div class=\"elementor-container elementor-column-gap-default\">\n\t\t\t\t\t<div class=\"elementor-column elementor-col-50 elementor-top-column elementor-element elementor-element-40e1b501\" data-id=\"40e1b501\" data-element_type=\"column\" data-e-type=\"column\">\n\t\t\t<div class=\"elementor-widget-wrap elementor-element-populated\">\n\t\t\t\t\t\t<div class=\"elementor-element elementor-element-4db1b38 elementor-widget elementor-widget-toggle\" data-id=\"4db1b38\" data-element_type=\"widget\" data-e-type=\"widget\" data-widget_type=\"toggle.default\">\n\t\t\t\t<div class=\"elementor-widget-container\">\n\t\t\t\t\t\t\t<div class=\"elementor-toggle\">\n\t\t\t\t\t\t\t<div class=\"elementor-toggle-item\">\n\t\t\t\t\t<div id=\"elementor-tab-title-8141\" class=\"elementor-tab-title\" data-tab=\"1\" role=\"button\" aria-controls=\"elementor-tab-content-8141\" aria-expanded=\"false\">\n\t\t\t\t\t\t\t\t\t\t\t\t<span class=\"elementor-toggle-icon elementor-toggle-icon-left\" aria-hidden=\"true\">\n\t\t\t\t\t\t\t\t\t\t\t\t\t\t\t<span class=\"elementor-toggle-icon-closed\"><i class=\"fas fa-caret-right\"><\/i><\/span>\n\t\t\t\t\t\t\t\t<span class=\"elementor-toggle-icon-opened\"><i class=\"elementor-toggle-icon-opened fas fa-caret-up\"><\/i><\/span>\n\t\t\t\t\t\t\t\t\t\t\t\t\t<\/span>\n\t\t\t\t\t\t\t\t\t\t\t\t<a class=\"elementor-toggle-title\" tabindex=\"0\">Ausbildung, Praxis und Abstammung<\/a>\n\t\t\t\t\t<\/div>\n\n\t\t\t\t\t<div id=\"elementor-tab-content-8141\" class=\"elementor-tab-content elementor-clearfix\" data-tab=\"1\" role=\"region\" aria-labelledby=\"elementor-tab-title-8141\"><p><strong data-start=\"408\" data-end=\"440\"><br \/>K\u00f6rperarbeit und somatische Therapien<\/strong><\/p><ul><li><strong>\u00d6ko-somatische und k\u00f6rperorientierte Praktiken <\/strong>mit Maria Kiekari\/ Dr. Azra Bertrand<\/li><li><strong>Atemarbeit<\/strong> \/3. Ausbildungsstufe mit Transformationsatem<strong class=\"Yjhzub\">\u00ae<\/strong>, Italien<\/li><li><strong>Shiatsu<\/strong> Praktiker (Europ\u00e4ischer Shiatsu-Verband)<\/li><li data-start=\"499\" data-end=\"582\"><strong data-start=\"531\" data-end=\"555\">Japanische Moxibustion<\/strong>\u00a0\/Laufende Studie<\/li><li data-start=\"499\" data-end=\"582\">Ausbildung in <strong>Ayurvedische Massagen Tibetische Massage<\/strong>, und energetische K\u00f6rperarbeit, sowie <strong>Heilendes Gef\u00fchl Ayurveda<\/strong> Massage (Matuk Guayuba).<\/li><\/ul><p><strong data-start=\"701\" data-end=\"743\">Kunst, Kreativit\u00e4t und expressive Praktiken<\/strong><\/p><ul><li data-start=\"746\" data-end=\"821\">M.A. in <strong data-start=\"765\" data-end=\"805\">Kunsttherapie f\u00fcr Gesundheit und Bildung<\/strong>, IATE, London<\/li><li data-start=\"824\" data-end=\"937\">B.A. <strong data-start=\"838\" data-end=\"862\">Akademie der Sch\u00f6nen K\u00fcnste<\/strong>, Florenz, Italien <em data-start=\"884\" data-end=\"935\">(Schwerpunkt: Symbole der sakralen Wissenschaft und Malerei)<\/em><\/li><li data-start=\"940\" data-end=\"1004\"><strong data-start=\"951\" data-end=\"980\">Malerei und Illustration<\/strong>, Luzern, Schweiz<\/li><li data-start=\"1007\" data-end=\"1073\"><strong data-start=\"1007\" data-end=\"1052\">Tibetische Miniaturmalerei und Meditation<\/strong>, Dharamsala, Indien<\/li><li data-start=\"1076\" data-end=\"1125\"><strong data-start=\"1076\" data-end=\"1105\">Mogul-Miniaturmalerei<\/strong>, Rajasthan, Indien<\/li><li data-start=\"1128\" data-end=\"1200\"><strong data-start=\"1128\" data-end=\"1146\">Farbdialog<\/strong>, Roberto Assagioli, Italien<\/li><\/ul><p><strong data-start=\"1211\" data-end=\"1253\">Traditionen der Ahnen, Rituale und Heilung<\/strong><\/p><ul><li data-start=\"1256\" data-end=\"1317\">Praktiker der <strong data-start=\"1272\" data-end=\"1301\">Heilen in der Ahnenreihe<\/strong> (Daniel Foor)<\/li><li data-start=\"1320\" data-end=\"1415\">Ausbildung in <strong data-start=\"1332\" data-end=\"1369\">medizinischer und zeremonieller Temazcal<\/strong> (Schwitzh\u00fctte), Traditionen in Zentralmexiko<\/li><li data-start=\"1418\" data-end=\"1519\">Langj\u00e4hriges Engagement f\u00fcr <strong data-start=\"1434\" data-end=\"1517\">uralte Heiltraditionen der indigenen V\u00f6lker Mittel- und S\u00fcdamerikas<\/strong><\/li><li data-start=\"1568\" data-end=\"1649\">Fortgeschrittenen-Diplom in <strong data-start=\"1588\" data-end=\"1609\">Geistige Heilung<\/strong>, Paracelsus Schule, Konstanz, Deutschland<\/li><li>Schulungen in Asien mit einem spirituellen und intuitiven Ansatz <em data-start=\"1714\" data-end=\"1760\">(Aurareinigung, Farbtherapie, Energiearbeit)<br \/><\/em><\/li><\/ul><p><strong data-start=\"1773\" data-end=\"1813\">Abstammung, Inspiration und fortlaufendes Studium<\/strong><\/p><ul><li data-start=\"1816\" data-end=\"1958\">Spirituelle Erdung durch die Lehren meines <strong data-start=\"1864\" data-end=\"1914\">Mutter, Gro\u00dfm\u00fctter, Vater und Gro\u00dfv\u00e4ter<\/strong>, und die Traditionen des bulgarischen Landes<\/li><li data-start=\"1961\" data-end=\"2009\">Beeinflusst von den Lehren der <strong data-start=\"1992\" data-end=\"2007\">Petar Dunov<\/strong><\/li><li data-start=\"2012\" data-end=\"2170\">Laufende Erkundung von <strong data-start=\"2035\" data-end=\"2057\">Vajrayana-Buddhismus<\/strong>, mit Inspiration durch <strong data-start=\"2081\" data-end=\"2112\">Kriya Yoga, Qi Gong, Taoismus<\/strong>, und die Heiltraditionen der <strong data-start=\"2144\" data-end=\"2168\">Mongolei und Sibirien<\/strong><\/li><li data-start=\"2173\" data-end=\"2228\">Langj\u00e4hriges Interesse an der <strong data-start=\"2202\" data-end=\"2226\">Geschichte der Religionen<\/strong><\/li><\/ul><\/div>\n\t\t\t\t<\/div>\n\t\t\t\t\t\t\t<div class=\"elementor-toggle-item\">\n\t\t\t\t\t<div id=\"elementor-tab-title-8142\" class=\"elementor-tab-title\" data-tab=\"2\" role=\"button\" aria-controls=\"elementor-tab-content-8142\" aria-expanded=\"false\">\n\t\t\t\t\t\t\t\t\t\t\t\t<span class=\"elementor-toggle-icon elementor-toggle-icon-left\" aria-hidden=\"true\">\n\t\t\t\t\t\t\t\t\t\t\t\t\t\t\t<span class=\"elementor-toggle-icon-closed\"><i class=\"fas fa-caret-right\"><\/i><\/span>\n\t\t\t\t\t\t\t\t<span class=\"elementor-toggle-icon-opened\"><i class=\"elementor-toggle-icon-opened fas fa-caret-up\"><\/i><\/span>\n\t\t\t\t\t\t\t\t\t\t\t\t\t<\/span>\n\t\t\t\t\t\t\t\t\t\t\t\t<a class=\"elementor-toggle-title\" tabindex=\"0\">\u00dcber Nahual <\/a>\n\t\t\t\t\t<\/div>\n\n\t\t\t\t\t<div id=\"elementor-tab-content-8142\" class=\"elementor-tab-content elementor-clearfix\" data-tab=\"2\" role=\"region\" aria-labelledby=\"elementor-tab-title-8142\"><p data-start=\"246\" data-end=\"586\"><strong data-start=\"246\" data-end=\"256\"><br \/>Nahual<\/strong> bezieht sich auf eine leitende und sch\u00fctzende Pr\u00e4senz, die eine Person durch Prozesse des Wachstums und der Transformation begleitet. Unter <strong data-start=\"382\" data-end=\"410\">Toltekische Weisheitstraditionen<\/strong>, Der Nahual wird als Schutzgeist verstanden, der mit dem Schicksal und der Lebensenergie eines Menschen verbunden ist und seine Art, mit dem Leben und der Natur in Beziehung zu treten, widerspiegelt.<\/p><p data-start=\"588\" data-end=\"998\">Innerhalb dieser Traditionen tr\u00e4gt das Nahual das Verst\u00e4ndnis von <strong data-start=\"653\" data-end=\"683\">Transformation als F\u00e4higkeit<\/strong> - die F\u00e4higkeit, sich anzupassen und zwischen verschiedenen Zust\u00e4nden zu wechseln, <strong data-start=\"732\" data-end=\"788\">feste Identit\u00e4ten oder einschr\u00e4nkende Muster zu \u00fcberwinden<\/strong>, und kreativ auf die Umst\u00e4nde des Lebens zu reagieren. Es geht darum, sich an die eigene Kraft zu erinnern, den Wandel absichtlich zu gestalten und dabei in sich selbst und in der Beziehung zur lebendigen Welt verankert zu bleiben.<\/p><p data-start=\"1000\" data-end=\"1190\">Mein Name <em data-start=\"1009\" data-end=\"1017\">Nahual<\/em> wurde in einer mexikanischen Initiationszeremonie in einem auf der Abstammung basierenden rituellen Raum empfangen.  Ich halte dieses Verst\u00e4ndnis, um andere in Zeiten der Not zu begleiten und Pr\u00e4senz, Anpassungsf\u00e4higkeit und bewusste Transformation in unserer gemeinsamen Arbeit zu unterst\u00fctzen.<\/p><\/div>\n\t\t\t\t<\/div>\n\t\t\t\t\t\t\t<div class=\"elementor-toggle-item\">\n\t\t\t\t\t<div id=\"elementor-tab-title-8143\" class=\"elementor-tab-title\" data-tab=\"3\" role=\"button\" aria-controls=\"elementor-tab-content-8143\" aria-expanded=\"false\">\n\t\t\t\t\t\t\t\t\t\t\t\t<span class=\"elementor-toggle-icon elementor-toggle-icon-left\" aria-hidden=\"true\">\n\t\t\t\t\t\t\t\t\t\t\t\t\t\t\t<span class=\"elementor-toggle-icon-closed\"><i class=\"fas fa-caret-right\"><\/i><\/span>\n\t\t\t\t\t\t\t\t<span class=\"elementor-toggle-icon-opened\"><i class=\"elementor-toggle-icon-opened fas fa-caret-up\"><\/i><\/span>\n\t\t\t\t\t\t\t\t\t\t\t\t\t<\/span>\n\t\t\t\t\t\t\t\t\t\t\t\t<a class=\"elementor-toggle-title\" tabindex=\"0\">Wie sich die Arbeit entfaltet...<\/a>\n\t\t\t\t\t<\/div>\n\n\t\t\t\t\t<div id=\"elementor-tab-content-8143\" class=\"elementor-tab-content elementor-clearfix\" data-tab=\"3\" role=\"region\" aria-labelledby=\"elementor-tab-title-8143\"><p data-start=\"243\" data-end=\"487\"><br \/>In meiner Arbeit verbinde ich Kunst, Rituale, die Weisheit der Vorfahren, Psychologie und \u00d6kologie in einem ganzheitlichen und verk\u00f6rperten Ansatz. Durch Kunsttherapie und Ausdruckskunst wird Kreativit\u00e4t zu einem Raum f\u00fcr emotionales Gleichgewicht, Reflexion und Selbsterkundung.<\/p><p data-start=\"489\" data-end=\"793\">\u00d6kosomatische Praktiken, K\u00f6rper- und Energiearbeit sowie intuitive Beratung und Begleitung unterst\u00fctzen Erdung, Regulierung und Integration. Ahnen- und Ritualpraktiken bieten M\u00f6glichkeiten, mit Erinnerung, Abstammung und \u00dcbergang zu arbeiten - damit alte Muster integriert werden und neue Seinsweisen entstehen k\u00f6nnen.<\/p><\/div>\n\t\t\t\t<\/div>\n\t\t\t\t\t\t\t<div class=\"elementor-toggle-item\">\n\t\t\t\t\t<div id=\"elementor-tab-title-8144\" class=\"elementor-tab-title\" data-tab=\"4\" role=\"button\" aria-controls=\"elementor-tab-content-8144\" aria-expanded=\"false\">\n\t\t\t\t\t\t\t\t\t\t\t\t<span class=\"elementor-toggle-icon elementor-toggle-icon-left\" aria-hidden=\"true\">\n\t\t\t\t\t\t\t\t\t\t\t\t\t\t\t<span class=\"elementor-toggle-icon-closed\"><i class=\"fas fa-caret-right\"><\/i><\/span>\n\t\t\t\t\t\t\t\t<span class=\"elementor-toggle-icon-opened\"><i class=\"elementor-toggle-icon-opened fas fa-caret-up\"><\/i><\/span>\n\t\t\t\t\t\t\t\t\t\t\t\t\t<\/span>\n\t\t\t\t\t\t\t\t\t\t\t\t<a class=\"elementor-toggle-title\" tabindex=\"0\">Mein Weg und meine Hingabe...<\/a>\n\t\t\t\t\t<\/div>\n\n\t\t\t\t\t<div id=\"elementor-tab-content-8144\" class=\"elementor-tab-content elementor-clearfix\" data-tab=\"4\" role=\"region\" aria-labelledby=\"elementor-tab-title-8144\"><p data-start=\"312\" data-end=\"627\"><strong data-start=\"312\" data-end=\"379\">Mein Weg f\u00fchrt verschiedene Wege zur Erforschung des inneren Lebens zusammen.<\/strong> Verwurzelt in einer animistischen Weltanschauung pflege ich eine lebendige Beziehung zur Natur, indem ich die sichtbare und die unsichtbare Dimension als miteinander verbundene Ausdrucksformen des Lebens verehre. Diese Beziehung pr\u00e4gt meine Arbeit, meine Beziehungen und die Art und Weise, wie ich der Welt begegne.<\/p><p data-start=\"629\" data-end=\"1153\"><strong>Ich widme mich der Wiederherstellung der Beziehung zwischen Mensch und Natur, indem ich mich auf die Weisheit der Vorfahren und traditionelle Praktiken aus verschiedenen Kulturen st\u00fctze.<\/strong> Ich strebe danach, Harmonie und Sch\u00f6nheit zu vermitteln, wo immer ich bin, und die Menschen zu inspirieren, die Sch\u00f6nheit des Lebens selbst zu erkennen. Natur, Kreativit\u00e4t und Vorstellungskraft bilden die Grundlage f\u00fcr meine Begleitung. Durch kreative Praxis findet das Symbolische Form und Bedeutung. Ich unterst\u00fctze Menschen dabei, sich durch ihre Beziehung zur Natur und zum Geist wieder mit ihren eigenen inneren Ressourcen zu verbinden.<\/p><p data-start=\"1155\" data-end=\"1481\">Meine rituelle Ausbildung und meine animistische Praxis beruhen auf den indigenen Heiltraditionen Mittel- und S\u00fcdamerikas sowie auf erdverbundenen Ritualen und Zeremonien der Transformation. Ich folge dem Pfad des Feuers - der Grundlage der Temazcal-Tradition und des medizinischen Feuers. Erg\u00e4nzt wird diese Arbeit durch \u00f6ko-somatische Ans\u00e4tze und orientalische K\u00f6rpertherapien.<\/p><p data-start=\"1483\" data-end=\"1931\">Reisen, Neugier und st\u00e4ndiger Wandel haben mein Verst\u00e4ndnis von Transformation als Lebensform gepr\u00e4gt. Es gibt kein Festhalten an festen Formen, da sie immer kommen und gehen, \u00e4hnlich wie die Wolken. Nach vielen tiefgreifenden und manchmal harten Ver\u00e4nderungen habe ich gelernt, der Kraft der Ver\u00e4nderung selbst als Konstante und Quelle der Erdung zu vertrauen. Ich begegne den Lektionen und Ver\u00e4nderungen des Lebens weiterhin mit Pr\u00e4senz, Demut und der Bereitschaft, mit anderen zu lernen.<\/p><\/div>\n\t\t\t\t<\/div>\n\t\t\t\t\t\t\t\t<\/div>\n\t\t\t\t\t\t<\/div>\n\t\t\t\t<\/div>\n\t\t\t\t\t<\/div>\n\t\t<\/div>\n\t\t\t\t<div class=\"elementor-column elementor-col-50 elementor-top-column elementor-element elementor-element-20c17011\" data-id=\"20c17011\" data-element_type=\"column\" data-e-type=\"column\" data-settings=\"{&quot;background_background&quot;:&quot;classic&quot;}\">\n\t\t\t<div class=\"elementor-widget-wrap\">\n\t\t\t\t\t<div class=\"elementor-background-overlay\"><\/div>\n\t\t\t\t\t\t\t<\/div>\n\t\t<\/div>\n\t\t\t\t\t<\/div>\n\t\t<\/section>\n\t\t\t\t<\/div>","protected":false},"excerpt":{"rendered":"<p>Oltaria sanctuary for your being ABOUT ME Hello, I am Biliana Nahual. My work unfolds where the ancestral, the symbolic, [&hellip;]<\/p>\n","protected":false},"author":1,"featured_media":3880,"parent":0,"menu_order":0,"comment_status":"closed","ping_status":"closed","template":"elementor_header_footer","meta":{"site-sidebar-layout":"no-sidebar","site-content-layout":"page-builder","ast-site-content-layout":"full-width-container","site-content-style":"default","site-sidebar-style":"default","ast-global-header-display":"","ast-banner-title-visibility":"","ast-main-header-display":"","ast-hfb-above-header-display":"","ast-hfb-below-header-display":"","ast-hfb-mobile-header-display":"","site-post-title":"disabled","ast-breadcrumbs-content":"","ast-featured-img":"disabled","footer-sml-layout":"","ast-disable-related-posts":"","theme-transparent-header-meta":"","adv-header-id-meta":"","stick-header-meta":"","header-above-stick-meta":"","header-main-stick-meta":"","header-below-stick-meta":"","astra-migrate-meta-layouts":"set","ast-page-background-enabled":"default","ast-page-background-meta":{"desktop":{"background-color":"","background-image":"","background-repeat":"repeat","background-position":"center center","background-size":"auto","background-attachment":"scroll","background-type":"","background-media":"","overlay-type":"","overlay-color":"","overlay-opacity":"","overlay-gradient":""},"tablet":{"background-color":"","background-image":"","background-repeat":"repeat","background-position":"center center","background-size":"auto","background-attachment":"scroll","background-type":"","background-media":"","overlay-type":"","overlay-color":"","overlay-opacity":"","overlay-gradient":""},"mobile":{"background-color":"","background-image":"","background-repeat":"repeat","background-position":"center center","background-size":"auto","background-attachment":"scroll","background-type":"","background-media":"","overlay-type":"","overlay-color":"","overlay-opacity":"","overlay-gradient":""}},"ast-content-background-meta":{"desktop":{"background-color":"var(--ast-global-color-5)","background-image":"","background-repeat":"repeat","background-position":"center center","background-size":"auto","background-attachment":"scroll","background-type":"","background-media":"","overlay-type":"","overlay-color":"","overlay-opacity":"","overlay-gradient":""},"tablet":{"background-color":"var(--ast-global-color-5)","background-image":"","background-repeat":"repeat","background-position":"center center","background-size":"auto","background-attachment":"scroll","background-type":"","background-media":"","overlay-type":"","overlay-color":"","overlay-opacity":"","overlay-gradient":""},"mobile":{"background-color":"var(--ast-global-color-5)","background-image":"","background-repeat":"repeat","background-position":"center center","background-size":"auto","background-attachment":"scroll","background-type":"","background-media":"","overlay-type":"","overlay-color":"","overlay-opacity":"","overlay-gradient":""}},"_glsr_average":0,"_glsr_ranking":0,"_glsr_reviews":0,"footnotes":""},"class_list":["post-2749","page","type-page","status-publish","has-post-thumbnail","hentry"],"jetpack_sharing_enabled":true,"_links":{"self":[{"href":"https:\/\/oltaria.com\/de\/wp-json\/wp\/v2\/pages\/2749","targetHints":{"allow":["GET"]}}],"collection":[{"href":"https:\/\/oltaria.com\/de\/wp-json\/wp\/v2\/pages"}],"about":[{"href":"https:\/\/oltaria.com\/de\/wp-json\/wp\/v2\/types\/page"}],"author":[{"embeddable":true,"href":"https:\/\/oltaria.com\/de\/wp-json\/wp\/v2\/users\/1"}],"replies":[{"embeddable":true,"href":"https:\/\/oltaria.com\/de\/wp-json\/wp\/v2\/comments?post=2749"}],"version-history":[{"count":209,"href":"https:\/\/oltaria.com\/de\/wp-json\/wp\/v2\/pages\/2749\/revisions"}],"predecessor-version":[{"id":5940,"href":"https:\/\/oltaria.com\/de\/wp-json\/wp\/v2\/pages\/2749\/revisions\/5940"}],"wp:featuredmedia":[{"embeddable":true,"href":"https:\/\/oltaria.com\/de\/wp-json\/wp\/v2\/media\/3880"}],"wp:attachment":[{"href":"https:\/\/oltaria.com\/de\/wp-json\/wp\/v2\/media?parent=2749"}],"curies":[{"name":"wp","href":"https:\/\/api.w.org\/{rel}","templated":true}]}}