{"id":3544,"date":"2026-01-06T10:21:27","date_gmt":"2026-01-06T10:21:27","guid":{"rendered":"https:\/\/arts-rites.vkusko.com\/?page_id=3544"},"modified":"2026-04-01T20:45:35","modified_gmt":"2026-04-01T20:45:35","slug":"earth-cycles-guidance","status":"publish","type":"page","link":"https:\/\/oltaria.com\/de\/ritual-earth-based-guidance\/earth-cycles-guidance\/","title":{"rendered":"Erdzyklen und saisonale F\u00fchrung"},"content":{"rendered":"<div data-elementor-type=\"wp-page\" data-elementor-id=\"3544\" class=\"elementor elementor-3544\">\n\t\t\t\t<div class=\"elementor-element elementor-element-45db395f e-con-full e-flex e-con e-parent\" data-id=\"45db395f\" data-element_type=\"container\" data-e-type=\"container\" data-settings=\"{&quot;background_background&quot;:&quot;classic&quot;}\">\n\t\t<div class=\"elementor-element elementor-element-40871f92 e-flex e-con-boxed e-con e-child\" data-id=\"40871f92\" data-element_type=\"container\" data-e-type=\"container\">\n\t\t\t\t\t<div class=\"e-con-inner\">\n\t\t\t\t<div class=\"elementor-element elementor-element-3295a53b elementor-widget elementor-widget-image\" data-id=\"3295a53b\" data-element_type=\"widget\" data-e-type=\"widget\" data-widget_type=\"image.default\">\n\t\t\t\t<div class=\"elementor-widget-container\">\n\t\t\t\t\t\t\t\t\t\t\t\t\t\t\t<img fetchpriority=\"high\" decoding=\"async\" width=\"1608\" height=\"1571\" src=\"https:\/\/oltaria.com\/wp-content\/uploads\/2026\/02\/oltaria2.png\" class=\"attachment-full size-full wp-image-4870\" alt=\"Oltaria(2)\" srcset=\"https:\/\/oltaria.com\/wp-content\/uploads\/2026\/02\/oltaria2.png 1608w, https:\/\/oltaria.com\/wp-content\/uploads\/2026\/02\/oltaria2-600x586.png 600w, https:\/\/oltaria.com\/wp-content\/uploads\/2026\/02\/oltaria2-300x293.png 300w, https:\/\/oltaria.com\/wp-content\/uploads\/2026\/02\/oltaria2-1024x1000.png 1024w, https:\/\/oltaria.com\/wp-content\/uploads\/2026\/02\/oltaria2-768x750.png 768w, https:\/\/oltaria.com\/wp-content\/uploads\/2026\/02\/oltaria2-1536x1501.png 1536w\" sizes=\"(max-width: 1608px) 100vw, 1608px\" title=\"\">\t\t\t\t\t\t\t\t\t\t\t\t\t\t\t<\/div>\n\t\t\t\t<\/div>\n\t\t\t\t<div class=\"elementor-element elementor-element-75b2152 elementor-widget elementor-widget-heading\" data-id=\"75b2152\" data-element_type=\"widget\" data-e-type=\"widget\" data-widget_type=\"heading.default\">\n\t\t\t\t<div class=\"elementor-widget-container\">\n\t\t\t\t\t<h2 class=\"elementor-heading-title elementor-size-default\">Oltaria<\/h2>\t\t\t\t<\/div>\n\t\t\t\t<\/div>\n\t\t\t\t<div class=\"elementor-element elementor-element-42c2021 elementor-widget elementor-widget-heading\" data-id=\"42c2021\" data-element_type=\"widget\" data-e-type=\"widget\" data-widget_type=\"heading.default\">\n\t\t\t\t<div class=\"elementor-widget-container\">\n\t\t\t\t\t<h2 class=\"elementor-heading-title elementor-size-default\">Zufluchtsort f\u00fcr Ihr Wesen<\/h2>\t\t\t\t<\/div>\n\t\t\t\t<\/div>\n\t\t\t\t<div class=\"elementor-element elementor-element-893b1eb elementor-widget elementor-widget-shortcode\" data-id=\"893b1eb\" data-element_type=\"widget\" data-e-type=\"widget\" data-widget_type=\"shortcode.default\">\n\t\t\t\t<div class=\"elementor-widget-container\">\n\t\t\t\t\t\t\t<div class=\"elementor-shortcode\"><nav aria-label=\"Semmelbr\u00f6sel\" class=\"rank-math-breadcrumb\"><p><span class=\"last\">Startseite<\/span><\/p><\/nav><\/div>\n\t\t\t\t\t\t<\/div>\n\t\t\t\t<\/div>\n\t\t\t\t\t<\/div>\n\t\t\t\t<\/div>\n\t\t\t\t<\/div>\n\t\t\t\t<section class=\"elementor-section elementor-top-section elementor-element elementor-element-2c6282bd elementor-section-boxed elementor-section-height-default elementor-section-height-default\" data-id=\"2c6282bd\" data-element_type=\"section\" data-e-type=\"section\">\n\t\t\t\t\t\t<div class=\"elementor-container elementor-column-gap-no\">\n\t\t\t\t\t<div class=\"elementor-column elementor-col-100 elementor-top-column elementor-element elementor-element-4322a2bc\" data-id=\"4322a2bc\" data-element_type=\"column\" data-e-type=\"column\">\n\t\t\t<div class=\"elementor-widget-wrap elementor-element-populated\">\n\t\t\t\t\t\t<div class=\"elementor-element elementor-element-31854570 elementor-widget elementor-widget-heading\" data-id=\"31854570\" data-element_type=\"widget\" data-e-type=\"widget\" data-widget_type=\"heading.default\">\n\t\t\t\t<div class=\"elementor-widget-container\">\n\t\t\t\t\t<h2 class=\"elementor-heading-title elementor-size-default\">Erdzyklus und jahreszeitliche Orientierung\n<\/h2>\t\t\t\t<\/div>\n\t\t\t\t<\/div>\n\t\t\t\t\t<\/div>\n\t\t<\/div>\n\t\t\t\t\t<\/div>\n\t\t<\/section>\n\t\t\t\t<section class=\"elementor-section elementor-top-section elementor-element elementor-element-6e16263 elementor-section-content-middle elementor-section-boxed elementor-section-height-default elementor-section-height-default\" data-id=\"6e16263\" data-element_type=\"section\" data-e-type=\"section\" data-settings=\"{&quot;background_background&quot;:&quot;classic&quot;}\">\n\t\t\t\t\t\t\t<div class=\"elementor-background-overlay\"><\/div>\n\t\t\t\t\t\t\t<div class=\"elementor-container elementor-column-gap-no\">\n\t\t\t\t\t<div class=\"elementor-column elementor-col-50 elementor-top-column elementor-element elementor-element-a448af4\" data-id=\"a448af4\" data-element_type=\"column\" data-e-type=\"column\">\n\t\t\t<div class=\"elementor-widget-wrap elementor-element-populated\">\n\t\t\t\t\t\t<div class=\"elementor-element elementor-element-06999f5 elementor-widget elementor-widget-text-editor\" data-id=\"06999f5\" data-element_type=\"widget\" data-e-type=\"widget\" data-widget_type=\"text-editor.default\">\n\t\t\t\t<div class=\"elementor-widget-container\">\n\t\t\t\t\t\t\t\t\t<p><strong>ERDZYKLEN &amp; JAHRESZEITLICHE LENKUNG<\/strong><\/p><p data-start=\"395\" data-end=\"714\">Die Arbeit mit nat\u00fcrlichen Kalendern bietet uns eine M\u00f6glichkeit, uns innerhalb der Zyklen zu orientieren, die das Land, der K\u00f6rper und die lebendige Welt um uns herum teilen. Saisonale Rhythmen werden hier als lebendige Referenzen betrachtet - sie helfen uns, auf Zeiten des Wachstums, der Ruhe, des \u00dcbergangs und der Erneuerung zu h\u00f6ren, wie sie sich in der Natur und in unserem eigenen Erleben entfalten.<\/p><p data-start=\"716\" data-end=\"1069\">Durch rituelle und symbolische Praktiken k\u00f6nnen wir uns auf jahreszeitliche Zyklen, Himmelsrichtungen, Elemente, Pflanzen, Tiere und die Geister des Ortes st\u00fctzen, um zu sp\u00fcren, wo wir uns innerhalb einer gr\u00f6\u00dferen \u00f6kologischen Bewegung befinden. Diese Lehren werden nicht als starre Systeme oder Glaubensstrukturen verwendet, sondern als Beziehungsf\u00fchrer, die Pr\u00e4senz, Einstimmung und respektvolles Handeln unterst\u00fctzen.<\/p><p data-start=\"1071\" data-end=\"1417\">In dieser Arbeit werden Zyklen zu einer Br\u00fccke in die Beziehung mit der \u00fcbermenschlichen Welt - sie laden zum Dialog mit dem Land, den Elementen und den nichtmenschlichen Vorfahren ein, die Erinnerung, Widerstandsf\u00e4higkeit und Weisheit \u00fcber die menschliche Zeit hinaus in sich tragen. Diese Praktiken leiten nicht zum Handeln an, sondern unterst\u00fctzen die Erdung, das Zuh\u00f6ren und die bewusste Teilnahme an dem lebendigen Netz, zu dem wir geh\u00f6ren.<\/p><p data-start=\"1071\" data-end=\"1417\"><strong>Diese Arbeit konzentriert sich auf die Beziehung zu Land, Zyklen und \u00fcbermenschlichen Verwandten und nicht auf die menschliche Abstammung oder familienbasierte Ahnenheilung.<\/strong><\/p>\t\t\t\t\t\t\t\t<\/div>\n\t\t\t\t<\/div>\n\t\t\t\t<div class=\"elementor-element elementor-element-5815d02 elementor-widget elementor-widget-button\" data-id=\"5815d02\" data-element_type=\"widget\" data-e-type=\"widget\" data-widget_type=\"button.default\">\n\t\t\t\t<div class=\"elementor-widget-container\">\n\t\t\t\t\t\t\t\t\t<div class=\"elementor-button-wrapper\">\n\t\t\t\t\t<a class=\"elementor-button elementor-button-link elementor-size-sm\" href=\"https:\/\/oltaria.com\/de\/book-now\/\">\n\t\t\t\t\t\t<span class=\"elementor-button-content-wrapper\">\n\t\t\t\t\t\t\t\t\t<span class=\"elementor-button-text\">Eine Sitzung buchen<\/span>\n\t\t\t\t\t<\/span>\n\t\t\t\t\t<\/a>\n\t\t\t\t<\/div>\n\t\t\t\t\t\t\t\t<\/div>\n\t\t\t\t<\/div>\n\t\t\t\t\t<\/div>\n\t\t<\/div>\n\t\t\t\t<div class=\"elementor-column elementor-col-50 elementor-top-column elementor-element elementor-element-92b7e8e\" data-id=\"92b7e8e\" data-element_type=\"column\" data-e-type=\"column\" data-settings=\"{&quot;background_background&quot;:&quot;classic&quot;}\">\n\t\t\t<div class=\"elementor-widget-wrap elementor-element-populated\">\n\t\t\t\t<div class=\"elementor-element elementor-element-6b83236 e-flex e-con-boxed e-con e-parent\" data-id=\"6b83236\" data-element_type=\"container\" data-e-type=\"container\" data-settings=\"{&quot;background_background&quot;:&quot;classic&quot;}\">\n\t\t\t\t\t<div class=\"e-con-inner\">\n\t\t<div class=\"elementor-element elementor-element-427b347 e-con-full e-flex e-con e-child\" data-id=\"427b347\" data-element_type=\"container\" data-e-type=\"container\">\n\t\t\t\t<div class=\"elementor-element elementor-element-a2bd695 elementor-absolute elementor-widget__width-initial elementor-widget elementor-widget-image\" data-id=\"a2bd695\" data-element_type=\"widget\" data-e-type=\"widget\" data-settings=\"{&quot;_position&quot;:&quot;absolute&quot;}\" data-widget_type=\"image.default\">\n\t\t\t\t<div class=\"elementor-widget-container\">\n\t\t\t\t\t\t\t\t\t\t\t\t\t\t\t<img decoding=\"async\" width=\"2560\" height=\"1920\" src=\"https:\/\/oltaria.com\/wp-content\/uploads\/2026\/01\/spiral-scaled.jpg\" class=\"attachment-full size-full wp-image-4176\" alt=\"Spiral\" srcset=\"https:\/\/oltaria.com\/wp-content\/uploads\/2026\/01\/spiral-scaled.jpg 2560w, https:\/\/oltaria.com\/wp-content\/uploads\/2026\/01\/spiral-scaled-600x450.jpg 600w, https:\/\/oltaria.com\/wp-content\/uploads\/2026\/01\/spiral-300x225.jpg 300w, https:\/\/oltaria.com\/wp-content\/uploads\/2026\/01\/spiral-1024x768.jpg 1024w, https:\/\/oltaria.com\/wp-content\/uploads\/2026\/01\/spiral-768x576.jpg 768w, https:\/\/oltaria.com\/wp-content\/uploads\/2026\/01\/spiral-1536x1152.jpg 1536w, https:\/\/oltaria.com\/wp-content\/uploads\/2026\/01\/spiral-2048x1536.jpg 2048w\" sizes=\"(max-width: 2560px) 100vw, 2560px\" title=\"\">\t\t\t\t\t\t\t\t\t\t\t\t\t\t\t<\/div>\n\t\t\t\t<\/div>\n\t\t\t\t<\/div>\n\t\t\t\t\t<\/div>\n\t\t\t\t<\/div>\n\t\t\t\t\t<\/div>\n\t\t<\/div>\n\t\t\t\t\t<\/div>\n\t\t<\/section>\n\t\t<div class=\"elementor-element elementor-element-2e727c7 e-flex e-con-boxed e-con e-parent\" data-id=\"2e727c7\" data-element_type=\"container\" data-e-type=\"container\" data-settings=\"{&quot;background_background&quot;:&quot;classic&quot;}\">\n\t\t\t\t\t<div class=\"e-con-inner\">\n\t\t\t\t<div class=\"elementor-element elementor-element-b05fbd4 elementor-widget-divider--view-line elementor-widget elementor-widget-divider\" data-id=\"b05fbd4\" data-element_type=\"widget\" data-e-type=\"widget\" data-widget_type=\"divider.default\">\n\t\t\t\t<div class=\"elementor-widget-container\">\n\t\t\t\t\t\t\t<div class=\"elementor-divider\">\n\t\t\t<span class=\"elementor-divider-separator\">\n\t\t\t\t\t\t<\/span>\n\t\t<\/div>\n\t\t\t\t\t\t<\/div>\n\t\t\t\t<\/div>\n\t\t\t\t<div class=\"elementor-element elementor-element-10f2955 elementor-widget elementor-widget-heading\" data-id=\"10f2955\" data-element_type=\"widget\" data-e-type=\"widget\" data-widget_type=\"heading.default\">\n\t\t\t\t<div class=\"elementor-widget-container\">\n\t\t\t\t\t<span class=\"elementor-heading-title elementor-size-default\">F\u00fcr wen ist es gedacht?<\/span>\t\t\t\t<\/div>\n\t\t\t\t<\/div>\n\t\t\t\t<div class=\"elementor-element elementor-element-c7cd5d0 elementor-widget elementor-widget-text-editor\" data-id=\"c7cd5d0\" data-element_type=\"widget\" data-e-type=\"widget\" data-widget_type=\"text-editor.default\">\n\t\t\t\t<div class=\"elementor-widget-container\">\n\t\t\t\t\t\t\t\t\t<p>Diese Arbeit kann bei all jenen Resonanz finden, die sich zu einer Beziehung mit der lebendigen Erde und der \u00fcbermenschlichen Welt hingezogen f\u00fchlen, einschlie\u00dflich des Landes, der Elemente, der Tiere und der leitenden Pr\u00e4senzen, und die sich dem Ritual eher als eine Art des Zuh\u00f6rens denn als Glauben oder Belehrung n\u00e4hern wollen.<\/p><p>Vielleicht f\u00fchlen Sie sich zu dieser Arbeit hingezogen, wenn:<\/p><ul><li>Sie f\u00fchlen sich mit dem Land, der Natur, den Geistern des Ortes oder den F\u00fchrern verbunden oder sind neugierig darauf<\/li><li>Sie suchen Erdung oder Orientierung durch jahreszeitliche, elementare oder intuitive F\u00fchrung<\/li><li>Sie sich berufen f\u00fchlen, die Beziehung zu tierischen oder elementaren Verb\u00fcndeten zu erkunden<\/li><li>Sie sich im Wandel befinden und \u00dcberg\u00e4nge durch Rituale oder Reflexion markieren m\u00f6chten<\/li><\/ul><p>Diese Arbeit erfordert keine Vorkenntnisse oder spirituelle Identit\u00e4t. Sie l\u00e4dt zu respektvoller Pr\u00e4senz und Unterscheidungsverm\u00f6gen ein und erm\u00f6glicht es, durch Einstimmung auf Land, Zyklen und \u00fcbermenschliche Gef\u00e4hrten Einsichten zu gewinnen und gleichzeitig die eigene Handlungsf\u00e4higkeit zu unterst\u00fctzen.<\/p><p>Lorem ipsum dolor sit amet, consectetur adipiscing elit. Ut elit tellus, luctus nec ullamcorper mattis, pulvinar dapibus leo.<\/p>\t\t\t\t\t\t\t\t<\/div>\n\t\t\t\t<\/div>\n\t\t\t\t\t<\/div>\n\t\t\t\t<\/div>\n\t\t\t\t<\/div>","protected":false},"excerpt":{"rendered":"<p>Oltaria sanctuary for your being Earth cycle &amp; seasonal guidance EARTH CYCLES &amp; SEASONAL GUIDANCE Working with natural calendars offers [&hellip;]<\/p>\n","protected":false},"author":1,"featured_media":0,"parent":2978,"menu_order":0,"comment_status":"closed","ping_status":"closed","template":"","meta":{"site-sidebar-layout":"no-sidebar","site-content-layout":"page-builder","ast-site-content-layout":"full-width-container","site-content-style":"default","site-sidebar-style":"default","ast-global-header-display":"","ast-banner-title-visibility":"","ast-main-header-display":"","ast-hfb-above-header-display":"","ast-hfb-below-header-display":"","ast-hfb-mobile-header-display":"","site-post-title":"disabled","ast-breadcrumbs-content":"","ast-featured-img":"disabled","footer-sml-layout":"","ast-disable-related-posts":"","theme-transparent-header-meta":"","adv-header-id-meta":"","stick-header-meta":"","header-above-stick-meta":"","header-main-stick-meta":"","header-below-stick-meta":"","astra-migrate-meta-layouts":"set","ast-page-background-enabled":"default","ast-page-background-meta":{"desktop":{"background-color":"","background-image":"","background-repeat":"repeat","background-position":"center center","background-size":"auto","background-attachment":"scroll","background-type":"","background-media":"","overlay-type":"","overlay-color":"","overlay-opacity":"","overlay-gradient":""},"tablet":{"background-color":"","background-image":"","background-repeat":"repeat","background-position":"center center","background-size":"auto","background-attachment":"scroll","background-type":"","background-media":"","overlay-type":"","overlay-color":"","overlay-opacity":"","overlay-gradient":""},"mobile":{"background-color":"","background-image":"","background-repeat":"repeat","background-position":"center center","background-size":"auto","background-attachment":"scroll","background-type":"","background-media":"","overlay-type":"","overlay-color":"","overlay-opacity":"","overlay-gradient":""}},"ast-content-background-meta":{"desktop":{"background-color":"var(--ast-global-color-5)","background-image":"","background-repeat":"repeat","background-position":"center center","background-size":"auto","background-attachment":"scroll","background-type":"","background-media":"","overlay-type":"","overlay-color":"","overlay-opacity":"","overlay-gradient":""},"tablet":{"background-color":"var(--ast-global-color-5)","background-image":"","background-repeat":"repeat","background-position":"center center","background-size":"auto","background-attachment":"scroll","background-type":"","background-media":"","overlay-type":"","overlay-color":"","overlay-opacity":"","overlay-gradient":""},"mobile":{"background-color":"var(--ast-global-color-5)","background-image":"","background-repeat":"repeat","background-position":"center center","background-size":"auto","background-attachment":"scroll","background-type":"","background-media":"","overlay-type":"","overlay-color":"","overlay-opacity":"","overlay-gradient":""}},"_glsr_average":0,"_glsr_ranking":0,"_glsr_reviews":0,"footnotes":""},"class_list":["post-3544","page","type-page","status-publish","hentry"],"jetpack_sharing_enabled":true,"_links":{"self":[{"href":"https:\/\/oltaria.com\/de\/wp-json\/wp\/v2\/pages\/3544","targetHints":{"allow":["GET"]}}],"collection":[{"href":"https:\/\/oltaria.com\/de\/wp-json\/wp\/v2\/pages"}],"about":[{"href":"https:\/\/oltaria.com\/de\/wp-json\/wp\/v2\/types\/page"}],"author":[{"embeddable":true,"href":"https:\/\/oltaria.com\/de\/wp-json\/wp\/v2\/users\/1"}],"replies":[{"embeddable":true,"href":"https:\/\/oltaria.com\/de\/wp-json\/wp\/v2\/comments?post=3544"}],"version-history":[{"count":45,"href":"https:\/\/oltaria.com\/de\/wp-json\/wp\/v2\/pages\/3544\/revisions"}],"predecessor-version":[{"id":5561,"href":"https:\/\/oltaria.com\/de\/wp-json\/wp\/v2\/pages\/3544\/revisions\/5561"}],"up":[{"embeddable":true,"href":"https:\/\/oltaria.com\/de\/wp-json\/wp\/v2\/pages\/2978"}],"wp:attachment":[{"href":"https:\/\/oltaria.com\/de\/wp-json\/wp\/v2\/media?parent=3544"}],"curies":[{"name":"wp","href":"https:\/\/api.w.org\/{rel}","templated":true}]}}