{"id":4210,"date":"2026-01-26T22:45:17","date_gmt":"2026-01-26T22:45:17","guid":{"rendered":"https:\/\/oltaria.com\/?page_id=4210"},"modified":"2026-03-17T08:36:58","modified_gmt":"2026-03-17T08:36:58","slug":"spiritual-guidance","status":"publish","type":"page","link":"https:\/\/oltaria.com\/de\/spiritual-guidance\/","title":{"rendered":"Spirituelle &amp; Intuitive F\u00fchrung"},"content":{"rendered":"<div data-elementor-type=\"wp-post\" data-elementor-id=\"4210\" class=\"elementor elementor-4210\">\n\t\t\t\t<div class=\"elementor-element elementor-element-4c5e066c e-con-full e-flex e-con e-parent\" data-id=\"4c5e066c\" data-element_type=\"container\" data-e-type=\"container\" data-settings=\"{&quot;background_background&quot;:&quot;classic&quot;}\">\n\t\t<div class=\"elementor-element elementor-element-1b0a45ed e-flex e-con-boxed e-con e-child\" data-id=\"1b0a45ed\" data-element_type=\"container\" data-e-type=\"container\">\n\t\t\t\t\t<div class=\"e-con-inner\">\n\t\t\t\t<div class=\"elementor-element elementor-element-44c720f0 elementor-widget elementor-widget-image\" data-id=\"44c720f0\" data-element_type=\"widget\" data-e-type=\"widget\" data-widget_type=\"image.default\">\n\t\t\t\t<div class=\"elementor-widget-container\">\n\t\t\t\t\t\t\t\t\t\t\t\t\t\t\t<img fetchpriority=\"high\" decoding=\"async\" width=\"1608\" height=\"1571\" src=\"https:\/\/oltaria.com\/wp-content\/uploads\/2026\/02\/oltaria2.png\" class=\"attachment-full size-full wp-image-4870\" alt=\"Oltaria(2)\" srcset=\"https:\/\/oltaria.com\/wp-content\/uploads\/2026\/02\/oltaria2.png 1608w, https:\/\/oltaria.com\/wp-content\/uploads\/2026\/02\/oltaria2-600x586.png 600w, https:\/\/oltaria.com\/wp-content\/uploads\/2026\/02\/oltaria2-300x293.png 300w, https:\/\/oltaria.com\/wp-content\/uploads\/2026\/02\/oltaria2-1024x1000.png 1024w, https:\/\/oltaria.com\/wp-content\/uploads\/2026\/02\/oltaria2-768x750.png 768w, https:\/\/oltaria.com\/wp-content\/uploads\/2026\/02\/oltaria2-1536x1501.png 1536w\" sizes=\"(max-width: 1608px) 100vw, 1608px\" title=\"\">\t\t\t\t\t\t\t\t\t\t\t\t\t\t\t<\/div>\n\t\t\t\t<\/div>\n\t\t\t\t<div class=\"elementor-element elementor-element-8c5ac55 elementor-widget elementor-widget-heading\" data-id=\"8c5ac55\" data-element_type=\"widget\" data-e-type=\"widget\" data-widget_type=\"heading.default\">\n\t\t\t\t<div class=\"elementor-widget-container\">\n\t\t\t\t\t<h2 class=\"elementor-heading-title elementor-size-default\">Oltaria<\/h2>\t\t\t\t<\/div>\n\t\t\t\t<\/div>\n\t\t\t\t<div class=\"elementor-element elementor-element-7b24bfb elementor-widget elementor-widget-heading\" data-id=\"7b24bfb\" data-element_type=\"widget\" data-e-type=\"widget\" data-widget_type=\"heading.default\">\n\t\t\t\t<div class=\"elementor-widget-container\">\n\t\t\t\t\t<h2 class=\"elementor-heading-title elementor-size-default\">Zufluchtsort f\u00fcr Ihr Wesen<\/h2>\t\t\t\t<\/div>\n\t\t\t\t<\/div>\n\t\t\t\t<div class=\"elementor-element elementor-element-5162883e elementor-widget elementor-widget-shortcode\" data-id=\"5162883e\" data-element_type=\"widget\" data-e-type=\"widget\" data-widget_type=\"shortcode.default\">\n\t\t\t\t<div class=\"elementor-widget-container\">\n\t\t\t\t\t\t\t<div class=\"elementor-shortcode\"><nav aria-label=\"Semmelbr\u00f6sel\" class=\"rank-math-breadcrumb\"><p><span class=\"last\">Startseite<\/span><\/p><\/nav><\/div>\n\t\t\t\t\t\t<\/div>\n\t\t\t\t<\/div>\n\t\t\t\t\t<\/div>\n\t\t\t\t<\/div>\n\t\t\t\t<\/div>\n\t\t\t\t<section class=\"elementor-section elementor-top-section elementor-element elementor-element-3b2a2cf9 elementor-section-boxed elementor-section-height-default elementor-section-height-default\" data-id=\"3b2a2cf9\" data-element_type=\"section\" data-e-type=\"section\" data-settings=\"{&quot;background_background&quot;:&quot;classic&quot;}\">\n\t\t\t\t\t\t<div class=\"elementor-container elementor-column-gap-no\">\n\t\t\t\t\t<div class=\"elementor-column elementor-col-100 elementor-top-column elementor-element elementor-element-507ae325\" data-id=\"507ae325\" data-element_type=\"column\" data-e-type=\"column\">\n\t\t\t<div class=\"elementor-widget-wrap elementor-element-populated\">\n\t\t\t\t\t\t<div class=\"elementor-element elementor-element-63ae9447 elementor-widget elementor-widget-heading\" data-id=\"63ae9447\" data-element_type=\"widget\" data-e-type=\"widget\" data-widget_type=\"heading.default\">\n\t\t\t\t<div class=\"elementor-widget-container\">\n\t\t\t\t\t<h2 class=\"elementor-heading-title elementor-size-default\">spirituelle &amp; intuitive F\u00fchrung<\/h2>\t\t\t\t<\/div>\n\t\t\t\t<\/div>\n\t\t\t\t\t<\/div>\n\t\t<\/div>\n\t\t\t\t\t<\/div>\n\t\t<\/section>\n\t\t\t\t<section class=\"elementor-section elementor-top-section elementor-element elementor-element-2bd852d elementor-section-content-middle elementor-reverse-tablet elementor-reverse-mobile elementor-section-boxed elementor-section-height-default elementor-section-height-default\" data-id=\"2bd852d\" data-element_type=\"section\" data-e-type=\"section\" data-settings=\"{&quot;background_background&quot;:&quot;classic&quot;}\">\n\t\t\t\t\t\t\t<div class=\"elementor-background-overlay\"><\/div>\n\t\t\t\t\t\t\t<div class=\"elementor-container elementor-column-gap-no\">\n\t\t\t\t\t<div class=\"elementor-column elementor-col-50 elementor-top-column elementor-element elementor-element-689c6b51\" data-id=\"689c6b51\" data-element_type=\"column\" data-e-type=\"column\" data-settings=\"{&quot;background_background&quot;:&quot;classic&quot;}\">\n\t\t\t<div class=\"elementor-widget-wrap elementor-element-populated\">\n\t\t\t\t\t\t<div class=\"elementor-element elementor-element-81d82b3 elementor-widget elementor-widget-heading\" data-id=\"81d82b3\" data-element_type=\"widget\" data-e-type=\"widget\" data-widget_type=\"heading.default\">\n\t\t\t\t<div class=\"elementor-widget-container\">\n\t\t\t\t\t<h2 class=\"elementor-heading-title elementor-size-default\">Verbindung mit dem Feinstofflichen<\/h2>\t\t\t\t<\/div>\n\t\t\t\t<\/div>\n\t\t\t\t<div class=\"elementor-element elementor-element-a2c907f elementor-widget__width-initial elementor-widget elementor-widget-text-editor\" data-id=\"a2c907f\" data-element_type=\"widget\" data-e-type=\"widget\" data-widget_type=\"text-editor.default\">\n\t\t\t\t<div class=\"elementor-widget-container\">\n\t\t\t\t\t\t\t\t\t<p data-start=\"512\" data-end=\"885\">Diese T\u00fcr bietet Begleitung in Bezug auf <strong>subtilere Bedeutungs- und Wissensschichten, die oft durch innere Bilder, Erinnerungen, K\u00f6rperempfindungen, Intuitionen oder symbolische Eindr\u00fccke erfahren werden.<\/strong> Diese k\u00f6nnen im Zusammenhang mit der Abstammung, der Natur oder der Praxislinie entstehen und werden als <em data-start=\"823\" data-end=\"848\">relational und symbolisch<\/em> .<\/p><p data-start=\"887\" data-end=\"1217\"><strong>Die Sitzungen kombinieren intuitive F\u00fchrung und reflektierende Gespr\u00e4che<\/strong> mit Meditation, kreativer Erkundung und einfachen rituellen Gesten. Meine Rolle ist es, aufmerksame Pr\u00e4senz und aufmerksames Spiegeln anzubieten und Ihnen dabei zu helfen, Muster, Bilder und Themen zu erkennen, wenn sie auftauchen - und dabei Ihr eigenes Urteilsverm\u00f6gen, Ihre Grenzen und Ihre innere Autorit\u00e4t zu achten.<\/p><p data-start=\"1219\" data-end=\"1505\">Diese Arbeit wird als Unterst\u00fctzung angeboten, die auf Bewusstheit, Integration und verk\u00f6rperte Pr\u00e4senz ausgerichtet ist. Sie l\u00e4dt zum aufmerksamen Hinh\u00f6ren auf die Beziehung zwischen innerem Erleben, dem Alltag und der Welt ein, ohne die pers\u00f6nliche Verantwortung, Wahl oder Entscheidungsfindung zu ersetzen.<\/p>\t\t\t\t\t\t\t\t<\/div>\n\t\t\t\t<\/div>\n\t\t\t\t\t<\/div>\n\t\t<\/div>\n\t\t\t\t<div class=\"elementor-column elementor-col-50 elementor-top-column elementor-element elementor-element-6a06d3df\" data-id=\"6a06d3df\" data-element_type=\"column\" data-e-type=\"column\">\n\t\t\t<div class=\"elementor-widget-wrap elementor-element-populated\">\n\t\t\t\t<div class=\"elementor-element elementor-element-91b248c e-con-full e-flex e-con e-parent\" data-id=\"91b248c\" data-element_type=\"container\" data-e-type=\"container\" data-settings=\"{&quot;background_background&quot;:&quot;classic&quot;,&quot;position&quot;:&quot;absolute&quot;}\">\n\t\t<div class=\"elementor-element elementor-element-98be5d3 e-con-full e-flex e-con e-child\" data-id=\"98be5d3\" data-element_type=\"container\" data-e-type=\"container\">\n\t\t\t\t<div class=\"elementor-element elementor-element-61ec8b3e elementor-absolute elementor-widget__width-initial elementor-widget elementor-widget-image\" data-id=\"61ec8b3e\" data-element_type=\"widget\" data-e-type=\"widget\" data-settings=\"{&quot;_position&quot;:&quot;absolute&quot;}\" data-widget_type=\"image.default\">\n\t\t\t\t<div class=\"elementor-widget-container\">\n\t\t\t\t\t\t\t\t\t\t\t\t\t\t\t<img decoding=\"async\" width=\"2560\" height=\"1920\" src=\"https:\/\/oltaria.com\/wp-content\/uploads\/2026\/01\/spirit-guidance-scaled.jpg\" class=\"attachment-full size-full wp-image-4114\" alt=\"Spirit Guidance\" srcset=\"https:\/\/oltaria.com\/wp-content\/uploads\/2026\/01\/spirit-guidance-scaled.jpg 2560w, https:\/\/oltaria.com\/wp-content\/uploads\/2026\/01\/spirit-guidance-scaled-600x450.jpg 600w, https:\/\/oltaria.com\/wp-content\/uploads\/2026\/01\/spirit-guidance-300x225.jpg 300w, https:\/\/oltaria.com\/wp-content\/uploads\/2026\/01\/spirit-guidance-1024x768.jpg 1024w, https:\/\/oltaria.com\/wp-content\/uploads\/2026\/01\/spirit-guidance-768x576.jpg 768w, https:\/\/oltaria.com\/wp-content\/uploads\/2026\/01\/spirit-guidance-1536x1152.jpg 1536w, https:\/\/oltaria.com\/wp-content\/uploads\/2026\/01\/spirit-guidance-2048x1536.jpg 2048w\" sizes=\"(max-width: 2560px) 100vw, 2560px\" title=\"\">\t\t\t\t\t\t\t\t\t\t\t\t\t\t\t<\/div>\n\t\t\t\t<\/div>\n\t\t\t\t<\/div>\n\t\t\t\t<\/div>\n\t\t\t\t\t<\/div>\n\t\t<\/div>\n\t\t\t\t\t<\/div>\n\t\t<\/section>\n\t\t\t\t<section class=\"elementor-section elementor-top-section elementor-element elementor-element-36c6e0f elementor-section-content-middle elementor-reverse-tablet elementor-reverse-mobile elementor-section-boxed elementor-section-height-default elementor-section-height-default\" data-id=\"36c6e0f\" data-element_type=\"section\" data-e-type=\"section\" data-settings=\"{&quot;background_background&quot;:&quot;classic&quot;}\">\n\t\t\t\t\t\t\t<div class=\"elementor-background-overlay\"><\/div>\n\t\t\t\t\t\t\t<div class=\"elementor-container elementor-column-gap-no\">\n\t\t\t\t\t<div class=\"elementor-column elementor-col-50 elementor-top-column elementor-element elementor-element-cee2842\" data-id=\"cee2842\" data-element_type=\"column\" data-e-type=\"column\" data-settings=\"{&quot;background_background&quot;:&quot;classic&quot;}\">\n\t\t\t<div class=\"elementor-widget-wrap elementor-element-populated\">\n\t\t\t\t<div class=\"elementor-element elementor-element-fe5b159 e-flex e-con-boxed e-con e-parent\" data-id=\"fe5b159\" data-element_type=\"container\" data-e-type=\"container\" data-settings=\"{&quot;background_background&quot;:&quot;classic&quot;}\">\n\t\t\t\t\t<div class=\"e-con-inner\">\n\t\t<div class=\"elementor-element elementor-element-1f40d63 e-con-full e-flex e-con e-child\" data-id=\"1f40d63\" data-element_type=\"container\" data-e-type=\"container\">\n\t\t\t\t<div class=\"elementor-element elementor-element-168f404 elementor-absolute elementor-widget__width-initial elementor-widget elementor-widget-image\" data-id=\"168f404\" data-element_type=\"widget\" data-e-type=\"widget\" data-settings=\"{&quot;_position&quot;:&quot;absolute&quot;}\" data-widget_type=\"image.default\">\n\t\t\t\t<div class=\"elementor-widget-container\">\n\t\t\t\t\t\t\t\t\t\t\t\t\t\t\t<img decoding=\"async\" width=\"1920\" height=\"1278\" src=\"https:\/\/oltaria.com\/wp-content\/uploads\/2025\/12\/about.jpg\" class=\"attachment-full size-full wp-image-2752\" alt=\"\" srcset=\"https:\/\/oltaria.com\/wp-content\/uploads\/2025\/12\/about.jpg 1920w, https:\/\/oltaria.com\/wp-content\/uploads\/2025\/12\/about-600x399.jpg 600w, https:\/\/oltaria.com\/wp-content\/uploads\/2025\/12\/about-300x200.jpg 300w, https:\/\/oltaria.com\/wp-content\/uploads\/2025\/12\/about-1024x682.jpg 1024w, https:\/\/oltaria.com\/wp-content\/uploads\/2025\/12\/about-768x511.jpg 768w, https:\/\/oltaria.com\/wp-content\/uploads\/2025\/12\/about-1536x1022.jpg 1536w\" sizes=\"(max-width: 1920px) 100vw, 1920px\" title=\"\">\t\t\t\t\t\t\t\t\t\t\t\t\t\t\t<\/div>\n\t\t\t\t<\/div>\n\t\t\t\t<\/div>\n\t\t\t\t\t<\/div>\n\t\t\t\t<\/div>\n\t\t\t\t\t<\/div>\n\t\t<\/div>\n\t\t\t\t<div class=\"elementor-column elementor-col-50 elementor-top-column elementor-element elementor-element-dc4e0da\" data-id=\"dc4e0da\" data-element_type=\"column\" data-e-type=\"column\">\n\t\t\t<div class=\"elementor-widget-wrap elementor-element-populated\">\n\t\t\t\t\t\t<div class=\"elementor-element elementor-element-2d5cfa9 elementor-widget elementor-widget-heading\" data-id=\"2d5cfa9\" data-element_type=\"widget\" data-e-type=\"widget\" data-widget_type=\"heading.default\">\n\t\t\t\t<div class=\"elementor-widget-container\">\n\t\t\t\t\t<h2 class=\"elementor-heading-title elementor-size-default\">Beziehung zur tierischen und elementaren Pr\u00e4senz<\/h2>\t\t\t\t<\/div>\n\t\t\t\t<\/div>\n\t\t\t\t<div class=\"elementor-element elementor-element-414e189 elementor-widget elementor-widget-text-editor\" data-id=\"414e189\" data-element_type=\"widget\" data-e-type=\"widget\" data-widget_type=\"text-editor.default\">\n\t\t\t\t<div class=\"elementor-widget-container\">\n\t\t\t\t\t\t\t\t\t<p data-start=\"2355\" data-end=\"2664\">Tiere, Elementarqualit\u00e4ten und Naturwesen k\u00f6nnen in unserem Leben als bedeutungsvolle Pr\u00e4senzen erscheinen - durch Begegnungen in der Natur, in Tr\u00e4umen, in der Vorstellung, in der Erinnerung oder durch inneres Sp\u00fcren. Diese Erfahrungen werden, \u00e4hnlich wie die Verbindungen mit dem Feinstofflichen, eher als Perspektive und Orientierung denn als Belehrung oder Glaube betrachtet.<\/p><p data-start=\"2666\" data-end=\"2882\">In diesem Portal erforschen wir solche Begegnungen durch Beobachtung, Meditation, kreative Reflexion, Tr\u00e4ume und aufmerksames Zuh\u00f6ren - und bemerken die Qualit\u00e4ten, Bewegungen und Bedeutungen, die sie in Ihrer gelebten Erfahrung hervorrufen.<\/p><p data-start=\"2884\" data-end=\"3248\">Neben der direkten Beziehung zur nat\u00fcrlichen Welt greifen wir auch auf uralte, mythische und \u00f6kologische Formen des Verst\u00e4ndnisses der Verbindung zwischen Mensch und Natur zur\u00fcck. Elementare Sprachen - wie Feuer, Wasser, Erde und Luft - k\u00f6nnen als Wege erforscht werden, um Ver\u00e4nderungen, Vitalit\u00e4t, Grenzen und Fluss wahrzunehmen und damit in Beziehung zu treten, w\u00e4hrend wir gleichzeitig in der pers\u00f6nlichen Unterscheidung und Entscheidung verankert bleiben.<\/p><p data-start=\"3250\" data-end=\"3650\">Die Sitzungen finden in einem sanften, unterst\u00fctzenden Rahmen statt und k\u00f6nnen gef\u00fchrte Meditationen, kreative \u00dcbungen, reflektierende Dialoge oder einfache Rituale und Opfergaben beinhalten. Im Laufe der Zeit kann diese Arbeit die Entwicklung einer pers\u00f6nlichen, respektvollen Beziehung zu Tieren und Elementarwesen unterst\u00fctzen - in Anerkennung sowohl der physischen Realit\u00e4t der nat\u00fcrlichen Welt als auch der subtilen, imagin\u00e4ren Bedeutungen, die durch die Verbindung entstehen.<\/p>\t\t\t\t\t\t\t\t<\/div>\n\t\t\t\t<\/div>\n\t\t\t\t\t<\/div>\n\t\t<\/div>\n\t\t\t\t\t<\/div>\n\t\t<\/section>\n\t\t\t\t<section class=\"elementor-section elementor-top-section elementor-element elementor-element-75bd757 elementor-section-full_width elementor-section-content-middle elementor-section-height-default elementor-section-height-default\" data-id=\"75bd757\" data-element_type=\"section\" data-e-type=\"section\" data-settings=\"{&quot;background_background&quot;:&quot;classic&quot;}\">\n\t\t\t\t\t\t<div class=\"elementor-container elementor-column-gap-default\">\n\t\t\t\t\t<div class=\"elementor-column elementor-col-50 elementor-top-column elementor-element elementor-element-6880ac19\" data-id=\"6880ac19\" data-element_type=\"column\" data-e-type=\"column\">\n\t\t\t<div class=\"elementor-widget-wrap elementor-element-populated\">\n\t\t\t\t\t\t<div class=\"elementor-element elementor-element-3550f46c elementor-widget-divider--view-line elementor-widget elementor-widget-divider\" data-id=\"3550f46c\" data-element_type=\"widget\" data-e-type=\"widget\" data-widget_type=\"divider.default\">\n\t\t\t\t<div class=\"elementor-widget-container\">\n\t\t\t\t\t\t\t<div class=\"elementor-divider\">\n\t\t\t<span class=\"elementor-divider-separator\">\n\t\t\t\t\t\t<\/span>\n\t\t<\/div>\n\t\t\t\t\t\t<\/div>\n\t\t\t\t<\/div>\n\t\t\t\t<div class=\"elementor-element elementor-element-9b3d7ff elementor-widget elementor-widget-heading\" data-id=\"9b3d7ff\" data-element_type=\"widget\" data-e-type=\"widget\" data-widget_type=\"heading.default\">\n\t\t\t\t<div class=\"elementor-widget-container\">\n\t\t\t\t\t<h3 class=\"elementor-heading-title elementor-size-default\">F\u00fcr wen ist es gedacht?<\/h3>\t\t\t\t<\/div>\n\t\t\t\t<\/div>\n\t\t\t\t<div class=\"elementor-element elementor-element-75b9f199 elementor-widget__width-initial elementor-widget elementor-widget-text-editor\" data-id=\"75b9f199\" data-element_type=\"widget\" data-e-type=\"widget\" data-widget_type=\"text-editor.default\">\n\t\t\t\t<div class=\"elementor-widget-container\">\n\t\t\t\t\t\t\t\t\t<p data-start=\"198\" data-end=\"455\">Dieses Tor kann mit jenen in Resonanz gehen, die Einsicht, intuitive F\u00fchrung oder eine tiefere Beziehung zu subtilen Erfahrungen suchen - sei es durch die Sprache der Ahnen, der Tiere, der Natur, der spirituellen Linien oder durch reflektierende und intuitive Beratung.<\/p><p data-start=\"457\" data-end=\"502\">Vielleicht f\u00fchlen Sie sich zu dieser T\u00fcr gerufen, wenn Sie:<\/p><ul data-start=\"504\" data-end=\"930\"><li data-start=\"504\" data-end=\"609\"><p data-start=\"506\" data-end=\"609\">Botschaften, Muster oder Lehren erforschen m\u00f6chten, die sich aus Intuition, Reflexion oder innerem Wissen ergeben<\/p><\/li><li data-start=\"610\" data-end=\"714\"><p data-start=\"612\" data-end=\"714\">die Anwesenheit von F\u00fchrern, Ahnen oder anderen feinstofflichen Wesen sp\u00fcren und Unterst\u00fctzung bei der Kontaktaufnahme mit ihnen w\u00fcnschen<\/p><\/li><li data-start=\"715\" data-end=\"823\"><p data-start=\"717\" data-end=\"823\">eine reflektierende Anleitung suchen, um zu erkennen, was in Ihrem Leben auftaucht, ohne sich auf Vorhersagen oder Ratschl\u00e4ge zu verlassen<\/p><\/li><li data-start=\"824\" data-end=\"930\"><p data-start=\"826\" data-end=\"930\">sich zu verk\u00f6rperten, beziehungsorientierten und kontemplativen Praktiken hingezogen f\u00fchlen, die das Bewusstsein und die Ausrichtung vertiefen<\/p><\/li><\/ul><p data-start=\"932\" data-end=\"1116\">Es sind keine Vorkenntnisse, spirituelle Identit\u00e4t oder Traditionen erforderlich - dieses Werk l\u00e4dt ein <strong data-start=\"1017\" data-end=\"1067\">aufmerksames Zuh\u00f6ren, Unterscheidungsverm\u00f6gen und Pr\u00e4senz<\/strong> sowohl mit den sichtbaren als auch mit den unsichtbaren Aspekten des Lebens.<\/p>\t\t\t\t\t\t\t\t<\/div>\n\t\t\t\t<\/div>\n\t\t\t\t\t<\/div>\n\t\t<\/div>\n\t\t\t\t<div class=\"elementor-column elementor-col-50 elementor-top-column elementor-element elementor-element-1d394a99\" data-id=\"1d394a99\" data-element_type=\"column\" data-e-type=\"column\" data-settings=\"{&quot;background_background&quot;:&quot;classic&quot;}\">\n\t\t\t<div class=\"elementor-widget-wrap\">\n\t\t\t\t\t<div class=\"elementor-background-overlay\"><\/div>\n\t\t\t\t\t\t\t<\/div>\n\t\t<\/div>\n\t\t\t\t\t<\/div>\n\t\t<\/section>\n\t\t\t\t<\/div>","protected":false},"excerpt":{"rendered":"<p>Oltaria sanctuary for your being spiritual &amp; intuitive guidance connecting with the subtle This doorway offers accompaniment in relating to [&hellip;]<\/p>\n","protected":false},"author":1,"featured_media":0,"parent":0,"menu_order":0,"comment_status":"closed","ping_status":"closed","template":"","meta":{"site-sidebar-layout":"no-sidebar","site-content-layout":"page-builder","ast-site-content-layout":"full-width-container","site-content-style":"unboxed","site-sidebar-style":"unboxed","ast-global-header-display":"","ast-banner-title-visibility":"","ast-main-header-display":"","ast-hfb-above-header-display":"","ast-hfb-below-header-display":"","ast-hfb-mobile-header-display":"","site-post-title":"disabled","ast-breadcrumbs-content":"","ast-featured-img":"disabled","footer-sml-layout":"","ast-disable-related-posts":"","theme-transparent-header-meta":"","adv-header-id-meta":"","stick-header-meta":"","header-above-stick-meta":"","header-main-stick-meta":"","header-below-stick-meta":"","astra-migrate-meta-layouts":"set","ast-page-background-enabled":"default","ast-page-background-meta":{"desktop":{"background-color":"","background-image":"","background-repeat":"repeat","background-position":"center center","background-size":"auto","background-attachment":"scroll","background-type":"","background-media":"","overlay-type":"","overlay-color":"","overlay-opacity":"","overlay-gradient":""},"tablet":{"background-color":"","background-image":"","background-repeat":"repeat","background-position":"center center","background-size":"auto","background-attachment":"scroll","background-type":"","background-media":"","overlay-type":"","overlay-color":"","overlay-opacity":"","overlay-gradient":""},"mobile":{"background-color":"","background-image":"","background-repeat":"repeat","background-position":"center center","background-size":"auto","background-attachment":"scroll","background-type":"","background-media":"","overlay-type":"","overlay-color":"","overlay-opacity":"","overlay-gradient":""}},"ast-content-background-meta":{"desktop":{"background-color":"var(--ast-global-color-5)","background-image":"","background-repeat":"repeat","background-position":"center center","background-size":"auto","background-attachment":"scroll","background-type":"","background-media":"","overlay-type":"","overlay-color":"","overlay-opacity":"","overlay-gradient":""},"tablet":{"background-color":"var(--ast-global-color-5)","background-image":"","background-repeat":"repeat","background-position":"center center","background-size":"auto","background-attachment":"scroll","background-type":"","background-media":"","overlay-type":"","overlay-color":"","overlay-opacity":"","overlay-gradient":""},"mobile":{"background-color":"var(--ast-global-color-5)","background-image":"","background-repeat":"repeat","background-position":"center center","background-size":"auto","background-attachment":"scroll","background-type":"","background-media":"","overlay-type":"","overlay-color":"","overlay-opacity":"","overlay-gradient":""}},"_glsr_average":0,"_glsr_ranking":0,"_glsr_reviews":0,"footnotes":""},"class_list":["post-4210","page","type-page","status-publish","hentry"],"jetpack_sharing_enabled":true,"_links":{"self":[{"href":"https:\/\/oltaria.com\/de\/wp-json\/wp\/v2\/pages\/4210","targetHints":{"allow":["GET"]}}],"collection":[{"href":"https:\/\/oltaria.com\/de\/wp-json\/wp\/v2\/pages"}],"about":[{"href":"https:\/\/oltaria.com\/de\/wp-json\/wp\/v2\/types\/page"}],"author":[{"embeddable":true,"href":"https:\/\/oltaria.com\/de\/wp-json\/wp\/v2\/users\/1"}],"replies":[{"embeddable":true,"href":"https:\/\/oltaria.com\/de\/wp-json\/wp\/v2\/comments?post=4210"}],"version-history":[{"count":95,"href":"https:\/\/oltaria.com\/de\/wp-json\/wp\/v2\/pages\/4210\/revisions"}],"predecessor-version":[{"id":5539,"href":"https:\/\/oltaria.com\/de\/wp-json\/wp\/v2\/pages\/4210\/revisions\/5539"}],"wp:attachment":[{"href":"https:\/\/oltaria.com\/de\/wp-json\/wp\/v2\/media?parent=4210"}],"curies":[{"name":"wp","href":"https:\/\/api.w.org\/{rel}","templated":true}]}}