{"id":5086,"date":"2026-02-13T12:39:45","date_gmt":"2026-02-13T12:39:45","guid":{"rendered":"https:\/\/oltaria.com\/?page_id=5086"},"modified":"2026-04-25T11:09:01","modified_gmt":"2026-04-25T11:09:01","slug":"courses","status":"publish","type":"page","link":"https:\/\/oltaria.com\/de\/courses\/","title":{"rendered":"Kurse"},"content":{"rendered":"<div data-elementor-type=\"wp-page\" data-elementor-id=\"5086\" class=\"elementor elementor-5086\">\n\t\t\t\t<div class=\"elementor-element elementor-element-7f9a4e2b e-con-full e-flex e-con e-parent\" data-id=\"7f9a4e2b\" data-element_type=\"container\" data-e-type=\"container\" data-settings=\"{&quot;background_background&quot;:&quot;classic&quot;}\">\n\t\t\t\t<div class=\"elementor-element elementor-element-8b625ff elementor-widget elementor-widget-image\" data-id=\"8b625ff\" data-element_type=\"widget\" data-e-type=\"widget\" data-widget_type=\"image.default\">\n\t\t\t\t<div class=\"elementor-widget-container\">\n\t\t\t\t\t\t\t\t\t\t\t\t\t\t\t<img fetchpriority=\"high\" decoding=\"async\" width=\"1608\" height=\"1571\" src=\"https:\/\/oltaria.com\/wp-content\/uploads\/2026\/02\/oltaria2.png\" class=\"attachment-full size-full wp-image-4870\" alt=\"Oltaria(2)\" srcset=\"https:\/\/oltaria.com\/wp-content\/uploads\/2026\/02\/oltaria2.png 1608w, https:\/\/oltaria.com\/wp-content\/uploads\/2026\/02\/oltaria2-600x586.png 600w, https:\/\/oltaria.com\/wp-content\/uploads\/2026\/02\/oltaria2-300x293.png 300w, https:\/\/oltaria.com\/wp-content\/uploads\/2026\/02\/oltaria2-1024x1000.png 1024w, https:\/\/oltaria.com\/wp-content\/uploads\/2026\/02\/oltaria2-768x750.png 768w, https:\/\/oltaria.com\/wp-content\/uploads\/2026\/02\/oltaria2-1536x1501.png 1536w\" sizes=\"(max-width: 1608px) 100vw, 1608px\" title=\"\">\t\t\t\t\t\t\t\t\t\t\t\t\t\t\t<\/div>\n\t\t\t\t<\/div>\n\t\t\t\t<div class=\"elementor-element elementor-element-5c24a3bc elementor-widget elementor-widget-heading\" data-id=\"5c24a3bc\" data-element_type=\"widget\" data-e-type=\"widget\" data-widget_type=\"heading.default\">\n\t\t\t\t<div class=\"elementor-widget-container\">\n\t\t\t\t\t<h2 class=\"elementor-heading-title elementor-size-default\">KURSE<\/h2>\t\t\t\t<\/div>\n\t\t\t\t<\/div>\n\t\t\t\t<div class=\"elementor-element elementor-element-5df7ee9 elementor-widget elementor-widget-shortcode\" data-id=\"5df7ee9\" data-element_type=\"widget\" data-e-type=\"widget\" data-widget_type=\"shortcode.default\">\n\t\t\t\t<div class=\"elementor-widget-container\">\n\t\t\t\t\t\t\t<div class=\"elementor-shortcode\"><nav aria-label=\"Semmelbr\u00f6sel\" class=\"rank-math-breadcrumb\"><p><span class=\"last\">Startseite<\/span><\/p><\/nav><\/div>\n\t\t\t\t\t\t<\/div>\n\t\t\t\t<\/div>\n\t\t\t\t<\/div>\n\t\t\t\t<section class=\"elementor-section elementor-top-section elementor-element elementor-element-2ca47f9b elementor-section-boxed elementor-section-height-default elementor-section-height-default\" data-id=\"2ca47f9b\" data-element_type=\"section\" data-e-type=\"section\">\n\t\t\t\t\t\t<div class=\"elementor-container elementor-column-gap-no\">\n\t\t\t\t\t<div class=\"elementor-column elementor-col-100 elementor-top-column elementor-element elementor-element-63b72a36\" data-id=\"63b72a36\" data-element_type=\"column\" data-e-type=\"column\">\n\t\t\t<div class=\"elementor-widget-wrap elementor-element-populated\">\n\t\t\t\t\t\t<div class=\"elementor-element elementor-element-2df42634 elementor-widget elementor-widget-text-editor\" data-id=\"2df42634\" data-element_type=\"widget\" data-e-type=\"widget\" data-widget_type=\"text-editor.default\">\n\t\t\t\t<div class=\"elementor-widget-container\">\n\t\t\t\t\t\t\t\t\t<p data-start=\"180\" data-end=\"315\"><strong>Bei diesen Angeboten handelt es sich um strukturierte Gruppencontainer, die der gemeinsamen Erkundung, dem praktischen Lernen und der kollektiven Integration dienen.<br \/><\/strong>W\u00e4hrend meine Einzelsitzungen auf pers\u00f6nliche Prozesse eingehen, entfalten sich die Kurse im Laufe der Zeit innerhalb einer definierten Struktur - sie verweben somatische Praxis, Reflexion und Ritual in einem gemeinsamen \u00dcbungsfeld. Jeder Kurs hat einen klaren Anfang und ein klares Ende, so dass durch Rhythmus, Struktur und die Pr\u00e4senz der Gemeinschaft Tiefe entstehen kann.<\/p>\t\t\t\t\t\t\t\t<\/div>\n\t\t\t\t<\/div>\n\t\t\t\t<div class=\"elementor-element elementor-element-1697761 elementor-widget-divider--view-line elementor-widget elementor-widget-divider\" data-id=\"1697761\" data-element_type=\"widget\" data-e-type=\"widget\" data-widget_type=\"divider.default\">\n\t\t\t\t<div class=\"elementor-widget-container\">\n\t\t\t\t\t\t\t<div class=\"elementor-divider\">\n\t\t\t<span class=\"elementor-divider-separator\">\n\t\t\t\t\t\t<\/span>\n\t\t<\/div>\n\t\t\t\t\t\t<\/div>\n\t\t\t\t<\/div>\n\t\t\t\t<section class=\"elementor-section elementor-inner-section elementor-element elementor-element-2e173c0c elementor-section-content-middle elementor-section-boxed elementor-section-height-default elementor-section-height-default\" data-id=\"2e173c0c\" data-element_type=\"section\" data-e-type=\"section\">\n\t\t\t\t\t\t<div class=\"elementor-container elementor-column-gap-no\">\n\t\t\t\t\t<div class=\"elementor-column elementor-col-66 elementor-inner-column elementor-element elementor-element-36929a30\" data-id=\"36929a30\" data-element_type=\"column\" data-e-type=\"column\">\n\t\t\t<div class=\"elementor-widget-wrap elementor-element-populated\">\n\t\t\t\t\t\t<div class=\"elementor-element elementor-element-66784db elementor-widget elementor-widget-image\" data-id=\"66784db\" data-element_type=\"widget\" data-e-type=\"widget\" data-widget_type=\"image.default\">\n\t\t\t\t<div class=\"elementor-widget-container\">\n\t\t\t\t\t\t\t\t\t\t\t\t\t\t\t<img decoding=\"async\" width=\"853\" height=\"957\" src=\"https:\/\/oltaria.com\/wp-content\/uploads\/2026\/02\/ancestors.jpg\" class=\"attachment-large size-large wp-image-5106\" alt=\"Ancestors\" srcset=\"https:\/\/oltaria.com\/wp-content\/uploads\/2026\/02\/ancestors.jpg 853w, https:\/\/oltaria.com\/wp-content\/uploads\/2026\/02\/ancestors-600x673.jpg 600w, https:\/\/oltaria.com\/wp-content\/uploads\/2026\/02\/ancestors-267x300.jpg 267w, https:\/\/oltaria.com\/wp-content\/uploads\/2026\/02\/ancestors-768x862.jpg 768w\" sizes=\"(max-width: 853px) 100vw, 853px\" title=\"\">\t\t\t\t\t\t\t\t\t\t\t\t\t\t\t<\/div>\n\t\t\t\t<\/div>\n\t\t\t\t\t<\/div>\n\t\t<\/div>\n\t\t\t\t<div class=\"elementor-column elementor-col-33 elementor-inner-column elementor-element elementor-element-5147b813\" data-id=\"5147b813\" data-element_type=\"column\" data-e-type=\"column\" data-settings=\"{&quot;background_background&quot;:&quot;classic&quot;}\">\n\t\t\t<div class=\"elementor-widget-wrap elementor-element-populated\">\n\t\t\t\t\t\t<div class=\"elementor-element elementor-element-7f8b13c2 elementor-widget elementor-widget-heading\" data-id=\"7f8b13c2\" data-element_type=\"widget\" data-e-type=\"widget\" data-widget_type=\"heading.default\">\n\t\t\t\t<div class=\"elementor-widget-container\">\n\t\t\t\t\t<h3 class=\"elementor-heading-title elementor-size-default\">Spaziergang mit den Weisen und guten Ahnen<\/h3>\t\t\t\t<\/div>\n\t\t\t\t<\/div>\n\t\t\t\t<div class=\"elementor-element elementor-element-542eccc2 elementor-widget__width-initial elementor-widget elementor-widget-text-editor\" data-id=\"542eccc2\" data-element_type=\"widget\" data-e-type=\"widget\" data-widget_type=\"text-editor.default\">\n\t\t\t\t<div class=\"elementor-widget-container\">\n\t\t\t\t\t\t\t\t\t<p>- <strong>Eine 4-w\u00f6chige Einf\u00fchrung in die Unterst\u00fctzung durch die Ahnen<\/strong><br \/>Online - Live - Kleingruppe<\/p>\t\t\t\t\t\t\t\t<\/div>\n\t\t\t\t<\/div>\n\t\t\t\t<div class=\"elementor-element elementor-element-3bfb0d1a elementor-widget-divider--view-line elementor-widget elementor-widget-divider\" data-id=\"3bfb0d1a\" data-element_type=\"widget\" data-e-type=\"widget\" data-widget_type=\"divider.default\">\n\t\t\t\t<div class=\"elementor-widget-container\">\n\t\t\t\t\t\t\t<div class=\"elementor-divider\">\n\t\t\t<span class=\"elementor-divider-separator\">\n\t\t\t\t\t\t<\/span>\n\t\t<\/div>\n\t\t\t\t\t\t<\/div>\n\t\t\t\t<\/div>\n\t\t\t\t<div class=\"elementor-element elementor-element-22d2f409 elementor-widget__width-initial elementor-widget elementor-widget-text-editor\" data-id=\"22d2f409\" data-element_type=\"widget\" data-e-type=\"widget\" data-widget_type=\"text-editor.default\">\n\t\t\t\t<div class=\"elementor-widget-container\">\n\t\t\t\t\t\t\t\t\t<p data-start=\"2344\" data-end=\"2500\">Ein kleines 4-w\u00f6chiges Online-Gruppenangebot f\u00fcr diejenigen, die sich berufen f\u00fchlen, die Verbindung mit unterst\u00fctzenden, geheilten Vorfahren auf eine geerdete und strukturierte Weise zu erkunden.<\/p><p data-start=\"2502\" data-end=\"2689\">Dies ist eine sanfte Einf\u00fchrung, die sich auf Ressourcen und Stabilit\u00e4t aus den Ahnenlinien konzentriert - keine Traumaausgrabung. Wir werden mit somatischer Erdung, gef\u00fchrter Reflexion und einfachen Ritualen in einem kleinen lebenden Container arbeiten.<\/p>\t\t\t\t\t\t\t\t<\/div>\n\t\t\t\t<\/div>\n\t\t\t\t<div class=\"elementor-element elementor-element-1f4db9a4 elementor-align-left elementor-mobile-align-center elementor-widget elementor-widget-button\" data-id=\"1f4db9a4\" data-element_type=\"widget\" data-e-type=\"widget\" data-widget_type=\"button.default\">\n\t\t\t\t<div class=\"elementor-widget-container\">\n\t\t\t\t\t\t\t\t\t<div class=\"elementor-button-wrapper\">\n\t\t\t\t\t<a class=\"elementor-button elementor-button-link elementor-size-sm\" href=\"https:\/\/oltaria.com\/de\/ancestral-connection-course\/\">\n\t\t\t\t\t\t<span class=\"elementor-button-content-wrapper\">\n\t\t\t\t\t\t\t\t\t<span class=\"elementor-button-text\">Mehr lesen<\/span>\n\t\t\t\t\t<\/span>\n\t\t\t\t\t<\/a>\n\t\t\t\t<\/div>\n\t\t\t\t\t\t\t\t<\/div>\n\t\t\t\t<\/div>\n\t\t\t\t\t<\/div>\n\t\t<\/div>\n\t\t\t\t\t<\/div>\n\t\t<\/section>\n\t\t\t\t\t<\/div>\n\t\t<\/div>\n\t\t\t\t\t<\/div>\n\t\t<\/section>\n\t\t\t\t<\/div>","protected":false},"excerpt":{"rendered":"<p>COURSES These offerings are structured group containers designed to support shared exploration, practical learning, and collective integration.While my individual sessions [&hellip;]<\/p>\n","protected":false},"author":1,"featured_media":0,"parent":0,"menu_order":0,"comment_status":"closed","ping_status":"closed","template":"","meta":{"site-sidebar-layout":"no-sidebar","site-content-layout":"page-builder","ast-site-content-layout":"full-width-container","site-content-style":"default","site-sidebar-style":"default","ast-global-header-display":"","ast-banner-title-visibility":"","ast-main-header-display":"","ast-hfb-above-header-display":"","ast-hfb-below-header-display":"","ast-hfb-mobile-header-display":"","site-post-title":"disabled","ast-breadcrumbs-content":"","ast-featured-img":"disabled","footer-sml-layout":"","ast-disable-related-posts":"","theme-transparent-header-meta":"","adv-header-id-meta":"","stick-header-meta":"","header-above-stick-meta":"","header-main-stick-meta":"","header-below-stick-meta":"","astra-migrate-meta-layouts":"set","ast-page-background-enabled":"default","ast-page-background-meta":{"desktop":{"background-color":"","background-image":"","background-repeat":"repeat","background-position":"center center","background-size":"auto","background-attachment":"scroll","background-type":"","background-media":"","overlay-type":"","overlay-color":"","overlay-opacity":"","overlay-gradient":""},"tablet":{"background-color":"","background-image":"","background-repeat":"repeat","background-position":"center center","background-size":"auto","background-attachment":"scroll","background-type":"","background-media":"","overlay-type":"","overlay-color":"","overlay-opacity":"","overlay-gradient":""},"mobile":{"background-color":"","background-image":"","background-repeat":"repeat","background-position":"center center","background-size":"auto","background-attachment":"scroll","background-type":"","background-media":"","overlay-type":"","overlay-color":"","overlay-opacity":"","overlay-gradient":""}},"ast-content-background-meta":{"desktop":{"background-color":"var(--ast-global-color-5)","background-image":"","background-repeat":"repeat","background-position":"center center","background-size":"auto","background-attachment":"scroll","background-type":"","background-media":"","overlay-type":"","overlay-color":"","overlay-opacity":"","overlay-gradient":""},"tablet":{"background-color":"var(--ast-global-color-5)","background-image":"","background-repeat":"repeat","background-position":"center center","background-size":"auto","background-attachment":"scroll","background-type":"","background-media":"","overlay-type":"","overlay-color":"","overlay-opacity":"","overlay-gradient":""},"mobile":{"background-color":"var(--ast-global-color-5)","background-image":"","background-repeat":"repeat","background-position":"center center","background-size":"auto","background-attachment":"scroll","background-type":"","background-media":"","overlay-type":"","overlay-color":"","overlay-opacity":"","overlay-gradient":""}},"_glsr_average":0,"_glsr_ranking":0,"_glsr_reviews":0,"footnotes":""},"class_list":["post-5086","page","type-page","status-publish","hentry"],"jetpack_sharing_enabled":true,"_links":{"self":[{"href":"https:\/\/oltaria.com\/de\/wp-json\/wp\/v2\/pages\/5086","targetHints":{"allow":["GET"]}}],"collection":[{"href":"https:\/\/oltaria.com\/de\/wp-json\/wp\/v2\/pages"}],"about":[{"href":"https:\/\/oltaria.com\/de\/wp-json\/wp\/v2\/types\/page"}],"author":[{"embeddable":true,"href":"https:\/\/oltaria.com\/de\/wp-json\/wp\/v2\/users\/1"}],"replies":[{"embeddable":true,"href":"https:\/\/oltaria.com\/de\/wp-json\/wp\/v2\/comments?post=5086"}],"version-history":[{"count":44,"href":"https:\/\/oltaria.com\/de\/wp-json\/wp\/v2\/pages\/5086\/revisions"}],"predecessor-version":[{"id":5998,"href":"https:\/\/oltaria.com\/de\/wp-json\/wp\/v2\/pages\/5086\/revisions\/5998"}],"wp:attachment":[{"href":"https:\/\/oltaria.com\/de\/wp-json\/wp\/v2\/media?parent=5086"}],"curies":[{"name":"wp","href":"https:\/\/api.w.org\/{rel}","templated":true}]}}