{"id":5093,"date":"2026-02-13T13:54:25","date_gmt":"2026-02-13T13:54:25","guid":{"rendered":"https:\/\/oltaria.com\/?page_id=5093"},"modified":"2026-04-01T19:58:19","modified_gmt":"2026-04-01T19:58:19","slug":"ancestral-connection-course","status":"publish","type":"page","link":"https:\/\/oltaria.com\/de\/ancestral-connection-course\/","title":{"rendered":"Ancestral Connection Course"},"content":{"rendered":"<div data-elementor-type=\"wp-page\" data-elementor-id=\"5093\" class=\"elementor elementor-5093\">\n\t\t\t\t<div class=\"elementor-element elementor-element-aabd4ec e-flex e-con-boxed e-con e-parent\" data-id=\"aabd4ec\" data-element_type=\"container\" data-e-type=\"container\">\n\t\t\t\t\t<div class=\"e-con-inner\">\n\t\t\t\t\t<\/div>\n\t\t\t\t<\/div>\n\t\t\t\t<section class=\"elementor-section elementor-top-section elementor-element elementor-element-615e0285 elementor-section-content-middle elementor-reverse-tablet elementor-reverse-mobile elementor-section-boxed elementor-section-height-default elementor-section-height-default\" data-id=\"615e0285\" data-element_type=\"section\" data-e-type=\"section\" data-settings=\"{&quot;background_background&quot;:&quot;classic&quot;}\">\n\t\t\t\t\t\t\t<div class=\"elementor-background-overlay\"><\/div>\n\t\t\t\t\t\t\t<div class=\"elementor-container elementor-column-gap-no\">\n\t\t\t\t\t<div class=\"elementor-column elementor-col-100 elementor-top-column elementor-element elementor-element-43cf0623\" data-id=\"43cf0623\" data-element_type=\"column\" data-e-type=\"column\">\n\t\t\t<div class=\"elementor-widget-wrap elementor-element-populated\">\n\t\t\t\t\t\t<div class=\"elementor-element elementor-element-7d6404e7 elementor-widget elementor-widget-heading\" data-id=\"7d6404e7\" data-element_type=\"widget\" data-e-type=\"widget\" data-widget_type=\"heading.default\">\n\t\t\t\t<div class=\"elementor-widget-container\">\n\t\t\t\t\t<h2 class=\"elementor-heading-title elementor-size-default\"><a href=\"https:\/\/oltaria.com\/de\/ancestral-connection-course\/\">Verbindung mit unseren Weisen und Wohlgesinnten\n<\/a><\/h2>\t\t\t\t<\/div>\n\t\t\t\t<\/div>\n\t\t<div class=\"elementor-element elementor-element-549fc6f e-grid e-con-boxed e-con e-parent\" data-id=\"549fc6f\" data-element_type=\"container\" data-e-type=\"container\">\n\t\t\t\t\t<div class=\"e-con-inner\">\n\t\t\t\t<div class=\"elementor-element elementor-element-7067766 elementor-widget elementor-widget-text-editor\" data-id=\"7067766\" data-element_type=\"widget\" data-e-type=\"widget\" data-widget_type=\"text-editor.default\">\n\t\t\t\t<div class=\"elementor-widget-container\">\n\t\t\t\t\t\t\t\t\t<h3 data-start=\"177\" data-end=\"225\">Eine 4-w\u00f6chige Einf\u00fchrung in die Unterst\u00fctzung durch die Ahnen<\/h3><h5 data-start=\"177\" data-end=\"225\">Online - Live - Kleingruppe<\/h5><p data-start=\"259\" data-end=\"459\">Es gibt viele Arten von Vorfahren in unserem Stammbaum. Einige trugen ungel\u00f6sten Schmerz in sich. Und irgendwo in diesem Stammbaum gibt es auch diejenigen, die mit Integrit\u00e4t, Belastbarkeit, Weisheit und Liebe gelebt haben.<\/p><p data-start=\"461\" data-end=\"625\"><strong>Dieses Angebot ist eine sanfte und strukturierte Einf\u00fchrung in<\/strong> <strong>Verbindung mit den Weisen und Wohlgesinnten<\/strong> - die geheilten, unterst\u00fctzenden Vorfahren in eurer Abstammungslinie.<\/p><p data-start=\"627\" data-end=\"833\">Anstatt sich direkt auf das Trauma zu konzentrieren, beginnen wir mit der Kultivierung von <strong data-start=\"682\" data-end=\"722\">Ressourcen, Orientierung und Stabilit\u00e4t<\/strong>. Von dieser Basis aus kann sich eine tiefere Beziehung zu den Vorfahren entfalten, und zwar auf eine Art und Weise, die verankert, schrittweise und klar ist.<\/p><p data-start=\"1388\" data-end=\"1483\">....................................................................................................<\/p><p data-start=\"861\" data-end=\"894\">\u00a0 \u00a0<strong>In vier Live-Sitzungen werden wir:<\/strong><\/p><p data-start=\"896\" data-end=\"1160\">- Absicht kl\u00e4ren und auf das Ahnenfeld ausrichten<br data-start=\"949\" data-end=\"952\" \/>- Erforschen Sie die Gaben und Muster der m\u00fctterlichen und v\u00e4terlichen Abstammung<br data-start=\"1018\" data-end=\"1021\" \/>- Pflegen Sie eine geerdete Beziehung zu weisen und unterst\u00fctzenden Vorfahren<br data-start=\"1091\" data-end=\"1094\" \/>- Verankerung von Dankbarkeit und Kontinuit\u00e4t durch einfache Rituale<\/p><p data-start=\"1162\" data-end=\"1184\">\u00a0 \u00a0<strong>Jede Sitzung umfasst:<\/strong><\/p><p data-start=\"1186\" data-end=\"1386\">- sanfte somatische Erdungs\u00fcbungen<br data-start=\"1222\" data-end=\"1225\" \/>- gef\u00fchrte Imaginationsarbeit\u00a0<br data-start=\"1274\" data-end=\"1277\" \/>- Reflexionsjournalismus oder kreative Integration<br data-start=\"1324\" data-end=\"1327\" \/>- Raum f\u00fcr ruhigen Austausch in einem respektvollen Gruppenrahmen<\/p><p data-start=\"1388\" data-end=\"1483\"><strong>Dies ist keine Medialit\u00e4t oder Trancearbeit. Sie ist beziehungsorientiert, somatisch, beinhaltet Intuition und pers\u00f6nliche Unterscheidungskraft.<\/strong><\/p>\t\t\t\t\t\t\t\t<\/div>\n\t\t\t\t<\/div>\n\t\t\t\t<div class=\"elementor-element elementor-element-f7d588b elementor-widget elementor-widget-image\" data-id=\"f7d588b\" data-element_type=\"widget\" data-e-type=\"widget\" data-widget_type=\"image.default\">\n\t\t\t\t<div class=\"elementor-widget-container\">\n\t\t\t\t\t\t\t\t\t\t\t\t\t\t\t<img fetchpriority=\"high\" decoding=\"async\" width=\"853\" height=\"957\" src=\"https:\/\/oltaria.com\/wp-content\/uploads\/2026\/02\/ancestors.jpg\" class=\"attachment-large size-large wp-image-5106\" alt=\"Ancestors\" srcset=\"https:\/\/oltaria.com\/wp-content\/uploads\/2026\/02\/ancestors.jpg 853w, https:\/\/oltaria.com\/wp-content\/uploads\/2026\/02\/ancestors-600x673.jpg 600w, https:\/\/oltaria.com\/wp-content\/uploads\/2026\/02\/ancestors-267x300.jpg 267w, https:\/\/oltaria.com\/wp-content\/uploads\/2026\/02\/ancestors-768x862.jpg 768w\" sizes=\"(max-width: 853px) 100vw, 853px\" title=\"\">\t\t\t\t\t\t\t\t\t\t\t\t\t\t\t<\/div>\n\t\t\t\t<\/div>\n\t\t\t\t\t<\/div>\n\t\t\t\t<\/div>\n\t\t\t\t<div class=\"elementor-element elementor-element-e2154ca elementor-widget-divider--view-line elementor-widget elementor-widget-divider\" data-id=\"e2154ca\" data-element_type=\"widget\" data-e-type=\"widget\" data-widget_type=\"divider.default\">\n\t\t\t\t<div class=\"elementor-widget-container\">\n\t\t\t\t\t\t\t<div class=\"elementor-divider\">\n\t\t\t<span class=\"elementor-divider-separator\">\n\t\t\t\t\t\t<\/span>\n\t\t<\/div>\n\t\t\t\t\t\t<\/div>\n\t\t\t\t<\/div>\n\t\t<div class=\"elementor-element elementor-element-b5b6ad7 e-grid e-con-boxed e-con e-parent\" data-id=\"b5b6ad7\" data-element_type=\"container\" data-e-type=\"container\">\n\t\t\t\t\t<div class=\"e-con-inner\">\n\t\t\t\t<div class=\"elementor-element elementor-element-c77d3e0 elementor-widget elementor-widget-text-editor\" data-id=\"c77d3e0\" data-element_type=\"widget\" data-e-type=\"widget\" data-widget_type=\"text-editor.default\">\n\t\t\t\t<div class=\"elementor-widget-container\">\n\t\t\t\t\t\t\t\t\t<h3>Dieses Angebot kann f\u00fcr Sie hilfreich sein, wenn Sie:<\/h3><p data-start=\"1714\" data-end=\"1971\">- neugierig auf Ihre Abstammung sind, aber nicht wissen, wo Sie anfangen sollen<br data-start=\"1774\" data-end=\"1777\" \/>- Sehnsucht nach einer Verbindung mit einer unterst\u00fctzenden Abstammung und nicht nach einer ererbten Last<br data-start=\"1847\" data-end=\"1850\" \/>- eher einen langsamen, verk\u00f6rperten Ansatz als eine intensive Ausgrabung suchen<br data-start=\"1914\" data-end=\"1917\" \/>- das Gef\u00fchl, dass eine tiefere Heilung durch die Ahnen ansteht<\/p><p data-start=\"1973\" data-end=\"2066\">Dieser Container kann f\u00fcr sich allein stehen oder als Vorbereitung f\u00fcr eine tiefere Ahnenintegrationsarbeit dienen.<\/p>\t\t\t\t\t\t\t\t<\/div>\n\t\t\t\t<\/div>\n\t\t\t\t<div class=\"elementor-element elementor-element-ae9cad4 elementor-widget elementor-widget-text-editor\" data-id=\"ae9cad4\" data-element_type=\"widget\" data-e-type=\"widget\" data-widget_type=\"text-editor.default\">\n\t\t\t\t<div class=\"elementor-widget-container\">\n\t\t\t\t\t\t\t\t\t<h3 data-start=\"2073\" data-end=\"2087\">Information &amp; Anmeldung<\/h3><p data-start=\"2089\" data-end=\"2095\"><strong>Preis: 120 \u20ac.\u00a0<\/strong> (Die Pl\u00e4tze sind begrenzt, um Intimit\u00e4t und Tiefe zu wahren).<br \/><strong>Termine: Um mehr \u00fcber die aktuellen Termine und die Anmeldung zu erfahren, nehmen Sie bitte Kontakt mit mir auf.\u00a0<br \/>Zeit: 19-20 Uhr MEZ<br \/><\/strong><\/p>\t\t\t\t\t\t\t\t<\/div>\n\t\t\t\t<\/div>\n\t\t\t\t\t<\/div>\n\t\t\t\t<\/div>\n\t\t\t\t\t<\/div>\n\t\t<\/div>\n\t\t\t\t\t<\/div>\n\t\t<\/section>\n\t\t<div class=\"elementor-element elementor-element-274f44d e-flex e-con-boxed e-con e-parent\" data-id=\"274f44d\" data-element_type=\"container\" data-e-type=\"container\">\n\t\t\t\t\t<div class=\"e-con-inner\">\n\t\t\t\t<div class=\"elementor-element elementor-element-1b07736 elementor-widget elementor-widget-text-editor\" data-id=\"1b07736\" data-element_type=\"widget\" data-e-type=\"widget\" data-widget_type=\"text-editor.default\">\n\t\t\t\t<div class=\"elementor-widget-container\">\n\t\t\t\t\t\t\t\t\t<h5>WENN SIE MEHR \u00dcBER AHNENLINIENHEILUNG ERFAHREN WOLLEN, SCHAUEN SIE AUF DER SEITE MIT DEN ANGEBOTEN ODER HIER NACH<\/h5>\t\t\t\t\t\t\t\t<\/div>\n\t\t\t\t<\/div>\n\t\t\t\t<div class=\"elementor-element elementor-element-f0eb201 elementor-align-center elementor-widget elementor-widget-button\" data-id=\"f0eb201\" data-element_type=\"widget\" data-e-type=\"widget\" data-widget_type=\"button.default\">\n\t\t\t\t<div class=\"elementor-widget-container\">\n\t\t\t\t\t\t\t\t\t<div class=\"elementor-button-wrapper\">\n\t\t\t\t\t<a class=\"elementor-button elementor-button-link elementor-size-sm\" href=\"https:\/\/oltaria.com\/de\/ancestral-healing-sessions\/\">\n\t\t\t\t\t\t<span class=\"elementor-button-content-wrapper\">\n\t\t\t\t\t\t\t\t\t<span class=\"elementor-button-text\">Klicken Sie hier<\/span>\n\t\t\t\t\t<\/span>\n\t\t\t\t\t<\/a>\n\t\t\t\t<\/div>\n\t\t\t\t\t\t\t\t<\/div>\n\t\t\t\t<\/div>\n\t\t\t\t\t<\/div>\n\t\t\t\t<\/div>\n\t\t\t\t<\/div>","protected":false},"excerpt":{"rendered":"<p>connecting with our wise and well Ones A 4-Week Introduction to Ancestral Support Online \u00b7 Live \u00b7 Small Group There [&hellip;]<\/p>\n","protected":false},"author":1,"featured_media":0,"parent":0,"menu_order":0,"comment_status":"closed","ping_status":"closed","template":"","meta":{"site-sidebar-layout":"no-sidebar","site-content-layout":"page-builder","ast-site-content-layout":"full-width-container","site-content-style":"default","site-sidebar-style":"default","ast-global-header-display":"","ast-banner-title-visibility":"","ast-main-header-display":"","ast-hfb-above-header-display":"","ast-hfb-below-header-display":"","ast-hfb-mobile-header-display":"","site-post-title":"disabled","ast-breadcrumbs-content":"","ast-featured-img":"disabled","footer-sml-layout":"","ast-disable-related-posts":"","theme-transparent-header-meta":"","adv-header-id-meta":"","stick-header-meta":"","header-above-stick-meta":"","header-main-stick-meta":"","header-below-stick-meta":"","astra-migrate-meta-layouts":"set","ast-page-background-enabled":"default","ast-page-background-meta":{"desktop":{"background-color":"","background-image":"","background-repeat":"repeat","background-position":"center center","background-size":"auto","background-attachment":"scroll","background-type":"","background-media":"","overlay-type":"","overlay-color":"","overlay-opacity":"","overlay-gradient":""},"tablet":{"background-color":"","background-image":"","background-repeat":"repeat","background-position":"center center","background-size":"auto","background-attachment":"scroll","background-type":"","background-media":"","overlay-type":"","overlay-color":"","overlay-opacity":"","overlay-gradient":""},"mobile":{"background-color":"","background-image":"","background-repeat":"repeat","background-position":"center center","background-size":"auto","background-attachment":"scroll","background-type":"","background-media":"","overlay-type":"","overlay-color":"","overlay-opacity":"","overlay-gradient":""}},"ast-content-background-meta":{"desktop":{"background-color":"var(--ast-global-color-5)","background-image":"","background-repeat":"repeat","background-position":"center center","background-size":"auto","background-attachment":"scroll","background-type":"","background-media":"","overlay-type":"","overlay-color":"","overlay-opacity":"","overlay-gradient":""},"tablet":{"background-color":"var(--ast-global-color-5)","background-image":"","background-repeat":"repeat","background-position":"center center","background-size":"auto","background-attachment":"scroll","background-type":"","background-media":"","overlay-type":"","overlay-color":"","overlay-opacity":"","overlay-gradient":""},"mobile":{"background-color":"var(--ast-global-color-5)","background-image":"","background-repeat":"repeat","background-position":"center center","background-size":"auto","background-attachment":"scroll","background-type":"","background-media":"","overlay-type":"","overlay-color":"","overlay-opacity":"","overlay-gradient":""}},"_glsr_average":0,"_glsr_ranking":0,"_glsr_reviews":0,"footnotes":""},"class_list":["post-5093","page","type-page","status-publish","hentry"],"jetpack_sharing_enabled":true,"_links":{"self":[{"href":"https:\/\/oltaria.com\/de\/wp-json\/wp\/v2\/pages\/5093","targetHints":{"allow":["GET"]}}],"collection":[{"href":"https:\/\/oltaria.com\/de\/wp-json\/wp\/v2\/pages"}],"about":[{"href":"https:\/\/oltaria.com\/de\/wp-json\/wp\/v2\/types\/page"}],"author":[{"embeddable":true,"href":"https:\/\/oltaria.com\/de\/wp-json\/wp\/v2\/users\/1"}],"replies":[{"embeddable":true,"href":"https:\/\/oltaria.com\/de\/wp-json\/wp\/v2\/comments?post=5093"}],"version-history":[{"count":58,"href":"https:\/\/oltaria.com\/de\/wp-json\/wp\/v2\/pages\/5093\/revisions"}],"predecessor-version":[{"id":5899,"href":"https:\/\/oltaria.com\/de\/wp-json\/wp\/v2\/pages\/5093\/revisions\/5899"}],"wp:attachment":[{"href":"https:\/\/oltaria.com\/de\/wp-json\/wp\/v2\/media?parent=5093"}],"curies":[{"name":"wp","href":"https:\/\/api.w.org\/{rel}","templated":true}]}}