{"id":2749,"date":"2025-12-04T15:29:43","date_gmt":"2025-12-04T15:29:43","guid":{"rendered":"https:\/\/arts-rites.vkusko.com\/?page_id=2749"},"modified":"2026-04-02T09:05:40","modified_gmt":"2026-04-02T09:05:40","slug":"about","status":"publish","type":"page","link":"https:\/\/oltaria.com\/es\/about\/","title":{"rendered":"Biliana Nahual About me"},"content":{"rendered":"<div data-elementor-type=\"wp-page\" data-elementor-id=\"2749\" class=\"elementor elementor-2749\">\n\t\t\t\t<div class=\"elementor-element elementor-element-423d0963 e-con-full e-flex e-con e-parent\" data-id=\"423d0963\" data-element_type=\"container\" data-e-type=\"container\" data-settings=\"{&quot;background_background&quot;:&quot;classic&quot;}\">\n\t\t<div class=\"elementor-element elementor-element-7fdbd911 e-flex e-con-boxed e-con e-child\" data-id=\"7fdbd911\" data-element_type=\"container\" data-e-type=\"container\">\n\t\t\t\t\t<div class=\"e-con-inner\">\n\t\t\t\t<div class=\"elementor-element elementor-element-2362938 elementor-widget elementor-widget-image\" data-id=\"2362938\" data-element_type=\"widget\" data-e-type=\"widget\" data-widget_type=\"image.default\">\n\t\t\t\t<div class=\"elementor-widget-container\">\n\t\t\t\t\t\t\t\t\t\t\t\t\t\t\t<img fetchpriority=\"high\" decoding=\"async\" width=\"1608\" height=\"1571\" src=\"https:\/\/oltaria.com\/wp-content\/uploads\/2026\/02\/oltaria2.png\" class=\"attachment-full size-full wp-image-4870\" alt=\"Oltaria(2)\" srcset=\"https:\/\/oltaria.com\/wp-content\/uploads\/2026\/02\/oltaria2.png 1608w, https:\/\/oltaria.com\/wp-content\/uploads\/2026\/02\/oltaria2-600x586.png 600w, https:\/\/oltaria.com\/wp-content\/uploads\/2026\/02\/oltaria2-300x293.png 300w, https:\/\/oltaria.com\/wp-content\/uploads\/2026\/02\/oltaria2-1024x1000.png 1024w, https:\/\/oltaria.com\/wp-content\/uploads\/2026\/02\/oltaria2-768x750.png 768w, https:\/\/oltaria.com\/wp-content\/uploads\/2026\/02\/oltaria2-1536x1501.png 1536w\" sizes=\"(max-width: 1608px) 100vw, 1608px\" title=\"\">\t\t\t\t\t\t\t\t\t\t\t\t\t\t\t<\/div>\n\t\t\t\t<\/div>\n\t\t\t\t<div class=\"elementor-element elementor-element-47705e8 elementor-widget elementor-widget-heading\" data-id=\"47705e8\" data-element_type=\"widget\" data-e-type=\"widget\" data-widget_type=\"heading.default\">\n\t\t\t\t<div class=\"elementor-widget-container\">\n\t\t\t\t\t<h2 class=\"elementor-heading-title elementor-size-default\">Oltaria<\/h2>\t\t\t\t<\/div>\n\t\t\t\t<\/div>\n\t\t\t\t<div class=\"elementor-element elementor-element-d380af9 elementor-widget elementor-widget-heading\" data-id=\"d380af9\" data-element_type=\"widget\" data-e-type=\"widget\" data-widget_type=\"heading.default\">\n\t\t\t\t<div class=\"elementor-widget-container\">\n\t\t\t\t\t<h2 class=\"elementor-heading-title elementor-size-default\">santuario para tu ser<\/h2>\t\t\t\t<\/div>\n\t\t\t\t<\/div>\n\t\t\t\t<div class=\"elementor-element elementor-element-fd2b4ea elementor-widget elementor-widget-shortcode\" data-id=\"fd2b4ea\" data-element_type=\"widget\" data-e-type=\"widget\" data-widget_type=\"shortcode.default\">\n\t\t\t\t<div class=\"elementor-widget-container\">\n\t\t\t\t\t\t\t<div class=\"elementor-shortcode\"><nav aria-label=\"pan rallado\" class=\"rank-math-breadcrumb\"><p><span class=\"last\">Inicio<\/span><\/p><\/nav><\/div>\n\t\t\t\t\t\t<\/div>\n\t\t\t\t<\/div>\n\t\t\t\t\t<\/div>\n\t\t\t\t<\/div>\n\t\t\t\t<\/div>\n\t\t<div class=\"elementor-element elementor-element-43975a29 e-flex e-con-boxed e-con e-parent\" data-id=\"43975a29\" data-element_type=\"container\" data-e-type=\"container\" data-settings=\"{&quot;background_background&quot;:&quot;classic&quot;}\">\n\t\t\t\t\t<div class=\"e-con-inner\">\n\t\t<div class=\"elementor-element elementor-element-56412419 e-con-full e-flex e-con e-child\" data-id=\"56412419\" data-element_type=\"container\" data-e-type=\"container\">\n\t\t\t\t<div class=\"elementor-element elementor-element-633baefc elementor-widget elementor-widget-image\" data-id=\"633baefc\" data-element_type=\"widget\" data-e-type=\"widget\" data-widget_type=\"image.default\">\n\t\t\t\t<div class=\"elementor-widget-container\">\n\t\t\t\t\t\t\t\t\t\t\t\t\t\t\t<img decoding=\"async\" width=\"600\" height=\"830\" src=\"https:\/\/oltaria.com\/wp-content\/uploads\/2025\/11\/billiana-nahual.jpg\" class=\"attachment-large size-large wp-image-2647\" alt=\"billiana nahual\" srcset=\"https:\/\/oltaria.com\/wp-content\/uploads\/2025\/11\/billiana-nahual.jpg 600w, https:\/\/oltaria.com\/wp-content\/uploads\/2025\/11\/billiana-nahual-217x300.jpg 217w\" sizes=\"(max-width: 600px) 100vw, 600px\" title=\"\">\t\t\t\t\t\t\t\t\t\t\t\t\t\t\t<\/div>\n\t\t\t\t<\/div>\n\t\t\t\t<\/div>\n\t\t<div class=\"elementor-element elementor-element-606cb673 e-con-full e-flex e-con e-child\" data-id=\"606cb673\" data-element_type=\"container\" data-e-type=\"container\">\n\t\t\t\t<div class=\"elementor-element elementor-element-2f6ab3a elementor-widget elementor-widget-heading\" data-id=\"2f6ab3a\" data-element_type=\"widget\" data-e-type=\"widget\" data-widget_type=\"heading.default\">\n\t\t\t\t<div class=\"elementor-widget-container\">\n\t\t\t\t\t<h3 class=\"elementor-heading-title elementor-size-default\">SOBRE M\u00cd<\/h3>\t\t\t\t<\/div>\n\t\t\t\t<\/div>\n\t\t\t\t<div class=\"elementor-element elementor-element-32b93e9 elementor-widget elementor-widget-text-editor\" data-id=\"32b93e9\" data-element_type=\"widget\" data-e-type=\"widget\" data-widget_type=\"text-editor.default\">\n\t\t\t\t<div class=\"elementor-widget-container\">\n\t\t\t\t\t\t\t\t\t<p data-start=\"1650\" data-end=\"1681\"><strong data-start=\"1650\" data-end=\"1681\">Hola, soy Biliana Nahual.<\/strong><\/p><p data-start=\"1683\" data-end=\"2052\">Mi trabajo se desarrolla donde lo ancestral, lo simb\u00f3lico y el mundo vivo se encuentran, apoyando v\u00edas de autoconocimiento, integraci\u00f3n y sanaci\u00f3n. A trav\u00e9s de la creatividad, el ritual y diversas tradiciones hol\u00edsticas, acompa\u00f1o a las personas a reconectar con los sue\u00f1os, la intuici\u00f3n y los paisajes interiores que abren nuevas perspectivas para la transformaci\u00f3n y la relaci\u00f3n renovada con la vida.<\/p><p data-start=\"2054\" data-end=\"2346\">Trabajo como <strong data-start=\"2066\" data-end=\"2114\">facilitador de procesos rituales y creativos<\/strong>, Me baso en la sabidur\u00eda ancestral y tradicional, al tiempo que me mantengo anclada en la pr\u00e1ctica encarnada y basada en la tierra. Tambi\u00e9n soy <strong data-start=\"2235\" data-end=\"2289\">arteterapeuta, profesora de artes expresivas y artista<\/strong>, integrando enfoques som\u00e1ticos, simb\u00f3licos y creativos.<\/p><p data-start=\"2348\" data-end=\"2644\">Mi trabajo apoya la sanaci\u00f3n personal y colectiva, con especial atenci\u00f3n a las transiciones vitales, los estados liminales y los pasajes - lo que yo llamo <strong data-start=\"2486\" data-end=\"2505\">umbrales del alma<\/strong>. Arraigada en una cosmovisi\u00f3n animista, trabajo en relaci\u00f3n con el mundo natural, tendiendo el di\u00e1logo entre los paisajes interiores y exteriores.<\/p>\t\t\t\t\t\t\t\t<\/div>\n\t\t\t\t<\/div>\n\t\t\t\t<\/div>\n\t\t\t\t\t<\/div>\n\t\t\t\t<\/div>\n\t\t\t\t<section class=\"elementor-section elementor-top-section elementor-element elementor-element-4260b446 elementor-section-full_width elementor-section-content-middle elementor-section-height-default elementor-section-height-default\" data-id=\"4260b446\" data-element_type=\"section\" data-e-type=\"section\" data-settings=\"{&quot;background_background&quot;:&quot;classic&quot;}\">\n\t\t\t\t\t\t<div class=\"elementor-container elementor-column-gap-default\">\n\t\t\t\t\t<div class=\"elementor-column elementor-col-50 elementor-top-column elementor-element elementor-element-40e1b501\" data-id=\"40e1b501\" data-element_type=\"column\" data-e-type=\"column\">\n\t\t\t<div class=\"elementor-widget-wrap elementor-element-populated\">\n\t\t\t\t\t\t<div class=\"elementor-element elementor-element-4db1b38 elementor-widget elementor-widget-toggle\" data-id=\"4db1b38\" data-element_type=\"widget\" data-e-type=\"widget\" data-widget_type=\"toggle.default\">\n\t\t\t\t<div class=\"elementor-widget-container\">\n\t\t\t\t\t\t\t<div class=\"elementor-toggle\">\n\t\t\t\t\t\t\t<div class=\"elementor-toggle-item\">\n\t\t\t\t\t<div id=\"elementor-tab-title-8141\" class=\"elementor-tab-title\" data-tab=\"1\" role=\"button\" aria-controls=\"elementor-tab-content-8141\" aria-expanded=\"false\">\n\t\t\t\t\t\t\t\t\t\t\t\t<span class=\"elementor-toggle-icon elementor-toggle-icon-left\" aria-hidden=\"true\">\n\t\t\t\t\t\t\t\t\t\t\t\t\t\t\t<span class=\"elementor-toggle-icon-closed\"><i class=\"fas fa-caret-right\"><\/i><\/span>\n\t\t\t\t\t\t\t\t<span class=\"elementor-toggle-icon-opened\"><i class=\"elementor-toggle-icon-opened fas fa-caret-up\"><\/i><\/span>\n\t\t\t\t\t\t\t\t\t\t\t\t\t<\/span>\n\t\t\t\t\t\t\t\t\t\t\t\t<a class=\"elementor-toggle-title\" tabindex=\"0\">Formaci\u00f3n, pr\u00e1ctica y linaje<\/a>\n\t\t\t\t\t<\/div>\n\n\t\t\t\t\t<div id=\"elementor-tab-content-8141\" class=\"elementor-tab-content elementor-clearfix\" data-tab=\"1\" role=\"region\" aria-labelledby=\"elementor-tab-title-8141\"><p><strong data-start=\"408\" data-end=\"440\"><br \/>Trabajo corporal y terapias som\u00e1ticas<\/strong><\/p><ul><li><strong>Pr\u00e1cticas ecosom\u00e1ticas y corporales <\/strong>con Maria Kiekari\/ Dra. Azra Bertrand<\/li><li><strong>Respiraci\u00f3n<\/strong> \/Formaci\u00f3n de 3er Nivel con Respiraci\u00f3n Transformadora<strong class=\"Yjhzub\">\u00ae<\/strong>, Italia<\/li><li><strong>Shiatsu<\/strong> practicante (Asociaci\u00f3n Europea de Shiatsu)<\/li><li data-start=\"499\" data-end=\"582\"><strong data-start=\"531\" data-end=\"555\">Moxibusti\u00f3n japonesa<\/strong>\u00a0\/Estudio en curso<\/li><li data-start=\"499\" data-end=\"582\">Formaci\u00f3n en <strong>Masajes ayurv\u00e9dicos Masaje tibetano<\/strong>, y el trabajo corporal basado en la energ\u00eda, junto con <strong>Sentimientos curativos Ayurveda<\/strong> masaje (Matuk Guayuba).<\/li><\/ul><p><strong data-start=\"701\" data-end=\"743\">Arte, creatividad y pr\u00e1cticas expresivas<\/strong><\/p><ul><li data-start=\"746\" data-end=\"821\">M\u00e1ster en <strong data-start=\"765\" data-end=\"805\">Arteterapia para la salud y la educaci\u00f3n<\/strong>, IATE, Londres<\/li><li data-start=\"824\" data-end=\"937\">B.A. <strong data-start=\"838\" data-end=\"862\">Academia de Bellas Artes<\/strong>, Florencia, Italia <em data-start=\"884\" data-end=\"935\">(Enfoque en los s\u00edmbolos de la ciencia sagrada y la pintura)<\/em><\/li><li data-start=\"940\" data-end=\"1004\"><strong data-start=\"951\" data-end=\"980\">Pintura e ilustraci\u00f3n<\/strong>, Lucerna, Suiza<\/li><li data-start=\"1007\" data-end=\"1073\"><strong data-start=\"1007\" data-end=\"1052\">Pintura tibetana en miniatura y meditaci\u00f3n<\/strong>, Dharamsala, India<\/li><li data-start=\"1076\" data-end=\"1125\"><strong data-start=\"1076\" data-end=\"1105\">Pintura mogol en miniatura<\/strong>, Rajast\u00e1n, India<\/li><li data-start=\"1128\" data-end=\"1200\"><strong data-start=\"1128\" data-end=\"1146\">Di\u00e1logo en color<\/strong>, Roberto Assagioli, Italia<\/li><\/ul><p><strong data-start=\"1211\" data-end=\"1253\">Tradiciones ancestrales, rituales y curativas<\/strong><\/p><ul><li data-start=\"1256\" data-end=\"1317\">Practicante de <strong data-start=\"1272\" data-end=\"1301\">Sanaci\u00f3n del linaje ancestral<\/strong> (Daniel Foor)<\/li><li data-start=\"1320\" data-end=\"1415\">Formaci\u00f3n en <strong data-start=\"1332\" data-end=\"1369\">Temazcal medicinal y ceremonial<\/strong> (caba\u00f1a de sudaci\u00f3n), tradiciones de M\u00e9xico Central<\/li><li data-start=\"1418\" data-end=\"1519\">Compromiso duradero con <strong data-start=\"1434\" data-end=\"1517\">tradiciones curativas ancestrales de los pueblos ind\u00edgenas de Am\u00e9rica Central y del Sur<\/strong><\/li><li data-start=\"1568\" data-end=\"1649\">Diploma Avanzado en <strong data-start=\"1588\" data-end=\"1609\">Curaci\u00f3n espiritual<\/strong>, Paracelsus Schule, Constanza, Alemania<\/li><li>Formaciones en Asia con un enfoque espiritual e intuitivo <em data-start=\"1714\" data-end=\"1760\">(limpieza del aura, cromoterapia, trabajo energ\u00e9tico)<br \/><\/em><\/li><\/ul><p><strong data-start=\"1773\" data-end=\"1813\">Linaje, inspiraci\u00f3n y estudio continuo<\/strong><\/p><ul><li data-start=\"1816\" data-end=\"1958\">Enraizamiento espiritual a trav\u00e9s de las ense\u00f1anzas de mi <strong data-start=\"1864\" data-end=\"1914\">madre, abuelas, padre y abuelos<\/strong>, y las tradiciones de la tierra b\u00falgara<\/li><li data-start=\"1961\" data-end=\"2009\">Influenciado por las ense\u00f1anzas de <strong data-start=\"1992\" data-end=\"2007\">Petar Dunov<\/strong><\/li><li data-start=\"2012\" data-end=\"2170\">Exploraci\u00f3n en curso de <strong data-start=\"2035\" data-end=\"2057\">Budismo Vajrayana<\/strong>, inspir\u00e1ndose en <strong data-start=\"2081\" data-end=\"2112\">Kriya Yoga, Qi Gong, Tao\u00edsmo<\/strong>, y las tradiciones curativas de <strong data-start=\"2144\" data-end=\"2168\">Mongolia y Siberia<\/strong><\/li><li data-start=\"2173\" data-end=\"2228\">Inter\u00e9s de larga data en la <strong data-start=\"2202\" data-end=\"2226\">historia de las religiones<\/strong><\/li><\/ul><\/div>\n\t\t\t\t<\/div>\n\t\t\t\t\t\t\t<div class=\"elementor-toggle-item\">\n\t\t\t\t\t<div id=\"elementor-tab-title-8142\" class=\"elementor-tab-title\" data-tab=\"2\" role=\"button\" aria-controls=\"elementor-tab-content-8142\" aria-expanded=\"false\">\n\t\t\t\t\t\t\t\t\t\t\t\t<span class=\"elementor-toggle-icon elementor-toggle-icon-left\" aria-hidden=\"true\">\n\t\t\t\t\t\t\t\t\t\t\t\t\t\t\t<span class=\"elementor-toggle-icon-closed\"><i class=\"fas fa-caret-right\"><\/i><\/span>\n\t\t\t\t\t\t\t\t<span class=\"elementor-toggle-icon-opened\"><i class=\"elementor-toggle-icon-opened fas fa-caret-up\"><\/i><\/span>\n\t\t\t\t\t\t\t\t\t\t\t\t\t<\/span>\n\t\t\t\t\t\t\t\t\t\t\t\t<a class=\"elementor-toggle-title\" tabindex=\"0\">Sobre Nahual <\/a>\n\t\t\t\t\t<\/div>\n\n\t\t\t\t\t<div id=\"elementor-tab-content-8142\" class=\"elementor-tab-content elementor-clearfix\" data-tab=\"2\" role=\"region\" aria-labelledby=\"elementor-tab-title-8142\"><p data-start=\"246\" data-end=\"586\"><strong data-start=\"246\" data-end=\"256\"><br \/>Nahual<\/strong> se refiere a una presencia gu\u00eda y protectora que acompa\u00f1a a una persona a trav\u00e9s de procesos de crecimiento y transformaci\u00f3n. En <strong data-start=\"382\" data-end=\"410\">Tradiciones de sabidur\u00eda tolteca<\/strong>, El nahual se entiende como un esp\u00edritu guardi\u00e1n relacionado con el destino y la energ\u00eda vital de una persona, que refleja su forma de ser en relaci\u00f3n con la vida y el mundo natural.<\/p><p data-start=\"588\" data-end=\"998\">Dentro de estas tradiciones, el nahual conlleva la comprensi\u00f3n de <strong data-start=\"653\" data-end=\"683\">transformaci\u00f3n como capacidad<\/strong> - la capacidad de adaptarse, de pasar de un estado a otro, <strong data-start=\"732\" data-end=\"788\">ir m\u00e1s all\u00e1 de identidades fijas o patrones limitantes<\/strong>, y responder creativamente a las circunstancias de la vida. Habla de recordar el propio poder para dar forma al cambio con intenci\u00f3n, sin dejar de estar anclado en uno mismo y en relaci\u00f3n con el mundo vivo en general.<\/p><p data-start=\"1000\" data-end=\"1190\">Mi nombre <em data-start=\"1009\" data-end=\"1017\">Nahual<\/em> fue recibida en una ceremonia de iniciaci\u00f3n mexicana, dentro de un espacio ritual basado en el linaje.  Mantengo este entendimiento para acompa\u00f1ar a otros en tiempos de necesidad, apoyando la presencia, la adaptabilidad y la transformaci\u00f3n consciente dentro del trabajo que compartimos.<\/p><\/div>\n\t\t\t\t<\/div>\n\t\t\t\t\t\t\t<div class=\"elementor-toggle-item\">\n\t\t\t\t\t<div id=\"elementor-tab-title-8143\" class=\"elementor-tab-title\" data-tab=\"3\" role=\"button\" aria-controls=\"elementor-tab-content-8143\" aria-expanded=\"false\">\n\t\t\t\t\t\t\t\t\t\t\t\t<span class=\"elementor-toggle-icon elementor-toggle-icon-left\" aria-hidden=\"true\">\n\t\t\t\t\t\t\t\t\t\t\t\t\t\t\t<span class=\"elementor-toggle-icon-closed\"><i class=\"fas fa-caret-right\"><\/i><\/span>\n\t\t\t\t\t\t\t\t<span class=\"elementor-toggle-icon-opened\"><i class=\"elementor-toggle-icon-opened fas fa-caret-up\"><\/i><\/span>\n\t\t\t\t\t\t\t\t\t\t\t\t\t<\/span>\n\t\t\t\t\t\t\t\t\t\t\t\t<a class=\"elementor-toggle-title\" tabindex=\"0\">C\u00f3mo se desarrolla el trabajo...<\/a>\n\t\t\t\t\t<\/div>\n\n\t\t\t\t\t<div id=\"elementor-tab-content-8143\" class=\"elementor-tab-content elementor-clearfix\" data-tab=\"3\" role=\"region\" aria-labelledby=\"elementor-tab-title-8143\"><p data-start=\"243\" data-end=\"487\"><br \/>Mi trabajo entrelaza arte, ritual, sabidur\u00eda ancestral, psicolog\u00eda y ecolog\u00eda dentro de un enfoque hol\u00edstico y corporal. A trav\u00e9s de la arteterapia y las artes expresivas, la creatividad se convierte en un espacio para el equilibrio emocional, la reflexi\u00f3n y la autoexploraci\u00f3n.<\/p><p data-start=\"489\" data-end=\"793\">Las pr\u00e1cticas ecosom\u00e1ticas, el trabajo corporal y energ\u00e9tico, junto con el asesoramiento y la orientaci\u00f3n intuitivos, favorecen el enraizamiento, la regulaci\u00f3n y la integraci\u00f3n. Las pr\u00e1cticas ancestrales y rituales ofrecen formas de trabajar con la memoria, el linaje y la transici\u00f3n, lo que permite integrar viejos patrones y hacer emerger nuevas formas de ser.<\/p><\/div>\n\t\t\t\t<\/div>\n\t\t\t\t\t\t\t<div class=\"elementor-toggle-item\">\n\t\t\t\t\t<div id=\"elementor-tab-title-8144\" class=\"elementor-tab-title\" data-tab=\"4\" role=\"button\" aria-controls=\"elementor-tab-content-8144\" aria-expanded=\"false\">\n\t\t\t\t\t\t\t\t\t\t\t\t<span class=\"elementor-toggle-icon elementor-toggle-icon-left\" aria-hidden=\"true\">\n\t\t\t\t\t\t\t\t\t\t\t\t\t\t\t<span class=\"elementor-toggle-icon-closed\"><i class=\"fas fa-caret-right\"><\/i><\/span>\n\t\t\t\t\t\t\t\t<span class=\"elementor-toggle-icon-opened\"><i class=\"elementor-toggle-icon-opened fas fa-caret-up\"><\/i><\/span>\n\t\t\t\t\t\t\t\t\t\t\t\t\t<\/span>\n\t\t\t\t\t\t\t\t\t\t\t\t<a class=\"elementor-toggle-title\" tabindex=\"0\">Mi trayectoria y dedicaci\u00f3n...<\/a>\n\t\t\t\t\t<\/div>\n\n\t\t\t\t\t<div id=\"elementor-tab-content-8144\" class=\"elementor-tab-content elementor-clearfix\" data-tab=\"4\" role=\"region\" aria-labelledby=\"elementor-tab-title-8144\"><p data-start=\"312\" data-end=\"627\"><strong data-start=\"312\" data-end=\"379\">Mi camino re\u00fane distintas formas de explorar la vida interior.<\/strong> Arraigada en una cosmovisi\u00f3n animista, cultivo una relaci\u00f3n viva con la naturaleza, honrando las dimensiones visibles e invisibles como expresiones interconectadas de la vida. Esta relaci\u00f3n da forma a mi trabajo, a mis relaciones y a mi manera de conocer el mundo.<\/p><p data-start=\"629\" data-end=\"1153\"><strong>Me dedico a restablecer la relaci\u00f3n entre el ser humano y la naturaleza inspir\u00e1ndome en la sabidur\u00eda ancestral y las pr\u00e1cticas tradicionales de distintas culturas.<\/strong> Tambi\u00e9n me esfuerzo por llevar armon\u00eda y belleza all\u00ed donde estoy, inspirando a la gente para que vea la belleza de la vida por s\u00ed misma. La naturaleza, la creatividad y la imaginaci\u00f3n forman la base de mi acompa\u00f1amiento. A trav\u00e9s de la pr\u00e1ctica creativa, lo simb\u00f3lico encuentra forma y sentido. Apoyo a las personas a reconectar con sus propios recursos internos a trav\u00e9s de su relaci\u00f3n con la naturaleza y el esp\u00edritu.<\/p><p data-start=\"1155\" data-end=\"1481\">Mi formaci\u00f3n ritual y mi pr\u00e1ctica animista beben de las tradiciones curativas ind\u00edgenas de Centroam\u00e9rica y Sudam\u00e9rica, as\u00ed como de los rituales que honran la tierra y las ceremonias de transformaci\u00f3n. Sigo el camino del fuego, base de la tradici\u00f3n del temazcal y del fuego medicinal. Este trabajo se complementa con enfoques ecosom\u00e1ticos y terapias corporales orientales.<\/p><p data-start=\"1483\" data-end=\"1931\">Los viajes, la curiosidad y el cambio continuo han dado forma a mi comprensi\u00f3n de la transformaci\u00f3n como forma de vida. No hay que aferrarse a formas fijas, ya que siempre van y vienen, como las nubes. Tras muchas transformaciones profundas y a veces duras, aprend\u00ed a confiar en la propia fuerza del cambio como una constante y una fuente de arraigo. Sigo afrontando las lecciones y los cambios de la vida con presencia, humildad y el compromiso de aprender junto a los dem\u00e1s.<\/p><\/div>\n\t\t\t\t<\/div>\n\t\t\t\t\t\t\t\t<\/div>\n\t\t\t\t\t\t<\/div>\n\t\t\t\t<\/div>\n\t\t\t\t\t<\/div>\n\t\t<\/div>\n\t\t\t\t<div class=\"elementor-column elementor-col-50 elementor-top-column elementor-element elementor-element-20c17011\" data-id=\"20c17011\" data-element_type=\"column\" data-e-type=\"column\" data-settings=\"{&quot;background_background&quot;:&quot;classic&quot;}\">\n\t\t\t<div class=\"elementor-widget-wrap\">\n\t\t\t\t\t<div class=\"elementor-background-overlay\"><\/div>\n\t\t\t\t\t\t\t<\/div>\n\t\t<\/div>\n\t\t\t\t\t<\/div>\n\t\t<\/section>\n\t\t\t\t<\/div>","protected":false},"excerpt":{"rendered":"<p>Oltaria sanctuary for your being ABOUT ME Hello, I am Biliana Nahual. My work unfolds where the ancestral, the symbolic, [&hellip;]<\/p>\n","protected":false},"author":1,"featured_media":3880,"parent":0,"menu_order":0,"comment_status":"closed","ping_status":"closed","template":"elementor_header_footer","meta":{"site-sidebar-layout":"no-sidebar","site-content-layout":"page-builder","ast-site-content-layout":"full-width-container","site-content-style":"default","site-sidebar-style":"default","ast-global-header-display":"","ast-banner-title-visibility":"","ast-main-header-display":"","ast-hfb-above-header-display":"","ast-hfb-below-header-display":"","ast-hfb-mobile-header-display":"","site-post-title":"disabled","ast-breadcrumbs-content":"","ast-featured-img":"disabled","footer-sml-layout":"","ast-disable-related-posts":"","theme-transparent-header-meta":"","adv-header-id-meta":"","stick-header-meta":"","header-above-stick-meta":"","header-main-stick-meta":"","header-below-stick-meta":"","astra-migrate-meta-layouts":"set","ast-page-background-enabled":"default","ast-page-background-meta":{"desktop":{"background-color":"","background-image":"","background-repeat":"repeat","background-position":"center center","background-size":"auto","background-attachment":"scroll","background-type":"","background-media":"","overlay-type":"","overlay-color":"","overlay-opacity":"","overlay-gradient":""},"tablet":{"background-color":"","background-image":"","background-repeat":"repeat","background-position":"center center","background-size":"auto","background-attachment":"scroll","background-type":"","background-media":"","overlay-type":"","overlay-color":"","overlay-opacity":"","overlay-gradient":""},"mobile":{"background-color":"","background-image":"","background-repeat":"repeat","background-position":"center center","background-size":"auto","background-attachment":"scroll","background-type":"","background-media":"","overlay-type":"","overlay-color":"","overlay-opacity":"","overlay-gradient":""}},"ast-content-background-meta":{"desktop":{"background-color":"var(--ast-global-color-5)","background-image":"","background-repeat":"repeat","background-position":"center center","background-size":"auto","background-attachment":"scroll","background-type":"","background-media":"","overlay-type":"","overlay-color":"","overlay-opacity":"","overlay-gradient":""},"tablet":{"background-color":"var(--ast-global-color-5)","background-image":"","background-repeat":"repeat","background-position":"center center","background-size":"auto","background-attachment":"scroll","background-type":"","background-media":"","overlay-type":"","overlay-color":"","overlay-opacity":"","overlay-gradient":""},"mobile":{"background-color":"var(--ast-global-color-5)","background-image":"","background-repeat":"repeat","background-position":"center center","background-size":"auto","background-attachment":"scroll","background-type":"","background-media":"","overlay-type":"","overlay-color":"","overlay-opacity":"","overlay-gradient":""}},"_glsr_average":0,"_glsr_ranking":0,"_glsr_reviews":0,"footnotes":""},"class_list":["post-2749","page","type-page","status-publish","has-post-thumbnail","hentry"],"jetpack_sharing_enabled":true,"_links":{"self":[{"href":"https:\/\/oltaria.com\/es\/wp-json\/wp\/v2\/pages\/2749","targetHints":{"allow":["GET"]}}],"collection":[{"href":"https:\/\/oltaria.com\/es\/wp-json\/wp\/v2\/pages"}],"about":[{"href":"https:\/\/oltaria.com\/es\/wp-json\/wp\/v2\/types\/page"}],"author":[{"embeddable":true,"href":"https:\/\/oltaria.com\/es\/wp-json\/wp\/v2\/users\/1"}],"replies":[{"embeddable":true,"href":"https:\/\/oltaria.com\/es\/wp-json\/wp\/v2\/comments?post=2749"}],"version-history":[{"count":209,"href":"https:\/\/oltaria.com\/es\/wp-json\/wp\/v2\/pages\/2749\/revisions"}],"predecessor-version":[{"id":5940,"href":"https:\/\/oltaria.com\/es\/wp-json\/wp\/v2\/pages\/2749\/revisions\/5940"}],"wp:featuredmedia":[{"embeddable":true,"href":"https:\/\/oltaria.com\/es\/wp-json\/wp\/v2\/media\/3880"}],"wp:attachment":[{"href":"https:\/\/oltaria.com\/es\/wp-json\/wp\/v2\/media?parent=2749"}],"curies":[{"name":"wp","href":"https:\/\/api.w.org\/{rel}","templated":true}]}}