{"id":3675,"date":"2026-01-07T06:44:10","date_gmt":"2026-01-07T06:44:10","guid":{"rendered":"https:\/\/arts-rites.vkusko.com\/?page_id=3675"},"modified":"2026-03-17T08:35:59","modified_gmt":"2026-03-17T08:35:59","slug":"temazcal","status":"publish","type":"page","link":"https:\/\/oltaria.com\/es\/ritual-earth-based-guidance\/temazcal\/","title":{"rendered":"Temazcal"},"content":{"rendered":"<div data-elementor-type=\"wp-page\" data-elementor-id=\"3675\" class=\"elementor elementor-3675\">\n\t\t\t\t<div class=\"elementor-element elementor-element-53190eb0 e-con-full e-flex e-con e-parent\" data-id=\"53190eb0\" data-element_type=\"container\" data-e-type=\"container\" data-settings=\"{&quot;background_background&quot;:&quot;classic&quot;}\">\n\t\t<div class=\"elementor-element elementor-element-1d11dc8f e-flex e-con-boxed e-con e-child\" data-id=\"1d11dc8f\" data-element_type=\"container\" data-e-type=\"container\">\n\t\t\t\t\t<div class=\"e-con-inner\">\n\t\t\t\t<div class=\"elementor-element elementor-element-77cb345a elementor-widget elementor-widget-image\" data-id=\"77cb345a\" data-element_type=\"widget\" data-e-type=\"widget\" data-widget_type=\"image.default\">\n\t\t\t\t<div class=\"elementor-widget-container\">\n\t\t\t\t\t\t\t\t\t\t\t\t\t\t\t<img fetchpriority=\"high\" decoding=\"async\" width=\"1608\" height=\"1571\" src=\"https:\/\/oltaria.com\/wp-content\/uploads\/2026\/02\/oltaria2.png\" class=\"attachment-full size-full wp-image-4870\" alt=\"Oltaria(2)\" srcset=\"https:\/\/oltaria.com\/wp-content\/uploads\/2026\/02\/oltaria2.png 1608w, https:\/\/oltaria.com\/wp-content\/uploads\/2026\/02\/oltaria2-600x586.png 600w, https:\/\/oltaria.com\/wp-content\/uploads\/2026\/02\/oltaria2-300x293.png 300w, https:\/\/oltaria.com\/wp-content\/uploads\/2026\/02\/oltaria2-1024x1000.png 1024w, https:\/\/oltaria.com\/wp-content\/uploads\/2026\/02\/oltaria2-768x750.png 768w, https:\/\/oltaria.com\/wp-content\/uploads\/2026\/02\/oltaria2-1536x1501.png 1536w\" sizes=\"(max-width: 1608px) 100vw, 1608px\" title=\"\">\t\t\t\t\t\t\t\t\t\t\t\t\t\t\t<\/div>\n\t\t\t\t<\/div>\n\t\t\t\t<div class=\"elementor-element elementor-element-237f7f9 elementor-widget elementor-widget-heading\" data-id=\"237f7f9\" data-element_type=\"widget\" data-e-type=\"widget\" data-widget_type=\"heading.default\">\n\t\t\t\t<div class=\"elementor-widget-container\">\n\t\t\t\t\t<h2 class=\"elementor-heading-title elementor-size-default\">Oltaria<\/h2>\t\t\t\t<\/div>\n\t\t\t\t<\/div>\n\t\t\t\t<div class=\"elementor-element elementor-element-480c5ca elementor-widget elementor-widget-heading\" data-id=\"480c5ca\" data-element_type=\"widget\" data-e-type=\"widget\" data-widget_type=\"heading.default\">\n\t\t\t\t<div class=\"elementor-widget-container\">\n\t\t\t\t\t<h2 class=\"elementor-heading-title elementor-size-default\">santuario para tu ser<\/h2>\t\t\t\t<\/div>\n\t\t\t\t<\/div>\n\t\t\t\t<div class=\"elementor-element elementor-element-4e4a45b4 elementor-widget elementor-widget-shortcode\" data-id=\"4e4a45b4\" data-element_type=\"widget\" data-e-type=\"widget\" data-widget_type=\"shortcode.default\">\n\t\t\t\t<div class=\"elementor-widget-container\">\n\t\t\t\t\t\t\t<div class=\"elementor-shortcode\"><nav aria-label=\"pan rallado\" class=\"rank-math-breadcrumb\"><p><span class=\"last\">Inicio<\/span><\/p><\/nav><\/div>\n\t\t\t\t\t\t<\/div>\n\t\t\t\t<\/div>\n\t\t\t\t\t<\/div>\n\t\t\t\t<\/div>\n\t\t\t\t<\/div>\n\t\t\t\t<section class=\"elementor-section elementor-top-section elementor-element elementor-element-2c6282bd elementor-section-boxed elementor-section-height-default elementor-section-height-default\" data-id=\"2c6282bd\" data-element_type=\"section\" data-e-type=\"section\">\n\t\t\t\t\t\t<div class=\"elementor-container elementor-column-gap-no\">\n\t\t\t\t\t<div class=\"elementor-column elementor-col-100 elementor-top-column elementor-element elementor-element-4322a2bc\" data-id=\"4322a2bc\" data-element_type=\"column\" data-e-type=\"column\">\n\t\t\t<div class=\"elementor-widget-wrap elementor-element-populated\">\n\t\t\t\t\t\t<div class=\"elementor-element elementor-element-31854570 elementor-widget elementor-widget-heading\" data-id=\"31854570\" data-element_type=\"widget\" data-e-type=\"widget\" data-widget_type=\"heading.default\">\n\t\t\t\t<div class=\"elementor-widget-container\">\n\t\t\t\t\t<h2 class=\"elementor-heading-title elementor-size-default\">Temazcal<\/h2>\t\t\t\t<\/div>\n\t\t\t\t<\/div>\n\t\t\t\t<div class=\"elementor-element elementor-element-559d8ff elementor-align-center elementor-widget elementor-widget-button\" data-id=\"559d8ff\" data-element_type=\"widget\" data-e-type=\"widget\" data-widget_type=\"button.default\">\n\t\t\t\t<div class=\"elementor-widget-container\">\n\t\t\t\t\t\t\t\t\t<div class=\"elementor-button-wrapper\">\n\t\t\t\t\t<a class=\"elementor-button elementor-button-link elementor-size-sm\" href=\"\/es\/contacts\/\">\n\t\t\t\t\t\t<span class=\"elementor-button-content-wrapper\">\n\t\t\t\t\t\t\t\t\t<span class=\"elementor-button-text\">P\u00f3ngase en contacto conmigo<\/span>\n\t\t\t\t\t<\/span>\n\t\t\t\t\t<\/a>\n\t\t\t\t<\/div>\n\t\t\t\t\t\t\t\t<\/div>\n\t\t\t\t<\/div>\n\t\t<div class=\"elementor-element elementor-element-3273679 e-grid e-con-full e-con e-parent\" data-id=\"3273679\" data-element_type=\"container\" data-e-type=\"container\">\n\t\t\t\t<div class=\"elementor-element elementor-element-7ddda39 elementor-widget elementor-widget-image\" data-id=\"7ddda39\" data-element_type=\"widget\" data-e-type=\"widget\" data-widget_type=\"image.default\">\n\t\t\t\t<div class=\"elementor-widget-container\">\n\t\t\t\t\t\t\t\t\t\t\t\t\t\t\t<img decoding=\"async\" width=\"768\" height=\"1024\" src=\"https:\/\/oltaria.com\/wp-content\/uploads\/2026\/01\/temazcal-768x1024.jpg\" class=\"attachment-large size-large wp-image-4704\" alt=\"Temazcal\" srcset=\"https:\/\/oltaria.com\/wp-content\/uploads\/2026\/01\/temazcal-768x1024.jpg 768w, https:\/\/oltaria.com\/wp-content\/uploads\/2026\/01\/temazcal-scaled-600x800.jpg 600w, https:\/\/oltaria.com\/wp-content\/uploads\/2026\/01\/temazcal-225x300.jpg 225w, https:\/\/oltaria.com\/wp-content\/uploads\/2026\/01\/temazcal-1152x1536.jpg 1152w, https:\/\/oltaria.com\/wp-content\/uploads\/2026\/01\/temazcal-1536x2048.jpg 1536w, https:\/\/oltaria.com\/wp-content\/uploads\/2026\/01\/temazcal-scaled.jpg 1920w\" sizes=\"(max-width: 768px) 100vw, 768px\" title=\"\">\t\t\t\t\t\t\t\t\t\t\t\t\t\t\t<\/div>\n\t\t\t\t<\/div>\n\t\t\t\t<div class=\"elementor-element elementor-element-a8b737c elementor-widget elementor-widget-text-editor\" data-id=\"a8b737c\" data-element_type=\"widget\" data-e-type=\"widget\" data-widget_type=\"text-editor.default\">\n\t\t\t\t<div class=\"elementor-widget-container\">\n\t\t\t\t\t\t\t\t\t<p data-start=\"350\" data-end=\"597\"><em>Temazcal<\/em> procede de la lengua n\u00e1huatl: <em data-start=\"403\" data-end=\"410\">temaz<\/em> que significa \u201cvapor\u201d o \u201csudor\u201d, y <em data-start=\"443\" data-end=\"450\">calli<\/em> que significa \u201ccasa\u201d. -casa de sudor. En las tradiciones mesoamericanas, el temazcal es un\u00a0 <strong>pr\u00e1ctica ceremonial utilizada para la limpieza, la restauraci\u00f3n y la transici\u00f3n.<\/strong><\/p><p data-start=\"599\" data-end=\"846\">A nivel f\u00edsico, el calor y el vapor favorecen la transpiraci\u00f3n, la circulaci\u00f3n y la relajaci\u00f3n profunda, a menudo acompa\u00f1ados de infusiones de hierbas o trabajos corporales. El temazcal se enfoca como una pr\u00e1ctica tradicional y complementaria m\u00e1s que como un tratamiento m\u00e9dico.<\/p><p data-start=\"848\" data-end=\"1126\">Ceremonialmente, el temazcal se entiende como un <strong data-start=\"894\" data-end=\"941\">regreso simb\u00f3lico al vientre de la Madre Tierra<\/strong>. Piedras volc\u00e1nicas calentadas - a menudo denominadas <em data-start=\"989\" data-end=\"1003\">abuelas<\/em> - aportan calidez, ritmo y continuidad, invitando a la escucha interior y a la conciencia emocional dentro del espacio oscuro y cerrado.<\/p><p data-start=\"1128\" data-end=\"1460\">M\u00e1s all\u00e1 de sus efectos f\u00edsicos, el temazcal ofrece una <strong data-start=\"1179\" data-end=\"1203\">umbral de experiencia<\/strong>. Las condiciones de calor, oscuridad, ritmo y presencia colectiva pueden favorecer la liberaci\u00f3n de tensiones, la aparici\u00f3n de emociones y el cuestionamiento de patrones o creencias habituales. Cada participante es responsable de la forma en que aborda lo que surge.<\/p><p data-start=\"1462\" data-end=\"1687\"><strong>La ceremonia se desarrolla en cuatro rondas<\/strong>, o \u201cpuertas\u201d, a menudo asociadas simb\u00f3licamente con los elementos, las direcciones o las etapas de la vida, y se gu\u00eda con cuidado junto a un guardi\u00e1n del fuego que lo atiende y prepara las piedras.<\/p><p data-start=\"1689\" data-end=\"1959\"><strong>Un temazcal medicinal<\/strong> puede ofrecerse con intenciones espec\u00edficas, apoyado por hierbas, t\u00e9s o trabajo corporal, y adaptado a las necesidades individuales. En las tradiciones mexicanas, el temazcal tambi\u00e9n se ha utilizado en transiciones vitales significativas, como el embarazo, el parto y el posparto.<\/p>\t\t\t\t\t\t\t\t<\/div>\n\t\t\t\t<\/div>\n\t\t\t\t<\/div>\n\t\t\t\t\t<\/div>\n\t\t<\/div>\n\t\t\t\t\t<\/div>\n\t\t<\/section>\n\t\t\t\t<section class=\"elementor-section elementor-top-section elementor-element elementor-element-iswzv50 elementor-section-content-middle elementor-section-full_width elementor-section-height-default elementor-section-height-default\" data-id=\"iswzv50\" data-element_type=\"section\" data-e-type=\"section\" data-settings=\"{&quot;background_background&quot;:&quot;classic&quot;}\">\n\t\t\t\t\t\t\t<div class=\"elementor-background-overlay\"><\/div>\n\t\t\t\t\t\t\t<div class=\"elementor-container elementor-column-gap-no\">\n\t\t\t\t\t<div class=\"elementor-column elementor-col-100 elementor-top-column elementor-element elementor-element-60772b1\" data-id=\"60772b1\" data-element_type=\"column\" data-e-type=\"column\">\n\t\t\t<div class=\"elementor-widget-wrap elementor-element-populated\">\n\t\t\t\t\t\t<div class=\"elementor-element elementor-element-d96df44 elementor-widget elementor-widget-heading\" data-id=\"d96df44\" data-element_type=\"widget\" data-e-type=\"widget\" data-widget_type=\"heading.default\">\n\t\t\t\t<div class=\"elementor-widget-container\">\n\t\t\t\t\t<h5 class=\"elementor-heading-title elementor-size-default\">Subt\u00edtulo de apoyo<\/h5>\t\t\t\t<\/div>\n\t\t\t\t<\/div>\n\t\t\t\t<div class=\"elementor-element elementor-element-7872c98 elementor-widget elementor-widget-heading\" data-id=\"7872c98\" data-element_type=\"widget\" data-e-type=\"widget\" data-widget_type=\"heading.default\">\n\t\t\t\t<div class=\"elementor-widget-container\">\n\t\t\t\t\t<h2 class=\"elementor-heading-title elementor-size-default\">Haga clic en la imagen para m\u00e1s informaci\u00f3n<\/h2>\t\t\t\t<\/div>\n\t\t\t\t<\/div>\n\t\t\t\t<section class=\"elementor-section elementor-inner-section elementor-element elementor-element-0834d95 elementor-section-full_width elementor-section-height-default elementor-section-height-default\" data-id=\"0834d95\" data-element_type=\"section\" data-e-type=\"section\">\n\t\t\t\t\t\t<div class=\"elementor-container elementor-column-gap-no\">\n\t\t\t\t\t<div class=\"elementor-column elementor-col-20 elementor-inner-column elementor-element elementor-element-9f2b31d\" data-id=\"9f2b31d\" data-element_type=\"column\" data-e-type=\"column\">\n\t\t\t<div class=\"elementor-widget-wrap elementor-element-populated\">\n\t\t\t\t\t\t<div class=\"elementor-element elementor-element-1eaee11 elementor-widget elementor-widget-image\" data-id=\"1eaee11\" data-element_type=\"widget\" data-e-type=\"widget\" data-widget_type=\"image.default\">\n\t\t\t\t<div class=\"elementor-widget-container\">\n\t\t\t\t\t\t\t\t\t\t\t\t\t\t\t\t<a href=\"https:\/\/oltaria.com\/es\/rites\/custom-rites\/\">\n\t\t\t\t\t\t\t<img decoding=\"async\" width=\"526\" height=\"526\" src=\"https:\/\/oltaria.com\/wp-content\/uploads\/2026\/01\/mama-blessing-.com_-e1769882677731.jpg\" class=\"attachment-large size-large wp-image-4734\" alt=\"Mama Blessing .com\" srcset=\"https:\/\/oltaria.com\/wp-content\/uploads\/2026\/01\/mama-blessing-.com_-e1769882677731.jpg 526w, https:\/\/oltaria.com\/wp-content\/uploads\/2026\/01\/mama-blessing-.com_-e1769882677731-300x300.jpg 300w, https:\/\/oltaria.com\/wp-content\/uploads\/2026\/01\/mama-blessing-.com_-e1769882677731-100x100.jpg 100w, https:\/\/oltaria.com\/wp-content\/uploads\/2026\/01\/mama-blessing-.com_-e1769882677731-150x150.jpg 150w\" sizes=\"(max-width: 526px) 100vw, 526px\" title=\"\">\t\t\t\t\t\t\t\t<\/a>\n\t\t\t\t\t\t\t\t\t\t\t\t\t\t\t<\/div>\n\t\t\t\t<\/div>\n\t\t\t\t<div class=\"elementor-element elementor-element-03e7550 elementor-widget elementor-widget-heading\" data-id=\"03e7550\" data-element_type=\"widget\" data-e-type=\"widget\" data-widget_type=\"heading.default\">\n\t\t\t\t<div class=\"elementor-widget-container\">\n\t\t\t\t\t<h3 class=\"elementor-heading-title elementor-size-default\"><a href=\"https:\/\/oltaria.com\/es\/rites\/custom-rites\/\">Ritos de paso personalizados<\/a><\/h3>\t\t\t\t<\/div>\n\t\t\t\t<\/div>\n\t\t\t\t\t<\/div>\n\t\t<\/div>\n\t\t\t\t<div class=\"elementor-column elementor-col-20 elementor-inner-column elementor-element elementor-element-09957ab\" data-id=\"09957ab\" data-element_type=\"column\" data-e-type=\"column\">\n\t\t\t<div class=\"elementor-widget-wrap elementor-element-populated\">\n\t\t\t\t\t\t<div class=\"elementor-element elementor-element-ec9c23c elementor-widget elementor-widget-image\" data-id=\"ec9c23c\" data-element_type=\"widget\" data-e-type=\"widget\" data-widget_type=\"image.default\">\n\t\t\t\t<div class=\"elementor-widget-container\">\n\t\t\t\t\t\t\t\t\t\t\t\t\t\t\t\t<a href=\"\/es\/rites\/rapeh-tobacoo-herbs-rituals\/\">\n\t\t\t\t\t\t\t<img loading=\"lazy\" decoding=\"async\" width=\"320\" height=\"320\" src=\"https:\/\/oltaria.com\/wp-content\/uploads\/2026\/01\/Rapeh-Tobacoo-Herbs-Rituals.webp\" class=\"attachment-large size-large wp-image-3599\" alt=\"Rapeh Tobacoo Herbs Rituals\" srcset=\"https:\/\/oltaria.com\/wp-content\/uploads\/2026\/01\/Rapeh-Tobacoo-Herbs-Rituals.webp 320w, https:\/\/oltaria.com\/wp-content\/uploads\/2026\/01\/Rapeh-Tobacoo-Herbs-Rituals-300x300.webp 300w, https:\/\/oltaria.com\/wp-content\/uploads\/2026\/01\/Rapeh-Tobacoo-Herbs-Rituals-100x100.webp 100w, https:\/\/oltaria.com\/wp-content\/uploads\/2026\/01\/Rapeh-Tobacoo-Herbs-Rituals-150x150.webp 150w\" sizes=\"(max-width: 320px) 100vw, 320px\" title=\"\">\t\t\t\t\t\t\t\t<\/a>\n\t\t\t\t\t\t\t\t\t\t\t\t\t\t\t<\/div>\n\t\t\t\t<\/div>\n\t\t\t\t<div class=\"elementor-element elementor-element-4e4a2f5 elementor-widget elementor-widget-heading\" data-id=\"4e4a2f5\" data-element_type=\"widget\" data-e-type=\"widget\" data-widget_type=\"heading.default\">\n\t\t\t\t<div class=\"elementor-widget-container\">\n\t\t\t\t\t<h3 class=\"elementor-heading-title elementor-size-default\"><a href=\"\/es\/rites\/rapeh-tobacoo-herbs-rituals\/\">Rapeh\/Tabaco\/Hierbas\/Limpieza Energ\u00e9tica <\/a><\/h3>\t\t\t\t<\/div>\n\t\t\t\t<\/div>\n\t\t\t\t\t<\/div>\n\t\t<\/div>\n\t\t\t\t<div class=\"elementor-column elementor-col-20 elementor-inner-column elementor-element elementor-element-988710c\" data-id=\"988710c\" data-element_type=\"column\" data-e-type=\"column\">\n\t\t\t<div class=\"elementor-widget-wrap elementor-element-populated\">\n\t\t\t\t\t\t<div class=\"elementor-element elementor-element-adf7c99 elementor-widget elementor-widget-image\" data-id=\"adf7c99\" data-element_type=\"widget\" data-e-type=\"widget\" data-widget_type=\"image.default\">\n\t\t\t\t<div class=\"elementor-widget-container\">\n\t\t\t\t\t\t\t\t\t\t\t\t\t\t\t\t<a href=\"\/es\/rites\/shamanic-journeys\/\">\n\t\t\t\t\t\t\t<img loading=\"lazy\" decoding=\"async\" width=\"1024\" height=\"1024\" src=\"https:\/\/oltaria.com\/wp-content\/uploads\/2026\/01\/Shamanic-Journeys-1024x1024.jpg\" class=\"attachment-large size-large wp-image-3601\" alt=\"Shamanic Journeys\" srcset=\"https:\/\/oltaria.com\/wp-content\/uploads\/2026\/01\/Shamanic-Journeys-1024x1024.jpg 1024w, https:\/\/oltaria.com\/wp-content\/uploads\/2026\/01\/Shamanic-Journeys-300x300.jpg 300w, https:\/\/oltaria.com\/wp-content\/uploads\/2026\/01\/Shamanic-Journeys-100x100.jpg 100w, https:\/\/oltaria.com\/wp-content\/uploads\/2026\/01\/Shamanic-Journeys-600x600.jpg 600w, https:\/\/oltaria.com\/wp-content\/uploads\/2026\/01\/Shamanic-Journeys-150x150.jpg 150w, https:\/\/oltaria.com\/wp-content\/uploads\/2026\/01\/Shamanic-Journeys-768x768.jpg 768w, https:\/\/oltaria.com\/wp-content\/uploads\/2026\/01\/Shamanic-Journeys.jpg 1330w\" sizes=\"(max-width: 1024px) 100vw, 1024px\" title=\"\">\t\t\t\t\t\t\t\t<\/a>\n\t\t\t\t\t\t\t\t\t\t\t\t\t\t\t<\/div>\n\t\t\t\t<\/div>\n\t\t\t\t<div class=\"elementor-element elementor-element-36b7580 elementor-widget elementor-widget-heading\" data-id=\"36b7580\" data-element_type=\"widget\" data-e-type=\"widget\" data-widget_type=\"heading.default\">\n\t\t\t\t<div class=\"elementor-widget-container\">\n\t\t\t\t\t<h3 class=\"elementor-heading-title elementor-size-default\"><a href=\"\/es\/rites\/shamanic-journeys\/\">Viajes cham\u00e1nicos<\/a><\/h3>\t\t\t\t<\/div>\n\t\t\t\t<\/div>\n\t\t\t\t\t<\/div>\n\t\t<\/div>\n\t\t\t\t<div class=\"elementor-column elementor-col-20 elementor-inner-column elementor-element elementor-element-e78192b\" data-id=\"e78192b\" data-element_type=\"column\" data-e-type=\"column\">\n\t\t\t<div class=\"elementor-widget-wrap elementor-element-populated\">\n\t\t\t\t\t\t<div class=\"elementor-element elementor-element-859f95d elementor-widget elementor-widget-image\" data-id=\"859f95d\" data-element_type=\"widget\" data-e-type=\"widget\" data-widget_type=\"image.default\">\n\t\t\t\t<div class=\"elementor-widget-container\">\n\t\t\t\t\t\t\t\t\t\t\t\t\t\t\t\t<a href=\"\/es\/rites\/temazcal\/\">\n\t\t\t\t\t\t\t<img loading=\"lazy\" decoding=\"async\" width=\"427\" height=\"427\" src=\"https:\/\/oltaria.com\/wp-content\/uploads\/2026\/01\/Ceremonial-and-Medicinal-Temazcal.webp\" class=\"attachment-large size-large wp-image-3602\" alt=\"Ceremonial And Medicinal Temazcal\" srcset=\"https:\/\/oltaria.com\/wp-content\/uploads\/2026\/01\/Ceremonial-and-Medicinal-Temazcal.webp 427w, https:\/\/oltaria.com\/wp-content\/uploads\/2026\/01\/Ceremonial-and-Medicinal-Temazcal-300x300.webp 300w, https:\/\/oltaria.com\/wp-content\/uploads\/2026\/01\/Ceremonial-and-Medicinal-Temazcal-100x100.webp 100w, https:\/\/oltaria.com\/wp-content\/uploads\/2026\/01\/Ceremonial-and-Medicinal-Temazcal-150x150.webp 150w\" sizes=\"(max-width: 427px) 100vw, 427px\" title=\"\">\t\t\t\t\t\t\t\t<\/a>\n\t\t\t\t\t\t\t\t\t\t\t\t\t\t\t<\/div>\n\t\t\t\t<\/div>\n\t\t\t\t<div class=\"elementor-element elementor-element-b46873a elementor-widget elementor-widget-heading\" data-id=\"b46873a\" data-element_type=\"widget\" data-e-type=\"widget\" data-widget_type=\"heading.default\">\n\t\t\t\t<div class=\"elementor-widget-container\">\n\t\t\t\t\t<h3 class=\"elementor-heading-title elementor-size-default\"><a href=\"\/es\/rites\/temazcal\/\">Temazcal ceremonial y medicinal (sweatlodge)<\/a><\/h3>\t\t\t\t<\/div>\n\t\t\t\t<\/div>\n\t\t\t\t\t<\/div>\n\t\t<\/div>\n\t\t\t\t<div class=\"elementor-column elementor-col-20 elementor-inner-column elementor-element elementor-element-8ee4ec1\" data-id=\"8ee4ec1\" data-element_type=\"column\" data-e-type=\"column\">\n\t\t\t<div class=\"elementor-widget-wrap elementor-element-populated\">\n\t\t\t\t\t\t<div class=\"elementor-element elementor-element-cbfa00e elementor-widget elementor-widget-image\" data-id=\"cbfa00e\" data-element_type=\"widget\" data-e-type=\"widget\" data-widget_type=\"image.default\">\n\t\t\t\t<div class=\"elementor-widget-container\">\n\t\t\t\t\t\t\t\t\t\t\t\t\t\t\t\t<a href=\"\/es\/rites\/cacao-rituals\/\">\n\t\t\t\t\t\t\t<img loading=\"lazy\" decoding=\"async\" width=\"320\" height=\"320\" src=\"https:\/\/oltaria.com\/wp-content\/uploads\/2026\/01\/Cacao-Rituals.webp\" class=\"attachment-large size-large wp-image-3603\" alt=\"Cacao Rituals\" srcset=\"https:\/\/oltaria.com\/wp-content\/uploads\/2026\/01\/Cacao-Rituals.webp 320w, https:\/\/oltaria.com\/wp-content\/uploads\/2026\/01\/Cacao-Rituals-300x300.webp 300w, https:\/\/oltaria.com\/wp-content\/uploads\/2026\/01\/Cacao-Rituals-100x100.webp 100w, https:\/\/oltaria.com\/wp-content\/uploads\/2026\/01\/Cacao-Rituals-150x150.webp 150w\" sizes=\"(max-width: 320px) 100vw, 320px\" title=\"\">\t\t\t\t\t\t\t\t<\/a>\n\t\t\t\t\t\t\t\t\t\t\t\t\t\t\t<\/div>\n\t\t\t\t<\/div>\n\t\t\t\t<div class=\"elementor-element elementor-element-2edef0d elementor-widget elementor-widget-heading\" data-id=\"2edef0d\" data-element_type=\"widget\" data-e-type=\"widget\" data-widget_type=\"heading.default\">\n\t\t\t\t<div class=\"elementor-widget-container\">\n\t\t\t\t\t<h3 class=\"elementor-heading-title elementor-size-default\"><a href=\"\/es\/rites\/cacao-rituals\/\">Rituales con cacao<\/a><\/h3>\t\t\t\t<\/div>\n\t\t\t\t<\/div>\n\t\t\t\t\t<\/div>\n\t\t<\/div>\n\t\t\t\t\t<\/div>\n\t\t<\/section>\n\t\t\t\t\t<\/div>\n\t\t<\/div>\n\t\t\t\t\t<\/div>\n\t\t<\/section>\n\t\t\t\t<\/div>","protected":false},"excerpt":{"rendered":"<p>Oltaria sanctuary for your being Temazcal Contact Me Temazcal comes from the Nahuatl language: temaz meaning \u201csteam\u201d or \u201csweat,\u201d and [&hellip;]<\/p>\n","protected":false},"author":1,"featured_media":0,"parent":2978,"menu_order":0,"comment_status":"closed","ping_status":"closed","template":"","meta":{"site-sidebar-layout":"no-sidebar","site-content-layout":"page-builder","ast-site-content-layout":"full-width-container","site-content-style":"default","site-sidebar-style":"default","ast-global-header-display":"","ast-banner-title-visibility":"","ast-main-header-display":"","ast-hfb-above-header-display":"","ast-hfb-below-header-display":"","ast-hfb-mobile-header-display":"","site-post-title":"disabled","ast-breadcrumbs-content":"","ast-featured-img":"disabled","footer-sml-layout":"","ast-disable-related-posts":"","theme-transparent-header-meta":"","adv-header-id-meta":"","stick-header-meta":"","header-above-stick-meta":"","header-main-stick-meta":"","header-below-stick-meta":"","astra-migrate-meta-layouts":"set","ast-page-background-enabled":"default","ast-page-background-meta":{"desktop":{"background-color":"","background-image":"","background-repeat":"repeat","background-position":"center center","background-size":"auto","background-attachment":"scroll","background-type":"","background-media":"","overlay-type":"","overlay-color":"","overlay-opacity":"","overlay-gradient":""},"tablet":{"background-color":"","background-image":"","background-repeat":"repeat","background-position":"center center","background-size":"auto","background-attachment":"scroll","background-type":"","background-media":"","overlay-type":"","overlay-color":"","overlay-opacity":"","overlay-gradient":""},"mobile":{"background-color":"","background-image":"","background-repeat":"repeat","background-position":"center center","background-size":"auto","background-attachment":"scroll","background-type":"","background-media":"","overlay-type":"","overlay-color":"","overlay-opacity":"","overlay-gradient":""}},"ast-content-background-meta":{"desktop":{"background-color":"var(--ast-global-color-5)","background-image":"","background-repeat":"repeat","background-position":"center center","background-size":"auto","background-attachment":"scroll","background-type":"","background-media":"","overlay-type":"","overlay-color":"","overlay-opacity":"","overlay-gradient":""},"tablet":{"background-color":"var(--ast-global-color-5)","background-image":"","background-repeat":"repeat","background-position":"center center","background-size":"auto","background-attachment":"scroll","background-type":"","background-media":"","overlay-type":"","overlay-color":"","overlay-opacity":"","overlay-gradient":""},"mobile":{"background-color":"var(--ast-global-color-5)","background-image":"","background-repeat":"repeat","background-position":"center center","background-size":"auto","background-attachment":"scroll","background-type":"","background-media":"","overlay-type":"","overlay-color":"","overlay-opacity":"","overlay-gradient":""}},"_glsr_average":0,"_glsr_ranking":0,"_glsr_reviews":0,"footnotes":""},"class_list":["post-3675","page","type-page","status-publish","hentry"],"jetpack_sharing_enabled":true,"_links":{"self":[{"href":"https:\/\/oltaria.com\/es\/wp-json\/wp\/v2\/pages\/3675","targetHints":{"allow":["GET"]}}],"collection":[{"href":"https:\/\/oltaria.com\/es\/wp-json\/wp\/v2\/pages"}],"about":[{"href":"https:\/\/oltaria.com\/es\/wp-json\/wp\/v2\/types\/page"}],"author":[{"embeddable":true,"href":"https:\/\/oltaria.com\/es\/wp-json\/wp\/v2\/users\/1"}],"replies":[{"embeddable":true,"href":"https:\/\/oltaria.com\/es\/wp-json\/wp\/v2\/comments?post=3675"}],"version-history":[{"count":43,"href":"https:\/\/oltaria.com\/es\/wp-json\/wp\/v2\/pages\/3675\/revisions"}],"predecessor-version":[{"id":5577,"href":"https:\/\/oltaria.com\/es\/wp-json\/wp\/v2\/pages\/3675\/revisions\/5577"}],"up":[{"embeddable":true,"href":"https:\/\/oltaria.com\/es\/wp-json\/wp\/v2\/pages\/2978"}],"wp:attachment":[{"href":"https:\/\/oltaria.com\/es\/wp-json\/wp\/v2\/media?parent=3675"}],"curies":[{"name":"wp","href":"https:\/\/api.w.org\/{rel}","templated":true}]}}