{"id":4210,"date":"2026-01-26T22:45:17","date_gmt":"2026-01-26T22:45:17","guid":{"rendered":"https:\/\/oltaria.com\/?page_id=4210"},"modified":"2026-03-17T08:36:58","modified_gmt":"2026-03-17T08:36:58","slug":"spiritual-guidance","status":"publish","type":"page","link":"https:\/\/oltaria.com\/es\/spiritual-guidance\/","title":{"rendered":"Orientaci\u00f3n espiritual e intuitiva"},"content":{"rendered":"<div data-elementor-type=\"wp-post\" data-elementor-id=\"4210\" class=\"elementor elementor-4210\">\n\t\t\t\t<div class=\"elementor-element elementor-element-4c5e066c e-con-full e-flex e-con e-parent\" data-id=\"4c5e066c\" data-element_type=\"container\" data-e-type=\"container\" data-settings=\"{&quot;background_background&quot;:&quot;classic&quot;}\">\n\t\t<div class=\"elementor-element elementor-element-1b0a45ed e-flex e-con-boxed e-con e-child\" data-id=\"1b0a45ed\" data-element_type=\"container\" data-e-type=\"container\">\n\t\t\t\t\t<div class=\"e-con-inner\">\n\t\t\t\t<div class=\"elementor-element elementor-element-44c720f0 elementor-widget elementor-widget-image\" data-id=\"44c720f0\" data-element_type=\"widget\" data-e-type=\"widget\" data-widget_type=\"image.default\">\n\t\t\t\t<div class=\"elementor-widget-container\">\n\t\t\t\t\t\t\t\t\t\t\t\t\t\t\t<img fetchpriority=\"high\" decoding=\"async\" width=\"1608\" height=\"1571\" src=\"https:\/\/oltaria.com\/wp-content\/uploads\/2026\/02\/oltaria2.png\" class=\"attachment-full size-full wp-image-4870\" alt=\"Oltaria(2)\" srcset=\"https:\/\/oltaria.com\/wp-content\/uploads\/2026\/02\/oltaria2.png 1608w, https:\/\/oltaria.com\/wp-content\/uploads\/2026\/02\/oltaria2-600x586.png 600w, https:\/\/oltaria.com\/wp-content\/uploads\/2026\/02\/oltaria2-300x293.png 300w, https:\/\/oltaria.com\/wp-content\/uploads\/2026\/02\/oltaria2-1024x1000.png 1024w, https:\/\/oltaria.com\/wp-content\/uploads\/2026\/02\/oltaria2-768x750.png 768w, https:\/\/oltaria.com\/wp-content\/uploads\/2026\/02\/oltaria2-1536x1501.png 1536w\" sizes=\"(max-width: 1608px) 100vw, 1608px\" title=\"\">\t\t\t\t\t\t\t\t\t\t\t\t\t\t\t<\/div>\n\t\t\t\t<\/div>\n\t\t\t\t<div class=\"elementor-element elementor-element-8c5ac55 elementor-widget elementor-widget-heading\" data-id=\"8c5ac55\" data-element_type=\"widget\" data-e-type=\"widget\" data-widget_type=\"heading.default\">\n\t\t\t\t<div class=\"elementor-widget-container\">\n\t\t\t\t\t<h2 class=\"elementor-heading-title elementor-size-default\">Oltaria<\/h2>\t\t\t\t<\/div>\n\t\t\t\t<\/div>\n\t\t\t\t<div class=\"elementor-element elementor-element-7b24bfb elementor-widget elementor-widget-heading\" data-id=\"7b24bfb\" data-element_type=\"widget\" data-e-type=\"widget\" data-widget_type=\"heading.default\">\n\t\t\t\t<div class=\"elementor-widget-container\">\n\t\t\t\t\t<h2 class=\"elementor-heading-title elementor-size-default\">santuario para tu ser<\/h2>\t\t\t\t<\/div>\n\t\t\t\t<\/div>\n\t\t\t\t<div class=\"elementor-element elementor-element-5162883e elementor-widget elementor-widget-shortcode\" data-id=\"5162883e\" data-element_type=\"widget\" data-e-type=\"widget\" data-widget_type=\"shortcode.default\">\n\t\t\t\t<div class=\"elementor-widget-container\">\n\t\t\t\t\t\t\t<div class=\"elementor-shortcode\"><nav aria-label=\"pan rallado\" class=\"rank-math-breadcrumb\"><p><span class=\"last\">Inicio<\/span><\/p><\/nav><\/div>\n\t\t\t\t\t\t<\/div>\n\t\t\t\t<\/div>\n\t\t\t\t\t<\/div>\n\t\t\t\t<\/div>\n\t\t\t\t<\/div>\n\t\t\t\t<section class=\"elementor-section elementor-top-section elementor-element elementor-element-3b2a2cf9 elementor-section-boxed elementor-section-height-default elementor-section-height-default\" data-id=\"3b2a2cf9\" data-element_type=\"section\" data-e-type=\"section\" data-settings=\"{&quot;background_background&quot;:&quot;classic&quot;}\">\n\t\t\t\t\t\t<div class=\"elementor-container elementor-column-gap-no\">\n\t\t\t\t\t<div class=\"elementor-column elementor-col-100 elementor-top-column elementor-element elementor-element-507ae325\" data-id=\"507ae325\" data-element_type=\"column\" data-e-type=\"column\">\n\t\t\t<div class=\"elementor-widget-wrap elementor-element-populated\">\n\t\t\t\t\t\t<div class=\"elementor-element elementor-element-63ae9447 elementor-widget elementor-widget-heading\" data-id=\"63ae9447\" data-element_type=\"widget\" data-e-type=\"widget\" data-widget_type=\"heading.default\">\n\t\t\t\t<div class=\"elementor-widget-container\">\n\t\t\t\t\t<h2 class=\"elementor-heading-title elementor-size-default\">gu\u00eda espiritual e intuitiva<\/h2>\t\t\t\t<\/div>\n\t\t\t\t<\/div>\n\t\t\t\t\t<\/div>\n\t\t<\/div>\n\t\t\t\t\t<\/div>\n\t\t<\/section>\n\t\t\t\t<section class=\"elementor-section elementor-top-section elementor-element elementor-element-2bd852d elementor-section-content-middle elementor-reverse-tablet elementor-reverse-mobile elementor-section-boxed elementor-section-height-default elementor-section-height-default\" data-id=\"2bd852d\" data-element_type=\"section\" data-e-type=\"section\" data-settings=\"{&quot;background_background&quot;:&quot;classic&quot;}\">\n\t\t\t\t\t\t\t<div class=\"elementor-background-overlay\"><\/div>\n\t\t\t\t\t\t\t<div class=\"elementor-container elementor-column-gap-no\">\n\t\t\t\t\t<div class=\"elementor-column elementor-col-50 elementor-top-column elementor-element elementor-element-689c6b51\" data-id=\"689c6b51\" data-element_type=\"column\" data-e-type=\"column\" data-settings=\"{&quot;background_background&quot;:&quot;classic&quot;}\">\n\t\t\t<div class=\"elementor-widget-wrap elementor-element-populated\">\n\t\t\t\t\t\t<div class=\"elementor-element elementor-element-81d82b3 elementor-widget elementor-widget-heading\" data-id=\"81d82b3\" data-element_type=\"widget\" data-e-type=\"widget\" data-widget_type=\"heading.default\">\n\t\t\t\t<div class=\"elementor-widget-container\">\n\t\t\t\t\t<h2 class=\"elementor-heading-title elementor-size-default\">conectar con lo sutil<\/h2>\t\t\t\t<\/div>\n\t\t\t\t<\/div>\n\t\t\t\t<div class=\"elementor-element elementor-element-a2c907f elementor-widget__width-initial elementor-widget elementor-widget-text-editor\" data-id=\"a2c907f\" data-element_type=\"widget\" data-e-type=\"widget\" data-widget_type=\"text-editor.default\">\n\t\t\t\t<div class=\"elementor-widget-container\">\n\t\t\t\t\t\t\t\t\t<p data-start=\"512\" data-end=\"885\">Esta puerta ofrece acompa\u00f1amiento en relaci\u00f3n con <strong>capas m\u00e1s sutiles de significado y conocimiento, a menudo experimentadas a trav\u00e9s de im\u00e1genes interiores, recuerdos, sensaciones corporales, intuiciones o impresiones simb\u00f3licas.<\/strong> Pueden surgir en relaci\u00f3n con la ascendencia, la naturaleza o los linajes de pr\u00e1ctica, y se abordan como <em data-start=\"823\" data-end=\"848\">relacional y simb\u00f3lico<\/em> .<\/p><p data-start=\"887\" data-end=\"1217\"><strong>Las sesiones combinan la gu\u00eda intuitiva y la conversaci\u00f3n reflexiva<\/strong> con meditaci\u00f3n, exploraci\u00f3n creativa y gestos rituales sencillos. Mi papel es ofrecer una presencia atenta y un reflejo reflexivo, ayud\u00e1ndote a notar patrones, im\u00e1genes y temas a medida que emergen, respetando tu propio discernimiento, l\u00edmites y autoridad interior.<\/p><p data-start=\"1219\" data-end=\"1505\">Este trabajo se ofrece como apoyo, orientado hacia la toma de conciencia, la integraci\u00f3n y la presencia encarnada. Invita a escuchar atentamente la relaci\u00f3n entre la experiencia interior, la vida cotidiana y el mundo en general, sin sustituir la responsabilidad personal, la elecci\u00f3n o la toma de decisiones.<\/p>\t\t\t\t\t\t\t\t<\/div>\n\t\t\t\t<\/div>\n\t\t\t\t\t<\/div>\n\t\t<\/div>\n\t\t\t\t<div class=\"elementor-column elementor-col-50 elementor-top-column elementor-element elementor-element-6a06d3df\" data-id=\"6a06d3df\" data-element_type=\"column\" data-e-type=\"column\">\n\t\t\t<div class=\"elementor-widget-wrap elementor-element-populated\">\n\t\t\t\t<div class=\"elementor-element elementor-element-91b248c e-con-full e-flex e-con e-parent\" data-id=\"91b248c\" data-element_type=\"container\" data-e-type=\"container\" data-settings=\"{&quot;background_background&quot;:&quot;classic&quot;,&quot;position&quot;:&quot;absolute&quot;}\">\n\t\t<div class=\"elementor-element elementor-element-98be5d3 e-con-full e-flex e-con e-child\" data-id=\"98be5d3\" data-element_type=\"container\" data-e-type=\"container\">\n\t\t\t\t<div class=\"elementor-element elementor-element-61ec8b3e elementor-absolute elementor-widget__width-initial elementor-widget elementor-widget-image\" data-id=\"61ec8b3e\" data-element_type=\"widget\" data-e-type=\"widget\" data-settings=\"{&quot;_position&quot;:&quot;absolute&quot;}\" data-widget_type=\"image.default\">\n\t\t\t\t<div class=\"elementor-widget-container\">\n\t\t\t\t\t\t\t\t\t\t\t\t\t\t\t<img decoding=\"async\" width=\"2560\" height=\"1920\" src=\"https:\/\/oltaria.com\/wp-content\/uploads\/2026\/01\/spirit-guidance-scaled.jpg\" class=\"attachment-full size-full wp-image-4114\" alt=\"Spirit Guidance\" srcset=\"https:\/\/oltaria.com\/wp-content\/uploads\/2026\/01\/spirit-guidance-scaled.jpg 2560w, https:\/\/oltaria.com\/wp-content\/uploads\/2026\/01\/spirit-guidance-scaled-600x450.jpg 600w, https:\/\/oltaria.com\/wp-content\/uploads\/2026\/01\/spirit-guidance-300x225.jpg 300w, https:\/\/oltaria.com\/wp-content\/uploads\/2026\/01\/spirit-guidance-1024x768.jpg 1024w, https:\/\/oltaria.com\/wp-content\/uploads\/2026\/01\/spirit-guidance-768x576.jpg 768w, https:\/\/oltaria.com\/wp-content\/uploads\/2026\/01\/spirit-guidance-1536x1152.jpg 1536w, https:\/\/oltaria.com\/wp-content\/uploads\/2026\/01\/spirit-guidance-2048x1536.jpg 2048w\" sizes=\"(max-width: 2560px) 100vw, 2560px\" title=\"\">\t\t\t\t\t\t\t\t\t\t\t\t\t\t\t<\/div>\n\t\t\t\t<\/div>\n\t\t\t\t<\/div>\n\t\t\t\t<\/div>\n\t\t\t\t\t<\/div>\n\t\t<\/div>\n\t\t\t\t\t<\/div>\n\t\t<\/section>\n\t\t\t\t<section class=\"elementor-section elementor-top-section elementor-element elementor-element-36c6e0f elementor-section-content-middle elementor-reverse-tablet elementor-reverse-mobile elementor-section-boxed elementor-section-height-default elementor-section-height-default\" data-id=\"36c6e0f\" data-element_type=\"section\" data-e-type=\"section\" data-settings=\"{&quot;background_background&quot;:&quot;classic&quot;}\">\n\t\t\t\t\t\t\t<div class=\"elementor-background-overlay\"><\/div>\n\t\t\t\t\t\t\t<div class=\"elementor-container elementor-column-gap-no\">\n\t\t\t\t\t<div class=\"elementor-column elementor-col-50 elementor-top-column elementor-element elementor-element-cee2842\" data-id=\"cee2842\" data-element_type=\"column\" data-e-type=\"column\" data-settings=\"{&quot;background_background&quot;:&quot;classic&quot;}\">\n\t\t\t<div class=\"elementor-widget-wrap elementor-element-populated\">\n\t\t\t\t<div class=\"elementor-element elementor-element-fe5b159 e-flex e-con-boxed e-con e-parent\" data-id=\"fe5b159\" data-element_type=\"container\" data-e-type=\"container\" data-settings=\"{&quot;background_background&quot;:&quot;classic&quot;}\">\n\t\t\t\t\t<div class=\"e-con-inner\">\n\t\t<div class=\"elementor-element elementor-element-1f40d63 e-con-full e-flex e-con e-child\" data-id=\"1f40d63\" data-element_type=\"container\" data-e-type=\"container\">\n\t\t\t\t<div class=\"elementor-element elementor-element-168f404 elementor-absolute elementor-widget__width-initial elementor-widget elementor-widget-image\" data-id=\"168f404\" data-element_type=\"widget\" data-e-type=\"widget\" data-settings=\"{&quot;_position&quot;:&quot;absolute&quot;}\" data-widget_type=\"image.default\">\n\t\t\t\t<div class=\"elementor-widget-container\">\n\t\t\t\t\t\t\t\t\t\t\t\t\t\t\t<img decoding=\"async\" width=\"1920\" height=\"1278\" src=\"https:\/\/oltaria.com\/wp-content\/uploads\/2025\/12\/about.jpg\" class=\"attachment-full size-full wp-image-2752\" alt=\"\" srcset=\"https:\/\/oltaria.com\/wp-content\/uploads\/2025\/12\/about.jpg 1920w, https:\/\/oltaria.com\/wp-content\/uploads\/2025\/12\/about-600x399.jpg 600w, https:\/\/oltaria.com\/wp-content\/uploads\/2025\/12\/about-300x200.jpg 300w, https:\/\/oltaria.com\/wp-content\/uploads\/2025\/12\/about-1024x682.jpg 1024w, https:\/\/oltaria.com\/wp-content\/uploads\/2025\/12\/about-768x511.jpg 768w, https:\/\/oltaria.com\/wp-content\/uploads\/2025\/12\/about-1536x1022.jpg 1536w\" sizes=\"(max-width: 1920px) 100vw, 1920px\" title=\"\">\t\t\t\t\t\t\t\t\t\t\t\t\t\t\t<\/div>\n\t\t\t\t<\/div>\n\t\t\t\t<\/div>\n\t\t\t\t\t<\/div>\n\t\t\t\t<\/div>\n\t\t\t\t\t<\/div>\n\t\t<\/div>\n\t\t\t\t<div class=\"elementor-column elementor-col-50 elementor-top-column elementor-element elementor-element-dc4e0da\" data-id=\"dc4e0da\" data-element_type=\"column\" data-e-type=\"column\">\n\t\t\t<div class=\"elementor-widget-wrap elementor-element-populated\">\n\t\t\t\t\t\t<div class=\"elementor-element elementor-element-2d5cfa9 elementor-widget elementor-widget-heading\" data-id=\"2d5cfa9\" data-element_type=\"widget\" data-e-type=\"widget\" data-widget_type=\"heading.default\">\n\t\t\t\t<div class=\"elementor-widget-container\">\n\t\t\t\t\t<h2 class=\"elementor-heading-title elementor-size-default\">Relaci\u00f3n con la presencia animal y elemental<\/h2>\t\t\t\t<\/div>\n\t\t\t\t<\/div>\n\t\t\t\t<div class=\"elementor-element elementor-element-414e189 elementor-widget elementor-widget-text-editor\" data-id=\"414e189\" data-element_type=\"widget\" data-e-type=\"widget\" data-widget_type=\"text-editor.default\">\n\t\t\t\t<div class=\"elementor-widget-container\">\n\t\t\t\t\t\t\t\t\t<p data-start=\"2355\" data-end=\"2664\">Los animales, las cualidades elementales y los seres de la naturaleza pueden aparecer en nuestras vidas como presencias significativas, a trav\u00e9s de encuentros en la naturaleza, sue\u00f1os, imaginaci\u00f3n, memoria o sensaciones internas. Estas experiencias, al igual que las conexiones con lo sutil, se abordan como una perspectiva y una orientaci\u00f3n, m\u00e1s que como una instrucci\u00f3n o una creencia.<\/p><p data-start=\"2666\" data-end=\"2882\">En este portal, exploramos esos encuentros a trav\u00e9s de la observaci\u00f3n, la meditaci\u00f3n, la reflexi\u00f3n creativa, los sue\u00f1os y la escucha atenta, fij\u00e1ndonos en las cualidades, los movimientos y los significados que evocan en tu experiencia vivida.<\/p><p data-start=\"2884\" data-end=\"3248\">Adem\u00e1s de la relaci\u00f3n directa con el mundo natural, tambi\u00e9n nos basamos en formas ancestrales, m\u00edticas y ecol\u00f3gicas de entender la conexi\u00f3n entre el ser humano y la naturaleza. Los lenguajes elementales, como el fuego, el agua, la tierra y el aire, pueden explorarse como formas de sentir y relacionarse con el cambio, la vitalidad, los l\u00edmites y el flujo, sin dejar de basarse en el discernimiento y la elecci\u00f3n personales.<\/p><p data-start=\"3250\" data-end=\"3650\">Las sesiones se celebran en un entorno suave y de apoyo, y pueden incluir meditaci\u00f3n guiada, pr\u00e1ctica creativa, di\u00e1logo reflexivo o sencillos rituales y ofrendas. Con el tiempo, este trabajo puede apoyar el desarrollo de una relaci\u00f3n personal y respetuosa con las presencias animales y elementales, honrando tanto la realidad f\u00edsica del mundo natural como los significados sutiles e imaginarios que surgen a trav\u00e9s de la conexi\u00f3n.<\/p>\t\t\t\t\t\t\t\t<\/div>\n\t\t\t\t<\/div>\n\t\t\t\t\t<\/div>\n\t\t<\/div>\n\t\t\t\t\t<\/div>\n\t\t<\/section>\n\t\t\t\t<section class=\"elementor-section elementor-top-section elementor-element elementor-element-75bd757 elementor-section-full_width elementor-section-content-middle elementor-section-height-default elementor-section-height-default\" data-id=\"75bd757\" data-element_type=\"section\" data-e-type=\"section\" data-settings=\"{&quot;background_background&quot;:&quot;classic&quot;}\">\n\t\t\t\t\t\t<div class=\"elementor-container elementor-column-gap-default\">\n\t\t\t\t\t<div class=\"elementor-column elementor-col-50 elementor-top-column elementor-element elementor-element-6880ac19\" data-id=\"6880ac19\" data-element_type=\"column\" data-e-type=\"column\">\n\t\t\t<div class=\"elementor-widget-wrap elementor-element-populated\">\n\t\t\t\t\t\t<div class=\"elementor-element elementor-element-3550f46c elementor-widget-divider--view-line elementor-widget elementor-widget-divider\" data-id=\"3550f46c\" data-element_type=\"widget\" data-e-type=\"widget\" data-widget_type=\"divider.default\">\n\t\t\t\t<div class=\"elementor-widget-container\">\n\t\t\t\t\t\t\t<div class=\"elementor-divider\">\n\t\t\t<span class=\"elementor-divider-separator\">\n\t\t\t\t\t\t<\/span>\n\t\t<\/div>\n\t\t\t\t\t\t<\/div>\n\t\t\t\t<\/div>\n\t\t\t\t<div class=\"elementor-element elementor-element-9b3d7ff elementor-widget elementor-widget-heading\" data-id=\"9b3d7ff\" data-element_type=\"widget\" data-e-type=\"widget\" data-widget_type=\"heading.default\">\n\t\t\t\t<div class=\"elementor-widget-container\">\n\t\t\t\t\t<h3 class=\"elementor-heading-title elementor-size-default\">\u00bfA qui\u00e9n va dirigido?<\/h3>\t\t\t\t<\/div>\n\t\t\t\t<\/div>\n\t\t\t\t<div class=\"elementor-element elementor-element-75b9f199 elementor-widget__width-initial elementor-widget elementor-widget-text-editor\" data-id=\"75b9f199\" data-element_type=\"widget\" data-e-type=\"widget\" data-widget_type=\"text-editor.default\">\n\t\t\t\t<div class=\"elementor-widget-container\">\n\t\t\t\t\t\t\t\t\t<p data-start=\"198\" data-end=\"455\">Esta puerta puede resonar con aquellos que buscan una visi\u00f3n, una gu\u00eda intuitiva o una relaci\u00f3n m\u00e1s profunda con la experiencia sutil, ya sea entendida a trav\u00e9s del lenguaje de los ancestros, los animales, la naturaleza, los linajes espirituales o a trav\u00e9s del asesoramiento reflexivo e intuitivo.<\/p><p data-start=\"457\" data-end=\"502\">Puedes sentirte llamado a esta puerta si:<\/p><ul data-start=\"504\" data-end=\"930\"><li data-start=\"504\" data-end=\"609\"><p data-start=\"506\" data-end=\"609\">desea explorar mensajes, pautas o ense\u00f1anzas que surgen de la intuici\u00f3n, la reflexi\u00f3n o el conocimiento interior<\/p><\/li><li data-start=\"610\" data-end=\"714\"><p data-start=\"612\" data-end=\"714\">siente la presencia de gu\u00edas, antepasados u otros seres sutiles y desea ayuda para relacionarse con ellos<\/p><\/li><li data-start=\"715\" data-end=\"823\"><p data-start=\"717\" data-end=\"823\">buscar orientaci\u00f3n reflexiva para darte cuenta de lo que est\u00e1 surgiendo en tu vida sin confiar en predicciones o consejos<\/p><\/li><li data-start=\"824\" data-end=\"930\"><p data-start=\"826\" data-end=\"930\">se sienten atra\u00eddos por las pr\u00e1cticas corporales, relacionales y contemplativas que profundizan en la conciencia y la alineaci\u00f3n<\/p><\/li><\/ul><p data-start=\"932\" data-end=\"1116\">No se requiere ning\u00fan conocimiento previo, identidad espiritual o tradici\u00f3n - esta obra invita a <strong data-start=\"1017\" data-end=\"1067\">escucha atenta, discernimiento y presencia<\/strong> con los aspectos visibles e invisibles de la vida.<\/p>\t\t\t\t\t\t\t\t<\/div>\n\t\t\t\t<\/div>\n\t\t\t\t\t<\/div>\n\t\t<\/div>\n\t\t\t\t<div class=\"elementor-column elementor-col-50 elementor-top-column elementor-element elementor-element-1d394a99\" data-id=\"1d394a99\" data-element_type=\"column\" data-e-type=\"column\" data-settings=\"{&quot;background_background&quot;:&quot;classic&quot;}\">\n\t\t\t<div class=\"elementor-widget-wrap\">\n\t\t\t\t\t<div class=\"elementor-background-overlay\"><\/div>\n\t\t\t\t\t\t\t<\/div>\n\t\t<\/div>\n\t\t\t\t\t<\/div>\n\t\t<\/section>\n\t\t\t\t<\/div>","protected":false},"excerpt":{"rendered":"<p>Oltaria sanctuary for your being spiritual &amp; intuitive guidance connecting with the subtle This doorway offers accompaniment in relating to [&hellip;]<\/p>\n","protected":false},"author":1,"featured_media":0,"parent":0,"menu_order":0,"comment_status":"closed","ping_status":"closed","template":"","meta":{"site-sidebar-layout":"no-sidebar","site-content-layout":"page-builder","ast-site-content-layout":"full-width-container","site-content-style":"unboxed","site-sidebar-style":"unboxed","ast-global-header-display":"","ast-banner-title-visibility":"","ast-main-header-display":"","ast-hfb-above-header-display":"","ast-hfb-below-header-display":"","ast-hfb-mobile-header-display":"","site-post-title":"disabled","ast-breadcrumbs-content":"","ast-featured-img":"disabled","footer-sml-layout":"","ast-disable-related-posts":"","theme-transparent-header-meta":"","adv-header-id-meta":"","stick-header-meta":"","header-above-stick-meta":"","header-main-stick-meta":"","header-below-stick-meta":"","astra-migrate-meta-layouts":"set","ast-page-background-enabled":"default","ast-page-background-meta":{"desktop":{"background-color":"","background-image":"","background-repeat":"repeat","background-position":"center center","background-size":"auto","background-attachment":"scroll","background-type":"","background-media":"","overlay-type":"","overlay-color":"","overlay-opacity":"","overlay-gradient":""},"tablet":{"background-color":"","background-image":"","background-repeat":"repeat","background-position":"center center","background-size":"auto","background-attachment":"scroll","background-type":"","background-media":"","overlay-type":"","overlay-color":"","overlay-opacity":"","overlay-gradient":""},"mobile":{"background-color":"","background-image":"","background-repeat":"repeat","background-position":"center center","background-size":"auto","background-attachment":"scroll","background-type":"","background-media":"","overlay-type":"","overlay-color":"","overlay-opacity":"","overlay-gradient":""}},"ast-content-background-meta":{"desktop":{"background-color":"var(--ast-global-color-5)","background-image":"","background-repeat":"repeat","background-position":"center center","background-size":"auto","background-attachment":"scroll","background-type":"","background-media":"","overlay-type":"","overlay-color":"","overlay-opacity":"","overlay-gradient":""},"tablet":{"background-color":"var(--ast-global-color-5)","background-image":"","background-repeat":"repeat","background-position":"center center","background-size":"auto","background-attachment":"scroll","background-type":"","background-media":"","overlay-type":"","overlay-color":"","overlay-opacity":"","overlay-gradient":""},"mobile":{"background-color":"var(--ast-global-color-5)","background-image":"","background-repeat":"repeat","background-position":"center center","background-size":"auto","background-attachment":"scroll","background-type":"","background-media":"","overlay-type":"","overlay-color":"","overlay-opacity":"","overlay-gradient":""}},"_glsr_average":0,"_glsr_ranking":0,"_glsr_reviews":0,"footnotes":""},"class_list":["post-4210","page","type-page","status-publish","hentry"],"jetpack_sharing_enabled":true,"_links":{"self":[{"href":"https:\/\/oltaria.com\/es\/wp-json\/wp\/v2\/pages\/4210","targetHints":{"allow":["GET"]}}],"collection":[{"href":"https:\/\/oltaria.com\/es\/wp-json\/wp\/v2\/pages"}],"about":[{"href":"https:\/\/oltaria.com\/es\/wp-json\/wp\/v2\/types\/page"}],"author":[{"embeddable":true,"href":"https:\/\/oltaria.com\/es\/wp-json\/wp\/v2\/users\/1"}],"replies":[{"embeddable":true,"href":"https:\/\/oltaria.com\/es\/wp-json\/wp\/v2\/comments?post=4210"}],"version-history":[{"count":95,"href":"https:\/\/oltaria.com\/es\/wp-json\/wp\/v2\/pages\/4210\/revisions"}],"predecessor-version":[{"id":5539,"href":"https:\/\/oltaria.com\/es\/wp-json\/wp\/v2\/pages\/4210\/revisions\/5539"}],"wp:attachment":[{"href":"https:\/\/oltaria.com\/es\/wp-json\/wp\/v2\/media?parent=4210"}],"curies":[{"name":"wp","href":"https:\/\/api.w.org\/{rel}","templated":true}]}}