{"id":5093,"date":"2026-02-13T13:54:25","date_gmt":"2026-02-13T13:54:25","guid":{"rendered":"https:\/\/oltaria.com\/?page_id=5093"},"modified":"2026-04-01T19:58:19","modified_gmt":"2026-04-01T19:58:19","slug":"ancestral-connection-course","status":"publish","type":"page","link":"https:\/\/oltaria.com\/es\/ancestral-connection-course\/","title":{"rendered":"Ancestral Connection Course"},"content":{"rendered":"<div data-elementor-type=\"wp-page\" data-elementor-id=\"5093\" class=\"elementor elementor-5093\">\n\t\t\t\t<div class=\"elementor-element elementor-element-aabd4ec e-flex e-con-boxed e-con e-parent\" data-id=\"aabd4ec\" data-element_type=\"container\" data-e-type=\"container\">\n\t\t\t\t\t<div class=\"e-con-inner\">\n\t\t\t\t\t<\/div>\n\t\t\t\t<\/div>\n\t\t\t\t<section class=\"elementor-section elementor-top-section elementor-element elementor-element-615e0285 elementor-section-content-middle elementor-reverse-tablet elementor-reverse-mobile elementor-section-boxed elementor-section-height-default elementor-section-height-default\" data-id=\"615e0285\" data-element_type=\"section\" data-e-type=\"section\" data-settings=\"{&quot;background_background&quot;:&quot;classic&quot;}\">\n\t\t\t\t\t\t\t<div class=\"elementor-background-overlay\"><\/div>\n\t\t\t\t\t\t\t<div class=\"elementor-container elementor-column-gap-no\">\n\t\t\t\t\t<div class=\"elementor-column elementor-col-100 elementor-top-column elementor-element elementor-element-43cf0623\" data-id=\"43cf0623\" data-element_type=\"column\" data-e-type=\"column\">\n\t\t\t<div class=\"elementor-widget-wrap elementor-element-populated\">\n\t\t\t\t\t\t<div class=\"elementor-element elementor-element-7d6404e7 elementor-widget elementor-widget-heading\" data-id=\"7d6404e7\" data-element_type=\"widget\" data-e-type=\"widget\" data-widget_type=\"heading.default\">\n\t\t\t\t<div class=\"elementor-widget-container\">\n\t\t\t\t\t<h2 class=\"elementor-heading-title elementor-size-default\"><a href=\"https:\/\/oltaria.com\/es\/ancestral-connection-course\/\">conectando con nuestros sabios y buenos\n<\/a><\/h2>\t\t\t\t<\/div>\n\t\t\t\t<\/div>\n\t\t<div class=\"elementor-element elementor-element-549fc6f e-grid e-con-boxed e-con e-parent\" data-id=\"549fc6f\" data-element_type=\"container\" data-e-type=\"container\">\n\t\t\t\t\t<div class=\"e-con-inner\">\n\t\t\t\t<div class=\"elementor-element elementor-element-7067766 elementor-widget elementor-widget-text-editor\" data-id=\"7067766\" data-element_type=\"widget\" data-e-type=\"widget\" data-widget_type=\"text-editor.default\">\n\t\t\t\t<div class=\"elementor-widget-container\">\n\t\t\t\t\t\t\t\t\t<h3 data-start=\"177\" data-end=\"225\">Introducci\u00f3n de 4 semanas al apoyo ancestral<\/h3><h5 data-start=\"177\" data-end=\"225\">En l\u00ednea - En directo - Grupo reducido<\/h5><p data-start=\"259\" data-end=\"459\">Hay muchos tipos de antepasados en nuestro linaje. Algunos llevaban dolor sin resolver. Y en alg\u00fan lugar de ese mismo linaje, tambi\u00e9n hay quienes vivieron con integridad, resiliencia, sabidur\u00eda y amor.<\/p><p data-start=\"461\" data-end=\"625\"><strong>Esta oferta es una introducci\u00f3n suave y estructurada a<\/strong> <strong>conectar con los Sabios y los Bienaventurados<\/strong> - los ancestros sanados y solidarios de tu linaje.<\/p><p data-start=\"627\" data-end=\"833\">En lugar de centrarnos directamente en el trauma, empezamos por cultivar <strong data-start=\"682\" data-end=\"722\">recursos, orientaci\u00f3n y estabilidad<\/strong>. Desde esta base, puede desarrollarse una relaci\u00f3n m\u00e1s profunda con la ascendencia de una manera que es encarnada, acompasada y clara.<\/p><p data-start=\"1388\" data-end=\"1483\">....................................................................................................<\/p><p data-start=\"861\" data-end=\"894\">\u00a0 \u00a0<strong>A lo largo de cuatro sesiones en directo:<\/strong><\/p><p data-start=\"896\" data-end=\"1160\">- Clarificar la intenci\u00f3n y orientarse hacia el campo ancestral<br data-start=\"949\" data-end=\"952\" \/>- Explorar los dones y patrones de los linajes materno y paterno<br data-start=\"1018\" data-end=\"1021\" \/>- Cultivar una relaci\u00f3n enraizada con antepasados sabios y solidarios<br data-start=\"1091\" data-end=\"1094\" \/>- Anclar la gratitud y la continuidad mediante rituales sencillos<\/p><p data-start=\"1162\" data-end=\"1184\">\u00a0 \u00a0<strong>Cada sesi\u00f3n incluye:<\/strong><\/p><p data-start=\"1186\" data-end=\"1386\">- pr\u00e1cticas som\u00e1ticas suaves de conexi\u00f3n a tierra<br data-start=\"1222\" data-end=\"1225\" \/>- trabajo imaginario guiado\u00a0<br data-start=\"1274\" data-end=\"1277\" \/>- diario reflexivo o integraci\u00f3n creativa<br data-start=\"1324\" data-end=\"1327\" \/>- espacio para compartir en silencio en un contenedor de grupo respetuoso<\/p><p data-start=\"1388\" data-end=\"1483\"><strong>Esto no es mediumnidad o trabajo de trance. Es relacional, som\u00e1tico, implica intuici\u00f3n y discernimiento personal.<\/strong><\/p>\t\t\t\t\t\t\t\t<\/div>\n\t\t\t\t<\/div>\n\t\t\t\t<div class=\"elementor-element elementor-element-f7d588b elementor-widget elementor-widget-image\" data-id=\"f7d588b\" data-element_type=\"widget\" data-e-type=\"widget\" data-widget_type=\"image.default\">\n\t\t\t\t<div class=\"elementor-widget-container\">\n\t\t\t\t\t\t\t\t\t\t\t\t\t\t\t<img fetchpriority=\"high\" decoding=\"async\" width=\"853\" height=\"957\" src=\"https:\/\/oltaria.com\/wp-content\/uploads\/2026\/02\/ancestors.jpg\" class=\"attachment-large size-large wp-image-5106\" alt=\"Ancestors\" srcset=\"https:\/\/oltaria.com\/wp-content\/uploads\/2026\/02\/ancestors.jpg 853w, https:\/\/oltaria.com\/wp-content\/uploads\/2026\/02\/ancestors-600x673.jpg 600w, https:\/\/oltaria.com\/wp-content\/uploads\/2026\/02\/ancestors-267x300.jpg 267w, https:\/\/oltaria.com\/wp-content\/uploads\/2026\/02\/ancestors-768x862.jpg 768w\" sizes=\"(max-width: 853px) 100vw, 853px\" title=\"\">\t\t\t\t\t\t\t\t\t\t\t\t\t\t\t<\/div>\n\t\t\t\t<\/div>\n\t\t\t\t\t<\/div>\n\t\t\t\t<\/div>\n\t\t\t\t<div class=\"elementor-element elementor-element-e2154ca elementor-widget-divider--view-line elementor-widget elementor-widget-divider\" data-id=\"e2154ca\" data-element_type=\"widget\" data-e-type=\"widget\" data-widget_type=\"divider.default\">\n\t\t\t\t<div class=\"elementor-widget-container\">\n\t\t\t\t\t\t\t<div class=\"elementor-divider\">\n\t\t\t<span class=\"elementor-divider-separator\">\n\t\t\t\t\t\t<\/span>\n\t\t<\/div>\n\t\t\t\t\t\t<\/div>\n\t\t\t\t<\/div>\n\t\t<div class=\"elementor-element elementor-element-b5b6ad7 e-grid e-con-boxed e-con e-parent\" data-id=\"b5b6ad7\" data-element_type=\"container\" data-e-type=\"container\">\n\t\t\t\t\t<div class=\"e-con-inner\">\n\t\t\t\t<div class=\"elementor-element elementor-element-c77d3e0 elementor-widget elementor-widget-text-editor\" data-id=\"c77d3e0\" data-element_type=\"widget\" data-e-type=\"widget\" data-widget_type=\"text-editor.default\">\n\t\t\t\t<div class=\"elementor-widget-container\">\n\t\t\t\t\t\t\t\t\t<h3>Esta oferta puede ser de apoyo si Ud:<\/h3><p data-start=\"1714\" data-end=\"1971\">- siente curiosidad por sus antepasados pero no sabe por d\u00f3nde empezar<br data-start=\"1774\" data-end=\"1777\" \/>- anhelan conectar con un linaje solidario m\u00e1s que con una carga heredada<br data-start=\"1847\" data-end=\"1850\" \/>- buscar un enfoque basado en el ritmo y la corporeidad en lugar de una excavaci\u00f3n intensa<br data-start=\"1914\" data-end=\"1917\" \/>- sensaci\u00f3n de que una curaci\u00f3n ancestral m\u00e1s profunda puede estar llamando<\/p><p data-start=\"1973\" data-end=\"2066\">Este contenedor puede ser independiente o servir como preparaci\u00f3n para un trabajo de integraci\u00f3n ancestral m\u00e1s profundo.<\/p>\t\t\t\t\t\t\t\t<\/div>\n\t\t\t\t<\/div>\n\t\t\t\t<div class=\"elementor-element elementor-element-ae9cad4 elementor-widget elementor-widget-text-editor\" data-id=\"ae9cad4\" data-element_type=\"widget\" data-e-type=\"widget\" data-widget_type=\"text-editor.default\">\n\t\t\t\t<div class=\"elementor-widget-container\">\n\t\t\t\t\t\t\t\t\t<h3 data-start=\"2073\" data-end=\"2087\">Informaci\u00f3n e inscripci\u00f3n<\/h3><p data-start=\"2089\" data-end=\"2095\"><strong>Precio : 120 euros\u00a0<\/strong> (Las plazas son limitadas para mantener la intimidad y la profundidad).<br \/><strong>Fechas: Para obtener m\u00e1s informaci\u00f3n sobre las fechas recientes y la inscripci\u00f3n, p\u00f3ngase en contacto conmigo.\u00a0<br \/>Hora: 19-20 h CET<br \/><\/strong><\/p>\t\t\t\t\t\t\t\t<\/div>\n\t\t\t\t<\/div>\n\t\t\t\t\t<\/div>\n\t\t\t\t<\/div>\n\t\t\t\t\t<\/div>\n\t\t<\/div>\n\t\t\t\t\t<\/div>\n\t\t<\/section>\n\t\t<div class=\"elementor-element elementor-element-274f44d e-flex e-con-boxed e-con e-parent\" data-id=\"274f44d\" data-element_type=\"container\" data-e-type=\"container\">\n\t\t\t\t\t<div class=\"e-con-inner\">\n\t\t\t\t<div class=\"elementor-element elementor-element-1b07736 elementor-widget elementor-widget-text-editor\" data-id=\"1b07736\" data-element_type=\"widget\" data-e-type=\"widget\" data-widget_type=\"text-editor.default\">\n\t\t\t\t<div class=\"elementor-widget-container\">\n\t\t\t\t\t\t\t\t\t<h5>SI QUIERES SABER M\u00c1S SOBRE LA SANACI\u00d3N DEL LINAJE ANCESTRAL MIRA EN LA P\u00c1GINA DE OFERTAS O EN EL ENLACE AQU\u00cd<\/h5>\t\t\t\t\t\t\t\t<\/div>\n\t\t\t\t<\/div>\n\t\t\t\t<div class=\"elementor-element elementor-element-f0eb201 elementor-align-center elementor-widget elementor-widget-button\" data-id=\"f0eb201\" data-element_type=\"widget\" data-e-type=\"widget\" data-widget_type=\"button.default\">\n\t\t\t\t<div class=\"elementor-widget-container\">\n\t\t\t\t\t\t\t\t\t<div class=\"elementor-button-wrapper\">\n\t\t\t\t\t<a class=\"elementor-button elementor-button-link elementor-size-sm\" href=\"https:\/\/oltaria.com\/es\/ancestral-healing-sessions\/\">\n\t\t\t\t\t\t<span class=\"elementor-button-content-wrapper\">\n\t\t\t\t\t\t\t\t\t<span class=\"elementor-button-text\">Pulse aqu\u00ed<\/span>\n\t\t\t\t\t<\/span>\n\t\t\t\t\t<\/a>\n\t\t\t\t<\/div>\n\t\t\t\t\t\t\t\t<\/div>\n\t\t\t\t<\/div>\n\t\t\t\t\t<\/div>\n\t\t\t\t<\/div>\n\t\t\t\t<\/div>","protected":false},"excerpt":{"rendered":"<p>connecting with our wise and well Ones A 4-Week Introduction to Ancestral Support Online \u00b7 Live \u00b7 Small Group There [&hellip;]<\/p>\n","protected":false},"author":1,"featured_media":0,"parent":0,"menu_order":0,"comment_status":"closed","ping_status":"closed","template":"","meta":{"site-sidebar-layout":"no-sidebar","site-content-layout":"page-builder","ast-site-content-layout":"full-width-container","site-content-style":"default","site-sidebar-style":"default","ast-global-header-display":"","ast-banner-title-visibility":"","ast-main-header-display":"","ast-hfb-above-header-display":"","ast-hfb-below-header-display":"","ast-hfb-mobile-header-display":"","site-post-title":"disabled","ast-breadcrumbs-content":"","ast-featured-img":"disabled","footer-sml-layout":"","ast-disable-related-posts":"","theme-transparent-header-meta":"","adv-header-id-meta":"","stick-header-meta":"","header-above-stick-meta":"","header-main-stick-meta":"","header-below-stick-meta":"","astra-migrate-meta-layouts":"set","ast-page-background-enabled":"default","ast-page-background-meta":{"desktop":{"background-color":"","background-image":"","background-repeat":"repeat","background-position":"center center","background-size":"auto","background-attachment":"scroll","background-type":"","background-media":"","overlay-type":"","overlay-color":"","overlay-opacity":"","overlay-gradient":""},"tablet":{"background-color":"","background-image":"","background-repeat":"repeat","background-position":"center center","background-size":"auto","background-attachment":"scroll","background-type":"","background-media":"","overlay-type":"","overlay-color":"","overlay-opacity":"","overlay-gradient":""},"mobile":{"background-color":"","background-image":"","background-repeat":"repeat","background-position":"center center","background-size":"auto","background-attachment":"scroll","background-type":"","background-media":"","overlay-type":"","overlay-color":"","overlay-opacity":"","overlay-gradient":""}},"ast-content-background-meta":{"desktop":{"background-color":"var(--ast-global-color-5)","background-image":"","background-repeat":"repeat","background-position":"center center","background-size":"auto","background-attachment":"scroll","background-type":"","background-media":"","overlay-type":"","overlay-color":"","overlay-opacity":"","overlay-gradient":""},"tablet":{"background-color":"var(--ast-global-color-5)","background-image":"","background-repeat":"repeat","background-position":"center center","background-size":"auto","background-attachment":"scroll","background-type":"","background-media":"","overlay-type":"","overlay-color":"","overlay-opacity":"","overlay-gradient":""},"mobile":{"background-color":"var(--ast-global-color-5)","background-image":"","background-repeat":"repeat","background-position":"center center","background-size":"auto","background-attachment":"scroll","background-type":"","background-media":"","overlay-type":"","overlay-color":"","overlay-opacity":"","overlay-gradient":""}},"_glsr_average":0,"_glsr_ranking":0,"_glsr_reviews":0,"footnotes":""},"class_list":["post-5093","page","type-page","status-publish","hentry"],"jetpack_sharing_enabled":true,"_links":{"self":[{"href":"https:\/\/oltaria.com\/es\/wp-json\/wp\/v2\/pages\/5093","targetHints":{"allow":["GET"]}}],"collection":[{"href":"https:\/\/oltaria.com\/es\/wp-json\/wp\/v2\/pages"}],"about":[{"href":"https:\/\/oltaria.com\/es\/wp-json\/wp\/v2\/types\/page"}],"author":[{"embeddable":true,"href":"https:\/\/oltaria.com\/es\/wp-json\/wp\/v2\/users\/1"}],"replies":[{"embeddable":true,"href":"https:\/\/oltaria.com\/es\/wp-json\/wp\/v2\/comments?post=5093"}],"version-history":[{"count":58,"href":"https:\/\/oltaria.com\/es\/wp-json\/wp\/v2\/pages\/5093\/revisions"}],"predecessor-version":[{"id":5899,"href":"https:\/\/oltaria.com\/es\/wp-json\/wp\/v2\/pages\/5093\/revisions\/5899"}],"wp:attachment":[{"href":"https:\/\/oltaria.com\/es\/wp-json\/wp\/v2\/media?parent=5093"}],"curies":[{"name":"wp","href":"https:\/\/api.w.org\/{rel}","templated":true}]}}