{"id":2749,"date":"2025-12-04T15:29:43","date_gmt":"2025-12-04T15:29:43","guid":{"rendered":"https:\/\/arts-rites.vkusko.com\/?page_id=2749"},"modified":"2026-04-02T09:05:40","modified_gmt":"2026-04-02T09:05:40","slug":"about","status":"publish","type":"page","link":"https:\/\/oltaria.com\/it\/about\/","title":{"rendered":"Biliana Nahual About me"},"content":{"rendered":"<div data-elementor-type=\"wp-page\" data-elementor-id=\"2749\" class=\"elementor elementor-2749\">\n\t\t\t\t<div class=\"elementor-element elementor-element-423d0963 e-con-full e-flex e-con e-parent\" data-id=\"423d0963\" data-element_type=\"container\" data-e-type=\"container\" data-settings=\"{&quot;background_background&quot;:&quot;classic&quot;}\">\n\t\t<div class=\"elementor-element elementor-element-7fdbd911 e-flex e-con-boxed e-con e-child\" data-id=\"7fdbd911\" data-element_type=\"container\" data-e-type=\"container\">\n\t\t\t\t\t<div class=\"e-con-inner\">\n\t\t\t\t<div class=\"elementor-element elementor-element-2362938 elementor-widget elementor-widget-image\" data-id=\"2362938\" data-element_type=\"widget\" data-e-type=\"widget\" data-widget_type=\"image.default\">\n\t\t\t\t<div class=\"elementor-widget-container\">\n\t\t\t\t\t\t\t\t\t\t\t\t\t\t\t<img fetchpriority=\"high\" decoding=\"async\" width=\"1608\" height=\"1571\" src=\"https:\/\/oltaria.com\/wp-content\/uploads\/2026\/02\/oltaria2.png\" class=\"attachment-full size-full wp-image-4870\" alt=\"Oltaria(2)\" srcset=\"https:\/\/oltaria.com\/wp-content\/uploads\/2026\/02\/oltaria2.png 1608w, https:\/\/oltaria.com\/wp-content\/uploads\/2026\/02\/oltaria2-600x586.png 600w, https:\/\/oltaria.com\/wp-content\/uploads\/2026\/02\/oltaria2-300x293.png 300w, https:\/\/oltaria.com\/wp-content\/uploads\/2026\/02\/oltaria2-1024x1000.png 1024w, https:\/\/oltaria.com\/wp-content\/uploads\/2026\/02\/oltaria2-768x750.png 768w, https:\/\/oltaria.com\/wp-content\/uploads\/2026\/02\/oltaria2-1536x1501.png 1536w\" sizes=\"(max-width: 1608px) 100vw, 1608px\" title=\"\">\t\t\t\t\t\t\t\t\t\t\t\t\t\t\t<\/div>\n\t\t\t\t<\/div>\n\t\t\t\t<div class=\"elementor-element elementor-element-47705e8 elementor-widget elementor-widget-heading\" data-id=\"47705e8\" data-element_type=\"widget\" data-e-type=\"widget\" data-widget_type=\"heading.default\">\n\t\t\t\t<div class=\"elementor-widget-container\">\n\t\t\t\t\t<h2 class=\"elementor-heading-title elementor-size-default\">Oltaria<\/h2>\t\t\t\t<\/div>\n\t\t\t\t<\/div>\n\t\t\t\t<div class=\"elementor-element elementor-element-d380af9 elementor-widget elementor-widget-heading\" data-id=\"d380af9\" data-element_type=\"widget\" data-e-type=\"widget\" data-widget_type=\"heading.default\">\n\t\t\t\t<div class=\"elementor-widget-container\">\n\t\t\t\t\t<h2 class=\"elementor-heading-title elementor-size-default\">un rifugio per il vostro essere<\/h2>\t\t\t\t<\/div>\n\t\t\t\t<\/div>\n\t\t\t\t<div class=\"elementor-element elementor-element-fd2b4ea elementor-widget elementor-widget-shortcode\" data-id=\"fd2b4ea\" data-element_type=\"widget\" data-e-type=\"widget\" data-widget_type=\"shortcode.default\">\n\t\t\t\t<div class=\"elementor-widget-container\">\n\t\t\t\t\t\t\t<div class=\"elementor-shortcode\"><nav aria-label=\"pangrattato\" class=\"rank-math-breadcrumb\"><p><span class=\"last\">Casa<\/span><\/p><\/nav><\/div>\n\t\t\t\t\t\t<\/div>\n\t\t\t\t<\/div>\n\t\t\t\t\t<\/div>\n\t\t\t\t<\/div>\n\t\t\t\t<\/div>\n\t\t<div class=\"elementor-element elementor-element-43975a29 e-flex e-con-boxed e-con e-parent\" data-id=\"43975a29\" data-element_type=\"container\" data-e-type=\"container\" data-settings=\"{&quot;background_background&quot;:&quot;classic&quot;}\">\n\t\t\t\t\t<div class=\"e-con-inner\">\n\t\t<div class=\"elementor-element elementor-element-56412419 e-con-full e-flex e-con e-child\" data-id=\"56412419\" data-element_type=\"container\" data-e-type=\"container\">\n\t\t\t\t<div class=\"elementor-element elementor-element-633baefc elementor-widget elementor-widget-image\" data-id=\"633baefc\" data-element_type=\"widget\" data-e-type=\"widget\" data-widget_type=\"image.default\">\n\t\t\t\t<div class=\"elementor-widget-container\">\n\t\t\t\t\t\t\t\t\t\t\t\t\t\t\t<img decoding=\"async\" width=\"600\" height=\"830\" src=\"https:\/\/oltaria.com\/wp-content\/uploads\/2025\/11\/billiana-nahual.jpg\" class=\"attachment-large size-large wp-image-2647\" alt=\"billiana nahual\" srcset=\"https:\/\/oltaria.com\/wp-content\/uploads\/2025\/11\/billiana-nahual.jpg 600w, https:\/\/oltaria.com\/wp-content\/uploads\/2025\/11\/billiana-nahual-217x300.jpg 217w\" sizes=\"(max-width: 600px) 100vw, 600px\" title=\"\">\t\t\t\t\t\t\t\t\t\t\t\t\t\t\t<\/div>\n\t\t\t\t<\/div>\n\t\t\t\t<\/div>\n\t\t<div class=\"elementor-element elementor-element-606cb673 e-con-full e-flex e-con e-child\" data-id=\"606cb673\" data-element_type=\"container\" data-e-type=\"container\">\n\t\t\t\t<div class=\"elementor-element elementor-element-2f6ab3a elementor-widget elementor-widget-heading\" data-id=\"2f6ab3a\" data-element_type=\"widget\" data-e-type=\"widget\" data-widget_type=\"heading.default\">\n\t\t\t\t<div class=\"elementor-widget-container\">\n\t\t\t\t\t<h3 class=\"elementor-heading-title elementor-size-default\">SU DI ME<\/h3>\t\t\t\t<\/div>\n\t\t\t\t<\/div>\n\t\t\t\t<div class=\"elementor-element elementor-element-32b93e9 elementor-widget elementor-widget-text-editor\" data-id=\"32b93e9\" data-element_type=\"widget\" data-e-type=\"widget\" data-widget_type=\"text-editor.default\">\n\t\t\t\t<div class=\"elementor-widget-container\">\n\t\t\t\t\t\t\t\t\t<p data-start=\"1650\" data-end=\"1681\"><strong data-start=\"1650\" data-end=\"1681\">Salve, sono Biliana Nahual.<\/strong><\/p><p data-start=\"1683\" data-end=\"2052\">Il mio lavoro si svolge dove l'ancestrale, il simbolico e il mondo vivente si incontrano, sostenendo percorsi di autoconoscenza, integrazione e guarigione. Attraverso la creativit\u00e0, i rituali e le diverse tradizioni olistiche, accompagno le persone a riconnettersi con i sogni, l'intuizione e i paesaggi interiori che aprono nuove prospettive di trasformazione e un rinnovato rapporto con la vita.<\/p><p data-start=\"2054\" data-end=\"2346\">Lavoro come <strong data-start=\"2066\" data-end=\"2114\">facilitatore di processi rituali e creativi<\/strong>, attingendo alla saggezza ancestrale e tradizionale, pur rimanendo radicata in una pratica incarnata e basata sulla terra. Sono anche un <strong data-start=\"2235\" data-end=\"2289\">arteterapeuta, insegnante di arti espressive e artista<\/strong>, integrando approcci somatici, simbolici e creativi.<\/p><p data-start=\"2348\" data-end=\"2644\">Il mio lavoro sostiene la guarigione personale e collettiva, con un'attenzione particolare alle transizioni di vita, agli stati liminali e ai passaggi - ci\u00f2 che io chiamo <strong data-start=\"2486\" data-end=\"2505\">soglie dell'anima<\/strong>. Radicata in una visione del mondo animistica, lavoro in relazione con il mondo naturale, curando il dialogo tra paesaggi interiori ed esteriori.<\/p>\t\t\t\t\t\t\t\t<\/div>\n\t\t\t\t<\/div>\n\t\t\t\t<\/div>\n\t\t\t\t\t<\/div>\n\t\t\t\t<\/div>\n\t\t\t\t<section class=\"elementor-section elementor-top-section elementor-element elementor-element-4260b446 elementor-section-full_width elementor-section-content-middle elementor-section-height-default elementor-section-height-default\" data-id=\"4260b446\" data-element_type=\"section\" data-e-type=\"section\" data-settings=\"{&quot;background_background&quot;:&quot;classic&quot;}\">\n\t\t\t\t\t\t<div class=\"elementor-container elementor-column-gap-default\">\n\t\t\t\t\t<div class=\"elementor-column elementor-col-50 elementor-top-column elementor-element elementor-element-40e1b501\" data-id=\"40e1b501\" data-element_type=\"column\" data-e-type=\"column\">\n\t\t\t<div class=\"elementor-widget-wrap elementor-element-populated\">\n\t\t\t\t\t\t<div class=\"elementor-element elementor-element-4db1b38 elementor-widget elementor-widget-toggle\" data-id=\"4db1b38\" data-element_type=\"widget\" data-e-type=\"widget\" data-widget_type=\"toggle.default\">\n\t\t\t\t<div class=\"elementor-widget-container\">\n\t\t\t\t\t\t\t<div class=\"elementor-toggle\">\n\t\t\t\t\t\t\t<div class=\"elementor-toggle-item\">\n\t\t\t\t\t<div id=\"elementor-tab-title-8141\" class=\"elementor-tab-title\" data-tab=\"1\" role=\"button\" aria-controls=\"elementor-tab-content-8141\" aria-expanded=\"false\">\n\t\t\t\t\t\t\t\t\t\t\t\t<span class=\"elementor-toggle-icon elementor-toggle-icon-left\" aria-hidden=\"true\">\n\t\t\t\t\t\t\t\t\t\t\t\t\t\t\t<span class=\"elementor-toggle-icon-closed\"><i class=\"fas fa-caret-right\"><\/i><\/span>\n\t\t\t\t\t\t\t\t<span class=\"elementor-toggle-icon-opened\"><i class=\"elementor-toggle-icon-opened fas fa-caret-up\"><\/i><\/span>\n\t\t\t\t\t\t\t\t\t\t\t\t\t<\/span>\n\t\t\t\t\t\t\t\t\t\t\t\t<a class=\"elementor-toggle-title\" tabindex=\"0\">Formazione, pratica e lignaggio<\/a>\n\t\t\t\t\t<\/div>\n\n\t\t\t\t\t<div id=\"elementor-tab-content-8141\" class=\"elementor-tab-content elementor-clearfix\" data-tab=\"1\" role=\"region\" aria-labelledby=\"elementor-tab-title-8141\"><p><strong data-start=\"408\" data-end=\"440\"><br \/>Lavoro corporeo e terapie somatiche<\/strong><\/p><ul><li><strong>Pratiche eco-somatiche e corporee <\/strong>con Maria Kiekari\/ Dott.ssa Azra Bertrand<\/li><li><strong>Lavoro di respirazione<\/strong> \/Formazione di 3\u00b0 livello con il Respiro trasformazionale<strong class=\"Yjhzub\">\u00ae<\/strong>, Italia<\/li><li><strong>Shiatsu<\/strong> operatore (Associazione Europea di Shiatsu)<\/li><li data-start=\"499\" data-end=\"582\"><strong data-start=\"531\" data-end=\"555\">Moxibustione giapponese<\/strong>\u00a0\/Studio in corso<\/li><li data-start=\"499\" data-end=\"582\">Formazione in <strong>Massaggi ayurvedici Massaggio tibetano<\/strong>, e il lavoro sul corpo basato sull'energia, oltre a <strong>Sentimento di guarigione Ayurveda<\/strong> massaggio (Matuk Guayuba).<\/li><\/ul><p><strong data-start=\"701\" data-end=\"743\">Arte, creativit\u00e0 e pratiche espressive<\/strong><\/p><ul><li data-start=\"746\" data-end=\"821\">M.A. in <strong data-start=\"765\" data-end=\"805\">Arteterapia per la salute e l'educazione<\/strong>, IATE, Londra<\/li><li data-start=\"824\" data-end=\"937\">B.A. <strong data-start=\"838\" data-end=\"862\">Accademia di Belle Arti<\/strong>, Firenze, Italia <em data-start=\"884\" data-end=\"935\">(Focus sui simboli della scienza e della pittura sacra)<\/em><\/li><li data-start=\"940\" data-end=\"1004\"><strong data-start=\"951\" data-end=\"980\">Pittura e illustrazione<\/strong>, Lucerna, Svizzera<\/li><li data-start=\"1007\" data-end=\"1073\"><strong data-start=\"1007\" data-end=\"1052\">Pittura tibetana in miniatura e meditazione<\/strong>, Dharamsala, India<\/li><li data-start=\"1076\" data-end=\"1125\"><strong data-start=\"1076\" data-end=\"1105\">Pittura in miniatura Mughal<\/strong>, Rajasthan, India<\/li><li data-start=\"1128\" data-end=\"1200\"><strong data-start=\"1128\" data-end=\"1146\">Dialogo a colori<\/strong>, Roberto Assagioli, Italia<\/li><\/ul><p><strong data-start=\"1211\" data-end=\"1253\">Tradizioni ancestrali, rituali e di guarigione<\/strong><\/p><ul><li data-start=\"1256\" data-end=\"1317\">Praticante di <strong data-start=\"1272\" data-end=\"1301\">Guarigione del lignaggio ancestrale<\/strong> (Daniel Foor)<\/li><li data-start=\"1320\" data-end=\"1415\">Formazione in <strong data-start=\"1332\" data-end=\"1369\">medicinale e cerimoniale Temazcal<\/strong> (capanna sudatoria), tradizioni del Messico centrale<\/li><li data-start=\"1418\" data-end=\"1519\">Impegno di lunga data con <strong data-start=\"1434\" data-end=\"1517\">tradizioni di guarigione ancestrali delle popolazioni indigene dell'America centrale e meridionale<\/strong><\/li><li data-start=\"1568\" data-end=\"1649\">Diploma avanzato in <strong data-start=\"1588\" data-end=\"1609\">Guarigione spirituale<\/strong>, Scuola Paracelso, Costanza, Germania<\/li><li>Corsi di formazione in Asia con un approccio spirituale e intuitivo <em data-start=\"1714\" data-end=\"1760\">(pulizia dell'aura, cromoterapia, lavoro energetico)<br \/><\/em><\/li><\/ul><p><strong data-start=\"1773\" data-end=\"1813\">Lignaggio, ispirazione e studio continuo<\/strong><\/p><ul><li data-start=\"1816\" data-end=\"1958\">Radicamento spirituale attraverso gli insegnamenti del mio <strong data-start=\"1864\" data-end=\"1914\">madre, nonna, padre e nonni<\/strong>, e le tradizioni della terra bulgara<\/li><li data-start=\"1961\" data-end=\"2009\">Influenzato dagli insegnamenti di <strong data-start=\"1992\" data-end=\"2007\">Petar Dunov<\/strong><\/li><li data-start=\"2012\" data-end=\"2170\">Esplorazione in corso di <strong data-start=\"2035\" data-end=\"2057\">Buddismo Vajrayana<\/strong>, con ispirazione da <strong data-start=\"2081\" data-end=\"2112\">Kriya Yoga, Qi Gong, Taoismo<\/strong>, e le tradizioni di guarigione di <strong data-start=\"2144\" data-end=\"2168\">Mongolia e Siberia<\/strong><\/li><li data-start=\"2173\" data-end=\"2228\">Interesse di lunga data per il <strong data-start=\"2202\" data-end=\"2226\">storia delle religioni<\/strong><\/li><\/ul><\/div>\n\t\t\t\t<\/div>\n\t\t\t\t\t\t\t<div class=\"elementor-toggle-item\">\n\t\t\t\t\t<div id=\"elementor-tab-title-8142\" class=\"elementor-tab-title\" data-tab=\"2\" role=\"button\" aria-controls=\"elementor-tab-content-8142\" aria-expanded=\"false\">\n\t\t\t\t\t\t\t\t\t\t\t\t<span class=\"elementor-toggle-icon elementor-toggle-icon-left\" aria-hidden=\"true\">\n\t\t\t\t\t\t\t\t\t\t\t\t\t\t\t<span class=\"elementor-toggle-icon-closed\"><i class=\"fas fa-caret-right\"><\/i><\/span>\n\t\t\t\t\t\t\t\t<span class=\"elementor-toggle-icon-opened\"><i class=\"elementor-toggle-icon-opened fas fa-caret-up\"><\/i><\/span>\n\t\t\t\t\t\t\t\t\t\t\t\t\t<\/span>\n\t\t\t\t\t\t\t\t\t\t\t\t<a class=\"elementor-toggle-title\" tabindex=\"0\">Informazioni su Nahual <\/a>\n\t\t\t\t\t<\/div>\n\n\t\t\t\t\t<div id=\"elementor-tab-content-8142\" class=\"elementor-tab-content elementor-clearfix\" data-tab=\"2\" role=\"region\" aria-labelledby=\"elementor-tab-title-8142\"><p data-start=\"246\" data-end=\"586\"><strong data-start=\"246\" data-end=\"256\"><br \/>Nahual<\/strong> si riferisce a una presenza protettiva e di guida che accompagna una persona attraverso i processi di crescita e trasformazione. All'interno <strong data-start=\"382\" data-end=\"410\">Tradizioni sapienziali tolteche<\/strong>, Il Nahual \u00e8 inteso come uno spirito guardiano collegato al destino e all'energia vitale di una persona, che riflette il suo modo di essere in relazione con la vita e il mondo naturale.<\/p><p data-start=\"588\" data-end=\"998\">All'interno di queste tradizioni, il Nahual porta con s\u00e9 il significato di <strong data-start=\"653\" data-end=\"683\">trasformazione come capacit\u00e0<\/strong> - la capacit\u00e0 di adattarsi, di passare da uno stato all'altro, <strong data-start=\"732\" data-end=\"788\">superare le identit\u00e0 fisse o i modelli limitanti<\/strong>, e di rispondere in modo creativo alle circostanze della vita. Si tratta di ricordare il proprio potere di plasmare il cambiamento con l'intenzione, rimanendo radicati in se stessi e in relazione con il mondo vivente pi\u00f9 ampio.<\/p><p data-start=\"1000\" data-end=\"1190\">Il mio nome <em data-start=\"1009\" data-end=\"1017\">Nahual<\/em> \u00e8 stata ricevuta in una cerimonia di iniziazione messicana, all'interno di uno spazio rituale basato sul lignaggio.  Conservo questa comprensione per accompagnare gli altri nei momenti di bisogno, sostenendo la presenza, l'adattabilit\u00e0 e la trasformazione consapevole nel lavoro che condividiamo.<\/p><\/div>\n\t\t\t\t<\/div>\n\t\t\t\t\t\t\t<div class=\"elementor-toggle-item\">\n\t\t\t\t\t<div id=\"elementor-tab-title-8143\" class=\"elementor-tab-title\" data-tab=\"3\" role=\"button\" aria-controls=\"elementor-tab-content-8143\" aria-expanded=\"false\">\n\t\t\t\t\t\t\t\t\t\t\t\t<span class=\"elementor-toggle-icon elementor-toggle-icon-left\" aria-hidden=\"true\">\n\t\t\t\t\t\t\t\t\t\t\t\t\t\t\t<span class=\"elementor-toggle-icon-closed\"><i class=\"fas fa-caret-right\"><\/i><\/span>\n\t\t\t\t\t\t\t\t<span class=\"elementor-toggle-icon-opened\"><i class=\"elementor-toggle-icon-opened fas fa-caret-up\"><\/i><\/span>\n\t\t\t\t\t\t\t\t\t\t\t\t\t<\/span>\n\t\t\t\t\t\t\t\t\t\t\t\t<a class=\"elementor-toggle-title\" tabindex=\"0\">Come si svolge il lavoro...<\/a>\n\t\t\t\t\t<\/div>\n\n\t\t\t\t\t<div id=\"elementor-tab-content-8143\" class=\"elementor-tab-content elementor-clearfix\" data-tab=\"3\" role=\"region\" aria-labelledby=\"elementor-tab-title-8143\"><p data-start=\"243\" data-end=\"487\"><br \/>Il mio lavoro intreccia arte, rituali, saggezza ancestrale, psicologia ed ecologia con un approccio olistico e incarnato. Attraverso l'arteterapia e le arti espressive, la creativit\u00e0 diventa uno spazio per l'equilibrio emotivo, la riflessione e l'autoesplorazione.<\/p><p data-start=\"489\" data-end=\"793\">Le pratiche eco-somatiche, il lavoro sul corpo e sull'energia, insieme alla consulenza e alla guida intuitiva, sostengono il radicamento, la regolazione e l'integrazione. Le pratiche ancestrali e rituali offrono modi per lavorare con la memoria, il lignaggio e la transizione, consentendo l'integrazione di vecchi schemi e l'emergere di nuovi modi di essere.<\/p><\/div>\n\t\t\t\t<\/div>\n\t\t\t\t\t\t\t<div class=\"elementor-toggle-item\">\n\t\t\t\t\t<div id=\"elementor-tab-title-8144\" class=\"elementor-tab-title\" data-tab=\"4\" role=\"button\" aria-controls=\"elementor-tab-content-8144\" aria-expanded=\"false\">\n\t\t\t\t\t\t\t\t\t\t\t\t<span class=\"elementor-toggle-icon elementor-toggle-icon-left\" aria-hidden=\"true\">\n\t\t\t\t\t\t\t\t\t\t\t\t\t\t\t<span class=\"elementor-toggle-icon-closed\"><i class=\"fas fa-caret-right\"><\/i><\/span>\n\t\t\t\t\t\t\t\t<span class=\"elementor-toggle-icon-opened\"><i class=\"elementor-toggle-icon-opened fas fa-caret-up\"><\/i><\/span>\n\t\t\t\t\t\t\t\t\t\t\t\t\t<\/span>\n\t\t\t\t\t\t\t\t\t\t\t\t<a class=\"elementor-toggle-title\" tabindex=\"0\">Il mio percorso e la mia dedizione...<\/a>\n\t\t\t\t\t<\/div>\n\n\t\t\t\t\t<div id=\"elementor-tab-content-8144\" class=\"elementor-tab-content elementor-clearfix\" data-tab=\"4\" role=\"region\" aria-labelledby=\"elementor-tab-title-8144\"><p data-start=\"312\" data-end=\"627\"><strong data-start=\"312\" data-end=\"379\">Il mio percorso riunisce diversi modi di esplorare la vita interiore.<\/strong> Radicata in una visione animistica del mondo, coltivo un rapporto vivo con la natura, onorando le dimensioni visibili e invisibili come espressioni interconnesse della vita. Questo rapporto plasma il mio lavoro, le mie relazioni e il modo in cui incontro il mondo.<\/p><p data-start=\"629\" data-end=\"1153\"><strong>Mi dedico a ripristinare il rapporto tra uomo e natura attingendo alla saggezza ancestrale e alle pratiche tradizionali di diverse culture.<\/strong> Mi sforzo anche di portare armonia e bellezza ovunque mi trovi, ispirando le persone a vedere la bellezza della vita per se stesse. La natura, la creativit\u00e0 e l'immaginazione sono alla base del mio accompagnamento. Attraverso la pratica creativa, il simbolico trova forma e significato. Sostengo le persone a riconnettersi con le proprie risorse interiori attraverso il rapporto con la natura e lo spirito.<\/p><p data-start=\"1155\" data-end=\"1481\">La mia formazione rituale e la mia pratica animista attingono alle tradizioni di guarigione indigene dell'America centrale e meridionale, nonch\u00e9 ai rituali di rispetto della terra e alle cerimonie di trasformazione. Seguo la via del fuoco - la base della tradizione temazcal e del fuoco medicinale. Questo lavoro \u00e8 completato da approcci eco-somatici e terapie corporee orientali.<\/p><p data-start=\"1483\" data-end=\"1931\">I viaggi, la curiosit\u00e0 e i continui cambiamenti hanno plasmato la mia comprensione della trasformazione come stile di vita. Non ci si pu\u00f2 aggrappare a forme fisse, perch\u00e9 esse vanno e vengono sempre, proprio come le nuvole. Dopo molte trasformazioni profonde e a volte dure, ho imparato a fidarmi della forza del cambiamento stesso, che \u00e8 una costante e una fonte di appoggio. Continuo ad affrontare le lezioni e i cambiamenti della vita con presenza, umilt\u00e0 e impegno a imparare insieme agli altri.<\/p><\/div>\n\t\t\t\t<\/div>\n\t\t\t\t\t\t\t\t<\/div>\n\t\t\t\t\t\t<\/div>\n\t\t\t\t<\/div>\n\t\t\t\t\t<\/div>\n\t\t<\/div>\n\t\t\t\t<div class=\"elementor-column elementor-col-50 elementor-top-column elementor-element elementor-element-20c17011\" data-id=\"20c17011\" data-element_type=\"column\" data-e-type=\"column\" data-settings=\"{&quot;background_background&quot;:&quot;classic&quot;}\">\n\t\t\t<div class=\"elementor-widget-wrap\">\n\t\t\t\t\t<div class=\"elementor-background-overlay\"><\/div>\n\t\t\t\t\t\t\t<\/div>\n\t\t<\/div>\n\t\t\t\t\t<\/div>\n\t\t<\/section>\n\t\t\t\t<\/div>","protected":false},"excerpt":{"rendered":"<p>Oltaria sanctuary for your being ABOUT ME Hello, I am Biliana Nahual. My work unfolds where the ancestral, the symbolic, [&hellip;]<\/p>\n","protected":false},"author":1,"featured_media":3880,"parent":0,"menu_order":0,"comment_status":"closed","ping_status":"closed","template":"elementor_header_footer","meta":{"site-sidebar-layout":"no-sidebar","site-content-layout":"page-builder","ast-site-content-layout":"full-width-container","site-content-style":"default","site-sidebar-style":"default","ast-global-header-display":"","ast-banner-title-visibility":"","ast-main-header-display":"","ast-hfb-above-header-display":"","ast-hfb-below-header-display":"","ast-hfb-mobile-header-display":"","site-post-title":"disabled","ast-breadcrumbs-content":"","ast-featured-img":"disabled","footer-sml-layout":"","ast-disable-related-posts":"","theme-transparent-header-meta":"","adv-header-id-meta":"","stick-header-meta":"","header-above-stick-meta":"","header-main-stick-meta":"","header-below-stick-meta":"","astra-migrate-meta-layouts":"set","ast-page-background-enabled":"default","ast-page-background-meta":{"desktop":{"background-color":"","background-image":"","background-repeat":"repeat","background-position":"center center","background-size":"auto","background-attachment":"scroll","background-type":"","background-media":"","overlay-type":"","overlay-color":"","overlay-opacity":"","overlay-gradient":""},"tablet":{"background-color":"","background-image":"","background-repeat":"repeat","background-position":"center center","background-size":"auto","background-attachment":"scroll","background-type":"","background-media":"","overlay-type":"","overlay-color":"","overlay-opacity":"","overlay-gradient":""},"mobile":{"background-color":"","background-image":"","background-repeat":"repeat","background-position":"center center","background-size":"auto","background-attachment":"scroll","background-type":"","background-media":"","overlay-type":"","overlay-color":"","overlay-opacity":"","overlay-gradient":""}},"ast-content-background-meta":{"desktop":{"background-color":"var(--ast-global-color-5)","background-image":"","background-repeat":"repeat","background-position":"center center","background-size":"auto","background-attachment":"scroll","background-type":"","background-media":"","overlay-type":"","overlay-color":"","overlay-opacity":"","overlay-gradient":""},"tablet":{"background-color":"var(--ast-global-color-5)","background-image":"","background-repeat":"repeat","background-position":"center center","background-size":"auto","background-attachment":"scroll","background-type":"","background-media":"","overlay-type":"","overlay-color":"","overlay-opacity":"","overlay-gradient":""},"mobile":{"background-color":"var(--ast-global-color-5)","background-image":"","background-repeat":"repeat","background-position":"center center","background-size":"auto","background-attachment":"scroll","background-type":"","background-media":"","overlay-type":"","overlay-color":"","overlay-opacity":"","overlay-gradient":""}},"_glsr_average":0,"_glsr_ranking":0,"_glsr_reviews":0,"footnotes":""},"class_list":["post-2749","page","type-page","status-publish","has-post-thumbnail","hentry"],"jetpack_sharing_enabled":true,"_links":{"self":[{"href":"https:\/\/oltaria.com\/it\/wp-json\/wp\/v2\/pages\/2749","targetHints":{"allow":["GET"]}}],"collection":[{"href":"https:\/\/oltaria.com\/it\/wp-json\/wp\/v2\/pages"}],"about":[{"href":"https:\/\/oltaria.com\/it\/wp-json\/wp\/v2\/types\/page"}],"author":[{"embeddable":true,"href":"https:\/\/oltaria.com\/it\/wp-json\/wp\/v2\/users\/1"}],"replies":[{"embeddable":true,"href":"https:\/\/oltaria.com\/it\/wp-json\/wp\/v2\/comments?post=2749"}],"version-history":[{"count":209,"href":"https:\/\/oltaria.com\/it\/wp-json\/wp\/v2\/pages\/2749\/revisions"}],"predecessor-version":[{"id":5940,"href":"https:\/\/oltaria.com\/it\/wp-json\/wp\/v2\/pages\/2749\/revisions\/5940"}],"wp:featuredmedia":[{"embeddable":true,"href":"https:\/\/oltaria.com\/it\/wp-json\/wp\/v2\/media\/3880"}],"wp:attachment":[{"href":"https:\/\/oltaria.com\/it\/wp-json\/wp\/v2\/media?parent=2749"}],"curies":[{"name":"wp","href":"https:\/\/api.w.org\/{rel}","templated":true}]}}