{"id":5093,"date":"2026-02-13T13:54:25","date_gmt":"2026-02-13T13:54:25","guid":{"rendered":"https:\/\/oltaria.com\/?page_id=5093"},"modified":"2026-04-01T19:58:19","modified_gmt":"2026-04-01T19:58:19","slug":"ancestral-connection-course","status":"publish","type":"page","link":"https:\/\/oltaria.com\/it\/ancestral-connection-course\/","title":{"rendered":"Ancestral Connection Course"},"content":{"rendered":"<div data-elementor-type=\"wp-page\" data-elementor-id=\"5093\" class=\"elementor elementor-5093\">\n\t\t\t\t<div class=\"elementor-element elementor-element-aabd4ec e-flex e-con-boxed e-con e-parent\" data-id=\"aabd4ec\" data-element_type=\"container\" data-e-type=\"container\">\n\t\t\t\t\t<div class=\"e-con-inner\">\n\t\t\t\t\t<\/div>\n\t\t\t\t<\/div>\n\t\t\t\t<section class=\"elementor-section elementor-top-section elementor-element elementor-element-615e0285 elementor-section-content-middle elementor-reverse-tablet elementor-reverse-mobile elementor-section-boxed elementor-section-height-default elementor-section-height-default\" data-id=\"615e0285\" data-element_type=\"section\" data-e-type=\"section\" data-settings=\"{&quot;background_background&quot;:&quot;classic&quot;}\">\n\t\t\t\t\t\t\t<div class=\"elementor-background-overlay\"><\/div>\n\t\t\t\t\t\t\t<div class=\"elementor-container elementor-column-gap-no\">\n\t\t\t\t\t<div class=\"elementor-column elementor-col-100 elementor-top-column elementor-element elementor-element-43cf0623\" data-id=\"43cf0623\" data-element_type=\"column\" data-e-type=\"column\">\n\t\t\t<div class=\"elementor-widget-wrap elementor-element-populated\">\n\t\t\t\t\t\t<div class=\"elementor-element elementor-element-7d6404e7 elementor-widget elementor-widget-heading\" data-id=\"7d6404e7\" data-element_type=\"widget\" data-e-type=\"widget\" data-widget_type=\"heading.default\">\n\t\t\t\t<div class=\"elementor-widget-container\">\n\t\t\t\t\t<h2 class=\"elementor-heading-title elementor-size-default\"><a href=\"https:\/\/oltaria.com\/it\/ancestral-connection-course\/\">connettendoci con i nostri saggi e benefattori\n<\/a><\/h2>\t\t\t\t<\/div>\n\t\t\t\t<\/div>\n\t\t<div class=\"elementor-element elementor-element-549fc6f e-grid e-con-boxed e-con e-parent\" data-id=\"549fc6f\" data-element_type=\"container\" data-e-type=\"container\">\n\t\t\t\t\t<div class=\"e-con-inner\">\n\t\t\t\t<div class=\"elementor-element elementor-element-7067766 elementor-widget elementor-widget-text-editor\" data-id=\"7067766\" data-element_type=\"widget\" data-e-type=\"widget\" data-widget_type=\"text-editor.default\">\n\t\t\t\t<div class=\"elementor-widget-container\">\n\t\t\t\t\t\t\t\t\t<h3 data-start=\"177\" data-end=\"225\">Introduzione al supporto ancestrale in 4 settimane<\/h3><h5 data-start=\"177\" data-end=\"225\">Online - Dal vivo - Piccolo gruppo<\/h5><p data-start=\"259\" data-end=\"459\">Nel nostro lignaggio ci sono molti tipi di antenati. Alcuni hanno portato con s\u00e9 un dolore irrisolto. E da qualche parte, all'interno della stessa stirpe, ci sono anche coloro che hanno vissuto con integrit\u00e0, resilienza, saggezza e amore.<\/p><p data-start=\"461\" data-end=\"625\"><strong>Questa offerta \u00e8 un'introduzione dolce e strutturata a<\/strong> <strong>connettersi con i Saggi e i Poveri<\/strong> - gli antenati guariti e solidali della vostra stirpe.<\/p><p data-start=\"627\" data-end=\"833\">Piuttosto che concentrarci direttamente sul trauma, iniziamo a coltivare <strong data-start=\"682\" data-end=\"722\">risorse, orientamento e stabilit\u00e0<\/strong>. Da questo terreno, un rapporto pi\u00f9 profondo con l'ascendenza pu\u00f2 svilupparsi in un modo che \u00e8 incarnato, ritmato e chiaro.<\/p><p data-start=\"1388\" data-end=\"1483\">....................................................................................................<\/p><p data-start=\"861\" data-end=\"894\">\u00a0 \u00a0<strong>Nell'arco di quattro sessioni dal vivo, ci occuperemo di:<\/strong><\/p><p data-start=\"896\" data-end=\"1160\">- Chiarire l'intenzione e orientarsi al campo ancestrale<br data-start=\"949\" data-end=\"952\" \/>- Esplorare i doni e i modelli delle linee materne e paterne<br data-start=\"1018\" data-end=\"1021\" \/>- Coltivare un rapporto fondato con antenati saggi e solidali<br data-start=\"1091\" data-end=\"1094\" \/>- Ancorare la gratitudine e la continuit\u00e0 attraverso semplici rituali<\/p><p data-start=\"1162\" data-end=\"1184\">\u00a0 \u00a0<strong>Ogni sessione comprende:<\/strong><\/p><p data-start=\"1186\" data-end=\"1386\">- pratiche dolci di radicamento somatico<br data-start=\"1222\" data-end=\"1225\" \/>- lavoro immaginale guidato\u00a0<br data-start=\"1274\" data-end=\"1277\" \/>- diario riflessivo o integrazione creativa<br data-start=\"1324\" data-end=\"1327\" \/>- spazio per la condivisione silenziosa in un contenitore di gruppo rispettoso<\/p><p data-start=\"1388\" data-end=\"1483\"><strong>Non \u00e8 un lavoro di medianit\u00e0 o di trance. \u00c8 relazionale, somatico, coinvolge l'intuizione e il discernimento personale.<\/strong><\/p>\t\t\t\t\t\t\t\t<\/div>\n\t\t\t\t<\/div>\n\t\t\t\t<div class=\"elementor-element elementor-element-f7d588b elementor-widget elementor-widget-image\" data-id=\"f7d588b\" data-element_type=\"widget\" data-e-type=\"widget\" data-widget_type=\"image.default\">\n\t\t\t\t<div class=\"elementor-widget-container\">\n\t\t\t\t\t\t\t\t\t\t\t\t\t\t\t<img fetchpriority=\"high\" decoding=\"async\" width=\"853\" height=\"957\" src=\"https:\/\/oltaria.com\/wp-content\/uploads\/2026\/02\/ancestors.jpg\" class=\"attachment-large size-large wp-image-5106\" alt=\"Ancestors\" srcset=\"https:\/\/oltaria.com\/wp-content\/uploads\/2026\/02\/ancestors.jpg 853w, https:\/\/oltaria.com\/wp-content\/uploads\/2026\/02\/ancestors-600x673.jpg 600w, https:\/\/oltaria.com\/wp-content\/uploads\/2026\/02\/ancestors-267x300.jpg 267w, https:\/\/oltaria.com\/wp-content\/uploads\/2026\/02\/ancestors-768x862.jpg 768w\" sizes=\"(max-width: 853px) 100vw, 853px\" title=\"\">\t\t\t\t\t\t\t\t\t\t\t\t\t\t\t<\/div>\n\t\t\t\t<\/div>\n\t\t\t\t\t<\/div>\n\t\t\t\t<\/div>\n\t\t\t\t<div class=\"elementor-element elementor-element-e2154ca elementor-widget-divider--view-line elementor-widget elementor-widget-divider\" data-id=\"e2154ca\" data-element_type=\"widget\" data-e-type=\"widget\" data-widget_type=\"divider.default\">\n\t\t\t\t<div class=\"elementor-widget-container\">\n\t\t\t\t\t\t\t<div class=\"elementor-divider\">\n\t\t\t<span class=\"elementor-divider-separator\">\n\t\t\t\t\t\t<\/span>\n\t\t<\/div>\n\t\t\t\t\t\t<\/div>\n\t\t\t\t<\/div>\n\t\t<div class=\"elementor-element elementor-element-b5b6ad7 e-grid e-con-boxed e-con e-parent\" data-id=\"b5b6ad7\" data-element_type=\"container\" data-e-type=\"container\">\n\t\t\t\t\t<div class=\"e-con-inner\">\n\t\t\t\t<div class=\"elementor-element elementor-element-c77d3e0 elementor-widget elementor-widget-text-editor\" data-id=\"c77d3e0\" data-element_type=\"widget\" data-e-type=\"widget\" data-widget_type=\"text-editor.default\">\n\t\t\t\t<div class=\"elementor-widget-container\">\n\t\t\t\t\t\t\t\t\t<h3>Questa offerta pu\u00f2 essere di supporto se:<\/h3><p data-start=\"1714\" data-end=\"1971\">- sentirsi curiosi di conoscere i propri antenati ma non sapere da dove cominciare<br data-start=\"1774\" data-end=\"1777\" \/>- desiderano connettersi con un lignaggio di supporto piuttosto che con un fardello ereditario<br data-start=\"1847\" data-end=\"1850\" \/>- cercare un approccio graduale e incarnato piuttosto che uno scavo intenso<br data-start=\"1914\" data-end=\"1917\" \/>- sensazione che una guarigione ancestrale pi\u00f9 profonda stia chiamando<\/p><p data-start=\"1973\" data-end=\"2066\">Questo contenitore pu\u00f2 essere autonomo o servire come preparazione per un lavoro di integrazione ancestrale pi\u00f9 profondo.<\/p>\t\t\t\t\t\t\t\t<\/div>\n\t\t\t\t<\/div>\n\t\t\t\t<div class=\"elementor-element elementor-element-ae9cad4 elementor-widget elementor-widget-text-editor\" data-id=\"ae9cad4\" data-element_type=\"widget\" data-e-type=\"widget\" data-widget_type=\"text-editor.default\">\n\t\t\t\t<div class=\"elementor-widget-container\">\n\t\t\t\t\t\t\t\t\t<h3 data-start=\"2073\" data-end=\"2087\">Informazioni e registrazione<\/h3><p data-start=\"2089\" data-end=\"2095\"><strong>Prezzo: 120 euro\u00a0<\/strong> (I posti sono limitati per mantenere l'intimit\u00e0 e la profondit\u00e0).<br \/><strong>Date: Per saperne di pi\u00f9 sulle date e sulle iscrizioni, contattatemi.\u00a0<br \/>Orario: 19-20 ore CET<br \/><\/strong><\/p>\t\t\t\t\t\t\t\t<\/div>\n\t\t\t\t<\/div>\n\t\t\t\t\t<\/div>\n\t\t\t\t<\/div>\n\t\t\t\t\t<\/div>\n\t\t<\/div>\n\t\t\t\t\t<\/div>\n\t\t<\/section>\n\t\t<div class=\"elementor-element elementor-element-274f44d e-flex e-con-boxed e-con e-parent\" data-id=\"274f44d\" data-element_type=\"container\" data-e-type=\"container\">\n\t\t\t\t\t<div class=\"e-con-inner\">\n\t\t\t\t<div class=\"elementor-element elementor-element-1b07736 elementor-widget elementor-widget-text-editor\" data-id=\"1b07736\" data-element_type=\"widget\" data-e-type=\"widget\" data-widget_type=\"text-editor.default\">\n\t\t\t\t<div class=\"elementor-widget-container\">\n\t\t\t\t\t\t\t\t\t<h5>SE VOLETE SAPERNE DI PI\u00d9 SULLA GUARIGIONE DEL LIGNAGGIO ANCESTRALE GUARDATE LA PAGINA DELLE OFFERTE O IL LINK QUI<\/h5>\t\t\t\t\t\t\t\t<\/div>\n\t\t\t\t<\/div>\n\t\t\t\t<div class=\"elementor-element elementor-element-f0eb201 elementor-align-center elementor-widget elementor-widget-button\" data-id=\"f0eb201\" data-element_type=\"widget\" data-e-type=\"widget\" data-widget_type=\"button.default\">\n\t\t\t\t<div class=\"elementor-widget-container\">\n\t\t\t\t\t\t\t\t\t<div class=\"elementor-button-wrapper\">\n\t\t\t\t\t<a class=\"elementor-button elementor-button-link elementor-size-sm\" href=\"https:\/\/oltaria.com\/it\/ancestral-healing-sessions\/\">\n\t\t\t\t\t\t<span class=\"elementor-button-content-wrapper\">\n\t\t\t\t\t\t\t\t\t<span class=\"elementor-button-text\">Clicca qui<\/span>\n\t\t\t\t\t<\/span>\n\t\t\t\t\t<\/a>\n\t\t\t\t<\/div>\n\t\t\t\t\t\t\t\t<\/div>\n\t\t\t\t<\/div>\n\t\t\t\t\t<\/div>\n\t\t\t\t<\/div>\n\t\t\t\t<\/div>","protected":false},"excerpt":{"rendered":"<p>connecting with our wise and well Ones A 4-Week Introduction to Ancestral Support Online \u00b7 Live \u00b7 Small Group There [&hellip;]<\/p>\n","protected":false},"author":1,"featured_media":0,"parent":0,"menu_order":0,"comment_status":"closed","ping_status":"closed","template":"","meta":{"site-sidebar-layout":"no-sidebar","site-content-layout":"page-builder","ast-site-content-layout":"full-width-container","site-content-style":"default","site-sidebar-style":"default","ast-global-header-display":"","ast-banner-title-visibility":"","ast-main-header-display":"","ast-hfb-above-header-display":"","ast-hfb-below-header-display":"","ast-hfb-mobile-header-display":"","site-post-title":"disabled","ast-breadcrumbs-content":"","ast-featured-img":"disabled","footer-sml-layout":"","ast-disable-related-posts":"","theme-transparent-header-meta":"","adv-header-id-meta":"","stick-header-meta":"","header-above-stick-meta":"","header-main-stick-meta":"","header-below-stick-meta":"","astra-migrate-meta-layouts":"set","ast-page-background-enabled":"default","ast-page-background-meta":{"desktop":{"background-color":"","background-image":"","background-repeat":"repeat","background-position":"center center","background-size":"auto","background-attachment":"scroll","background-type":"","background-media":"","overlay-type":"","overlay-color":"","overlay-opacity":"","overlay-gradient":""},"tablet":{"background-color":"","background-image":"","background-repeat":"repeat","background-position":"center center","background-size":"auto","background-attachment":"scroll","background-type":"","background-media":"","overlay-type":"","overlay-color":"","overlay-opacity":"","overlay-gradient":""},"mobile":{"background-color":"","background-image":"","background-repeat":"repeat","background-position":"center center","background-size":"auto","background-attachment":"scroll","background-type":"","background-media":"","overlay-type":"","overlay-color":"","overlay-opacity":"","overlay-gradient":""}},"ast-content-background-meta":{"desktop":{"background-color":"var(--ast-global-color-5)","background-image":"","background-repeat":"repeat","background-position":"center center","background-size":"auto","background-attachment":"scroll","background-type":"","background-media":"","overlay-type":"","overlay-color":"","overlay-opacity":"","overlay-gradient":""},"tablet":{"background-color":"var(--ast-global-color-5)","background-image":"","background-repeat":"repeat","background-position":"center center","background-size":"auto","background-attachment":"scroll","background-type":"","background-media":"","overlay-type":"","overlay-color":"","overlay-opacity":"","overlay-gradient":""},"mobile":{"background-color":"var(--ast-global-color-5)","background-image":"","background-repeat":"repeat","background-position":"center center","background-size":"auto","background-attachment":"scroll","background-type":"","background-media":"","overlay-type":"","overlay-color":"","overlay-opacity":"","overlay-gradient":""}},"_glsr_average":0,"_glsr_ranking":0,"_glsr_reviews":0,"footnotes":""},"class_list":["post-5093","page","type-page","status-publish","hentry"],"jetpack_sharing_enabled":true,"_links":{"self":[{"href":"https:\/\/oltaria.com\/it\/wp-json\/wp\/v2\/pages\/5093","targetHints":{"allow":["GET"]}}],"collection":[{"href":"https:\/\/oltaria.com\/it\/wp-json\/wp\/v2\/pages"}],"about":[{"href":"https:\/\/oltaria.com\/it\/wp-json\/wp\/v2\/types\/page"}],"author":[{"embeddable":true,"href":"https:\/\/oltaria.com\/it\/wp-json\/wp\/v2\/users\/1"}],"replies":[{"embeddable":true,"href":"https:\/\/oltaria.com\/it\/wp-json\/wp\/v2\/comments?post=5093"}],"version-history":[{"count":58,"href":"https:\/\/oltaria.com\/it\/wp-json\/wp\/v2\/pages\/5093\/revisions"}],"predecessor-version":[{"id":5899,"href":"https:\/\/oltaria.com\/it\/wp-json\/wp\/v2\/pages\/5093\/revisions\/5899"}],"wp:attachment":[{"href":"https:\/\/oltaria.com\/it\/wp-json\/wp\/v2\/media?parent=5093"}],"curies":[{"name":"wp","href":"https:\/\/api.w.org\/{rel}","templated":true}]}}